{"id":22456,"date":"2022-08-29T12:08:12","date_gmt":"2022-08-29T15:08:12","guid":{"rendered":"https:\/\/www.mariposacartonera.com.br\/site\/?post_type=product&#038;p=22456"},"modified":"2025-07-01T10:15:51","modified_gmt":"2025-07-01T13:15:51","slug":"ave-sangria-e-outras-batalhas","status":"publish","type":"product","link":"https:\/\/www.mariposacartonera.com.br\/site\/produto\/ave-sangria-e-outras-batalhas\/","title":{"rendered":"Ave Sangria e outras batalhas"},"content":{"rendered":"<p><b>Ave Sangria e outras batalhas<br \/>\n<\/b>Marco Polo Guimar\u00e3es<br \/>\nISBN:978-65-86432-00-8<br \/>\nMem\u00f3rias<br \/>\n52 pp.<\/p>\n","protected":false},"excerpt":{"rendered":"<p>Este livro conta a hist\u00f3ria da ascens\u00e3o, queda e renascimento do Ave Sangria, uma das bandas mais m\u00edticas do rock psicod\u00e9lico brasileiro e que teve uma carreira inicial mete\u00f3rica nos anos 1970, quando por conta da censura de uma de suas m\u00fasicas teve que interromper sua carreira. Nos anos 2000, no entanto, a partir de f\u00e3s jovens na internet, a banda foi redescoberta e voltou \u00e0 ativa, uma verdadeira f\u00eanix. Marco Polo Guimar\u00e3es, vocalista e membro fundador conta neste livro tamb\u00e9m sua inicia\u00e7\u00e3o como artista e um pouco dos anos de persegui\u00e7\u00e3o da ditadura.<\/p>\n<p>Capas com serigrafia de Paulinho do Amparo.<\/p>\n<p>&nbsp;<\/p>\n","protected":false},"featured_media":22458,"comment_status":"open","ping_status":"closed","template":"","meta":[],"product_brand":[],"product_cat":[436],"product_tag":[438,437,439,440],"class_list":{"0":"post-22456","1":"product","2":"type-product","3":"status-publish","4":"has-post-thumbnail","6":"product_cat-memorias","7":"product_tag-ave-sangria","8":"product_tag-marco-polo-guimaraes","9":"product_tag-memorias","10":"product_tag-nao-ficcao","11":"product_shipping_class-impresso-registro-modico","13":"first","14":"instock","15":"featured","16":"shipping-taxable","17":"purchasable","18":"product-type-simple"},"yoast_head":"<!-- This site is optimized with the Yoast SEO plugin v27.4 - https:\/\/yoast.com\/product\/yoast-seo-wordpress\/ -->\n<title>Ave Sangria e outras batalhas | Mariposa Cartonera<\/title>\n<meta name=\"description\" content=\"As mem\u00f3rias de Marco Polo Guimar\u00e3es e de sua forma\u00e7\u00e3o art\u00edstica como l\u00edder da lend\u00e1ria banda Ave Sangria em meio \u00e0 ditadura no Brasil.\" \/>\n<meta name=\"robots\" content=\"index, follow, max-snippet:-1, max-image-preview:large, max-video-preview:-1\" \/>\n<link rel=\"canonical\" href=\"https:\/\/www.mariposacartonera.com.br\/site\/produto\/ave-sangria-e-outras-batalhas\/\" \/>\n<meta property=\"og:locale\" content=\"pt_BR\" \/>\n<meta property=\"og:type\" content=\"article\" \/>\n<meta property=\"og:title\" content=\"Ave Sangria e outras batalhas | Mariposa Cartonera\" \/>\n<meta property=\"og:description\" content=\"As mem\u00f3rias de Marco Polo Guimar\u00e3es e de sua forma\u00e7\u00e3o art\u00edstica como l\u00edder da lend\u00e1ria banda Ave Sangria em meio \u00e0 ditadura no Brasil.\" \/>\n<meta property=\"og:url\" content=\"https:\/\/www.mariposacartonera.com.br\/site\/produto\/ave-sangria-e-outras-batalhas\/\" \/>\n<meta property=\"og:site_name\" content=\"Mariposa Cartonera\" \/>\n<meta property=\"article:publisher\" content=\"https:\/\/www.facebook.com\/mariposacartonera\" \/>\n<meta property=\"article:modified_time\" content=\"2025-07-01T13:15:51+00:00\" \/>\n<meta property=\"og:image\" content=\"https:\/\/www.mariposacartonera.com.br\/site\/wp-content\/uploads\/2022\/08\/AVESANGRIA.jpg\" \/>\n\t<meta property=\"og:image:width\" content=\"400\" \/>\n\t<meta property=\"og:image:height\" content=\"564\" \/>\n\t<meta property=\"og:image:type\" content=\"image\/jpeg\" \/>\n<meta name=\"twitter:card\" content=\"summary_large_image\" \/>\n<meta name=\"twitter:site\" content=\"@MariCartonera\" \/>\n<meta name=\"twitter:label1\" content=\"Est. tempo de leitura\" \/>\n\t<meta name=\"twitter:data1\" content=\"1 minuto\" \/>\n<script type=\"application\/ld+json\" class=\"yoast-schema-graph\">{\"@context\":\"https:\\\/\\\/schema.org\",\"@graph\":[{\"@type\":\"WebPage\",\"@id\":\"https:\\\/\\\/www.mariposacartonera.com.br\\\/site\\\/produto\\\/ave-sangria-e-outras-batalhas\\\/\",\"url\":\"https:\\\/\\\/www.mariposacartonera.com.br\\\/site\\\/produto\\\/ave-sangria-e-outras-batalhas\\\/\",\"name\":\"Ave Sangria e outras batalhas | Mariposa Cartonera\",\"isPartOf\":{\"@id\":\"https:\\\/\\\/www.mariposacartonera.com.br\\\/site\\\/#website\"},\"primaryImageOfPage\":{\"@id\":\"https:\\\/\\\/www.mariposacartonera.com.br\\\/site\\\/produto\\\/ave-sangria-e-outras-batalhas\\\/#primaryimage\"},\"image\":{\"@id\":\"https:\\\/\\\/www.mariposacartonera.com.br\\\/site\\\/produto\\\/ave-sangria-e-outras-batalhas\\\/#primaryimage\"},\"thumbnailUrl\":\"https:\\\/\\\/i0.wp.com\\\/www.mariposacartonera.com.br\\\/site\\\/wp-content\\\/uploads\\\/2022\\\/08\\\/AVESANGRIA.jpg?fit=400%2C564&ssl=1\",\"datePublished\":\"2022-08-29T15:08:12+00:00\",\"dateModified\":\"2025-07-01T13:15:51+00:00\",\"description\":\"As mem\u00f3rias de Marco Polo Guimar\u00e3es e de sua forma\u00e7\u00e3o art\u00edstica como l\u00edder da lend\u00e1ria banda Ave Sangria em meio \u00e0 ditadura no Brasil.\",\"breadcrumb\":{\"@id\":\"https:\\\/\\\/www.mariposacartonera.com.br\\\/site\\\/produto\\\/ave-sangria-e-outras-batalhas\\\/#breadcrumb\"},\"inLanguage\":\"pt-BR\",\"potentialAction\":[{\"@type\":\"ReadAction\",\"target\":[\"https:\\\/\\\/www.mariposacartonera.com.br\\\/site\\\/produto\\\/ave-sangria-e-outras-batalhas\\\/\"]}]},{\"@type\":\"ImageObject\",\"inLanguage\":\"pt-BR\",\"@id\":\"https:\\\/\\\/www.mariposacartonera.com.br\\\/site\\\/produto\\\/ave-sangria-e-outras-batalhas\\\/#primaryimage\",\"url\":\"https:\\\/\\\/i0.wp.com\\\/www.mariposacartonera.com.br\\\/site\\\/wp-content\\\/uploads\\\/2022\\\/08\\\/AVESANGRIA.jpg?fit=400%2C564&ssl=1\",\"contentUrl\":\"https:\\\/\\\/i0.wp.com\\\/www.mariposacartonera.com.br\\\/site\\\/wp-content\\\/uploads\\\/2022\\\/08\\\/AVESANGRIA.jpg?fit=400%2C564&ssl=1\",\"width\":400,\"height\":564},{\"@type\":\"BreadcrumbList\",\"@id\":\"https:\\\/\\\/www.mariposacartonera.com.br\\\/site\\\/produto\\\/ave-sangria-e-outras-batalhas\\\/#breadcrumb\",\"itemListElement\":[{\"@type\":\"ListItem\",\"position\":1,\"name\":\"In\u00edcio\",\"item\":\"https:\\\/\\\/www.mariposacartonera.com.br\\\/site\\\/\"},{\"@type\":\"ListItem\",\"position\":2,\"name\":\"Loja\",\"item\":\"https:\\\/\\\/www.mariposacartonera.com.br\\\/site\\\/loja\\\/\"},{\"@type\":\"ListItem\",\"position\":3,\"name\":\"Ave Sangria e outras batalhas\"}]},{\"@type\":\"WebSite\",\"@id\":\"https:\\\/\\\/www.mariposacartonera.com.br\\\/site\\\/#website\",\"url\":\"https:\\\/\\\/www.mariposacartonera.com.br\\\/site\\\/\",\"name\":\"Mariposa Cartonera\",\"description\":\"Site da editora Mariposa Cartonera\",\"publisher\":{\"@id\":\"https:\\\/\\\/www.mariposacartonera.com.br\\\/site\\\/#organization\"},\"potentialAction\":[{\"@type\":\"SearchAction\",\"target\":{\"@type\":\"EntryPoint\",\"urlTemplate\":\"https:\\\/\\\/www.mariposacartonera.com.br\\\/site\\\/?s={search_term_string}\"},\"query-input\":{\"@type\":\"PropertyValueSpecification\",\"valueRequired\":true,\"valueName\":\"search_term_string\"}}],\"inLanguage\":\"pt-BR\"},{\"@type\":\"Organization\",\"@id\":\"https:\\\/\\\/www.mariposacartonera.com.br\\\/site\\\/#organization\",\"name\":\"Mariposa Cartonera\",\"url\":\"https:\\\/\\\/www.mariposacartonera.com.br\\\/site\\\/\",\"logo\":{\"@type\":\"ImageObject\",\"inLanguage\":\"pt-BR\",\"@id\":\"https:\\\/\\\/www.mariposacartonera.com.br\\\/site\\\/#\\\/schema\\\/logo\\\/image\\\/\",\"url\":\"https:\\\/\\\/i0.wp.com\\\/www.mariposacartonera.com.br\\\/site\\\/wp-content\\\/uploads\\\/2014\\\/10\\\/MarcaMariposaVERD1.png?fit=150%2C80&ssl=1\",\"contentUrl\":\"https:\\\/\\\/i0.wp.com\\\/www.mariposacartonera.com.br\\\/site\\\/wp-content\\\/uploads\\\/2014\\\/10\\\/MarcaMariposaVERD1.png?fit=150%2C80&ssl=1\",\"width\":150,\"height\":80,\"caption\":\"Mariposa Cartonera\"},\"image\":{\"@id\":\"https:\\\/\\\/www.mariposacartonera.com.br\\\/site\\\/#\\\/schema\\\/logo\\\/image\\\/\"},\"sameAs\":[\"https:\\\/\\\/www.facebook.com\\\/mariposacartonera\",\"https:\\\/\\\/x.com\\\/MariCartonera\",\"https:\\\/\\\/instagram.com\\\/mariposacartonera\"]}]}<\/script>\n<!-- \/ Yoast SEO plugin. -->","yoast_head_json":{"title":"Ave Sangria e outras batalhas | Mariposa Cartonera","description":"As mem\u00f3rias de Marco Polo Guimar\u00e3es e de sua forma\u00e7\u00e3o art\u00edstica como l\u00edder da lend\u00e1ria banda Ave Sangria em meio \u00e0 ditadura no Brasil.","robots":{"index":"index","follow":"follow","max-snippet":"max-snippet:-1","max-image-preview":"max-image-preview:large","max-video-preview":"max-video-preview:-1"},"canonical":"https:\/\/www.mariposacartonera.com.br\/site\/produto\/ave-sangria-e-outras-batalhas\/","og_locale":"pt_BR","og_type":"article","og_title":"Ave Sangria e outras batalhas | Mariposa Cartonera","og_description":"As mem\u00f3rias de Marco Polo Guimar\u00e3es e de sua forma\u00e7\u00e3o art\u00edstica como l\u00edder da lend\u00e1ria banda Ave Sangria em meio \u00e0 ditadura no Brasil.","og_url":"https:\/\/www.mariposacartonera.com.br\/site\/produto\/ave-sangria-e-outras-batalhas\/","og_site_name":"Mariposa Cartonera","article_publisher":"https:\/\/www.facebook.com\/mariposacartonera","article_modified_time":"2025-07-01T13:15:51+00:00","og_image":[{"width":400,"height":564,"url":"https:\/\/www.mariposacartonera.com.br\/site\/wp-content\/uploads\/2022\/08\/AVESANGRIA.jpg","type":"image\/jpeg"}],"twitter_card":"summary_large_image","twitter_site":"@MariCartonera","twitter_misc":{"Est. tempo de leitura":"1 minuto"},"schema":{"@context":"https:\/\/schema.org","@graph":[{"@type":"WebPage","@id":"https:\/\/www.mariposacartonera.com.br\/site\/produto\/ave-sangria-e-outras-batalhas\/","url":"https:\/\/www.mariposacartonera.com.br\/site\/produto\/ave-sangria-e-outras-batalhas\/","name":"Ave Sangria e outras batalhas | Mariposa Cartonera","isPartOf":{"@id":"https:\/\/www.mariposacartonera.com.br\/site\/#website"},"primaryImageOfPage":{"@id":"https:\/\/www.mariposacartonera.com.br\/site\/produto\/ave-sangria-e-outras-batalhas\/#primaryimage"},"image":{"@id":"https:\/\/www.mariposacartonera.com.br\/site\/produto\/ave-sangria-e-outras-batalhas\/#primaryimage"},"thumbnailUrl":"https:\/\/i0.wp.com\/www.mariposacartonera.com.br\/site\/wp-content\/uploads\/2022\/08\/AVESANGRIA.jpg?fit=400%2C564&ssl=1","datePublished":"2022-08-29T15:08:12+00:00","dateModified":"2025-07-01T13:15:51+00:00","description":"As mem\u00f3rias de Marco Polo Guimar\u00e3es e de sua forma\u00e7\u00e3o art\u00edstica como l\u00edder da lend\u00e1ria banda Ave Sangria em meio \u00e0 ditadura no Brasil.","breadcrumb":{"@id":"https:\/\/www.mariposacartonera.com.br\/site\/produto\/ave-sangria-e-outras-batalhas\/#breadcrumb"},"inLanguage":"pt-BR","potentialAction":[{"@type":"ReadAction","target":["https:\/\/www.mariposacartonera.com.br\/site\/produto\/ave-sangria-e-outras-batalhas\/"]}]},{"@type":"ImageObject","inLanguage":"pt-BR","@id":"https:\/\/www.mariposacartonera.com.br\/site\/produto\/ave-sangria-e-outras-batalhas\/#primaryimage","url":"https:\/\/i0.wp.com\/www.mariposacartonera.com.br\/site\/wp-content\/uploads\/2022\/08\/AVESANGRIA.jpg?fit=400%2C564&ssl=1","contentUrl":"https:\/\/i0.wp.com\/www.mariposacartonera.com.br\/site\/wp-content\/uploads\/2022\/08\/AVESANGRIA.jpg?fit=400%2C564&ssl=1","width":400,"height":564},{"@type":"BreadcrumbList","@id":"https:\/\/www.mariposacartonera.com.br\/site\/produto\/ave-sangria-e-outras-batalhas\/#breadcrumb","itemListElement":[{"@type":"ListItem","position":1,"name":"In\u00edcio","item":"https:\/\/www.mariposacartonera.com.br\/site\/"},{"@type":"ListItem","position":2,"name":"Loja","item":"https:\/\/www.mariposacartonera.com.br\/site\/loja\/"},{"@type":"ListItem","position":3,"name":"Ave Sangria e outras batalhas"}]},{"@type":"WebSite","@id":"https:\/\/www.mariposacartonera.com.br\/site\/#website","url":"https:\/\/www.mariposacartonera.com.br\/site\/","name":"Mariposa Cartonera","description":"Site da editora Mariposa Cartonera","publisher":{"@id":"https:\/\/www.mariposacartonera.com.br\/site\/#organization"},"potentialAction":[{"@type":"SearchAction","target":{"@type":"EntryPoint","urlTemplate":"https:\/\/www.mariposacartonera.com.br\/site\/?s={search_term_string}"},"query-input":{"@type":"PropertyValueSpecification","valueRequired":true,"valueName":"search_term_string"}}],"inLanguage":"pt-BR"},{"@type":"Organization","@id":"https:\/\/www.mariposacartonera.com.br\/site\/#organization","name":"Mariposa Cartonera","url":"https:\/\/www.mariposacartonera.com.br\/site\/","logo":{"@type":"ImageObject","inLanguage":"pt-BR","@id":"https:\/\/www.mariposacartonera.com.br\/site\/#\/schema\/logo\/image\/","url":"https:\/\/i0.wp.com\/www.mariposacartonera.com.br\/site\/wp-content\/uploads\/2014\/10\/MarcaMariposaVERD1.png?fit=150%2C80&ssl=1","contentUrl":"https:\/\/i0.wp.com\/www.mariposacartonera.com.br\/site\/wp-content\/uploads\/2014\/10\/MarcaMariposaVERD1.png?fit=150%2C80&ssl=1","width":150,"height":80,"caption":"Mariposa Cartonera"},"image":{"@id":"https:\/\/www.mariposacartonera.com.br\/site\/#\/schema\/logo\/image\/"},"sameAs":["https:\/\/www.facebook.com\/mariposacartonera","https:\/\/x.com\/MariCartonera","https:\/\/instagram.com\/mariposacartonera"]}]}},"jetpack-related-posts":[],"jetpack_sharing_enabled":true,"_links":{"self":[{"href":"https:\/\/www.mariposacartonera.com.br\/site\/wp-json\/wp\/v2\/product\/22456","targetHints":{"allow":["GET"]}}],"collection":[{"href":"https:\/\/www.mariposacartonera.com.br\/site\/wp-json\/wp\/v2\/product"}],"about":[{"href":"https:\/\/www.mariposacartonera.com.br\/site\/wp-json\/wp\/v2\/types\/product"}],"replies":[{"embeddable":true,"href":"https:\/\/www.mariposacartonera.com.br\/site\/wp-json\/wp\/v2\/comments?post=22456"}],"wp:featuredmedia":[{"embeddable":true,"href":"https:\/\/www.mariposacartonera.com.br\/site\/wp-json\/wp\/v2\/media\/22458"}],"wp:attachment":[{"href":"https:\/\/www.mariposacartonera.com.br\/site\/wp-json\/wp\/v2\/media?parent=22456"}],"wp:term":[{"taxonomy":"product_brand","embeddable":true,"href":"https:\/\/www.mariposacartonera.com.br\/site\/wp-json\/wp\/v2\/product_brand?post=22456"},{"taxonomy":"product_cat","embeddable":true,"href":"https:\/\/www.mariposacartonera.com.br\/site\/wp-json\/wp\/v2\/product_cat?post=22456"},{"taxonomy":"product_tag","embeddable":true,"href":"https:\/\/www.mariposacartonera.com.br\/site\/wp-json\/wp\/v2\/product_tag?post=22456"}],"curies":[{"name":"wp","href":"https:\/\/api.w.org\/{rel}","templated":true}]}}