{"id":17994,"date":"2019-09-01T09:51:02","date_gmt":"2019-09-01T12:51:02","guid":{"rendered":"http:\/\/www.mariposacartonera.com.br.br\/site\/?post_type=product&#038;p=17994"},"modified":"2026-02-09T07:47:05","modified_gmt":"2026-02-09T10:47:05","slug":"a-mosca-no-farabeuf","status":"publish","type":"product","link":"https:\/\/www.mariposacartonera.com.br\/site\/produto\/a-mosca-no-farabeuf\/","title":{"rendered":"A mosca no farabeuf"},"content":{"rendered":"<p><strong>A mosca no farabeuf<br \/>\n<\/strong>Marina Pedrosa<br \/>\nISBN: 978-85-67947-30-3<br \/>\nNovela<br \/>\n48 pp.<\/p>\n","protected":false},"excerpt":{"rendered":"<p>Uma mosca invade o bloco cir\u00fargico. Uma s\u00e9rie de eventos faz uma estudante de medicina revisar seus conceitos sobre vida e morte, pureza e impureza, caos e controle, real e fant\u00e1stico. <em>A mosca no farabeuf<\/em> \u00e9 o livro de estreia de Marina Pedrosa. Traz uma micro novela de forma\u00e7\u00e3o, constru\u00edda com uma linguagem \u00e1gil e direta, ao mesmo tempo que sens\u00edvel e humana.<\/p>\n<p>Capas pintadas a guache com aplica\u00e7\u00e3o de serigrafia.<\/p>\n<p>&nbsp;<\/p>\n","protected":false},"featured_media":17995,"comment_status":"open","ping_status":"closed","template":"","meta":[],"product_brand":[],"product_cat":[195],"product_tag":[198,424,423],"class_list":{"0":"post-17994","1":"product","2":"type-product","3":"status-publish","4":"has-post-thumbnail","6":"product_cat-ficcao","7":"product_tag-ficcao-2","8":"product_tag-leia-mulheres","9":"product_tag-marina-pedrosa","10":"product_shipping_class-impresso-registro-modico","12":"first","13":"outofstock","14":"featured","15":"shipping-taxable","16":"purchasable","17":"product-type-simple"},"yoast_head":"<!-- This site is optimized with the Yoast SEO plugin v27.4 - https:\/\/yoast.com\/product\/yoast-seo-wordpress\/ -->\n<title>A mosca no farabeuf | Mariposa Cartonera<\/title>\n<meta name=\"description\" content=\"Uma mosca invade o bloco cir\u00fargico e faz uma estudante de medicina revisar conceitos de vida e morte, pureza e impureza, caos e controle, real e fant\u00e1stico.\" \/>\n<meta name=\"robots\" content=\"index, follow, max-snippet:-1, max-image-preview:large, max-video-preview:-1\" \/>\n<link rel=\"canonical\" href=\"https:\/\/www.mariposacartonera.com.br\/site\/produto\/a-mosca-no-farabeuf\/\" \/>\n<meta property=\"og:locale\" content=\"pt_BR\" \/>\n<meta property=\"og:type\" content=\"article\" \/>\n<meta property=\"og:title\" content=\"A mosca no farabeuf | Mariposa Cartonera\" \/>\n<meta property=\"og:description\" content=\"Uma mosca invade o bloco cir\u00fargico e faz uma estudante de medicina revisar conceitos de vida e morte, pureza e impureza, caos e controle, real e fant\u00e1stico.\" \/>\n<meta property=\"og:url\" content=\"https:\/\/www.mariposacartonera.com.br\/site\/produto\/a-mosca-no-farabeuf\/\" \/>\n<meta property=\"og:site_name\" content=\"Mariposa Cartonera\" \/>\n<meta property=\"article:publisher\" content=\"https:\/\/www.facebook.com\/mariposacartonera\" \/>\n<meta property=\"article:modified_time\" content=\"2026-02-09T10:47:05+00:00\" \/>\n<meta property=\"og:image\" content=\"https:\/\/www.mariposacartonera.com.br\/site\/wp-content\/uploads\/2019\/09\/IMG_20190901_093757791.jpg\" \/>\n\t<meta property=\"og:image:width\" content=\"453\" \/>\n\t<meta property=\"og:image:height\" content=\"621\" \/>\n\t<meta property=\"og:image:type\" content=\"image\/jpeg\" \/>\n<meta name=\"twitter:card\" content=\"summary_large_image\" \/>\n<meta name=\"twitter:site\" content=\"@MariCartonera\" \/>\n<script type=\"application\/ld+json\" class=\"yoast-schema-graph\">{\"@context\":\"https:\\\/\\\/schema.org\",\"@graph\":[{\"@type\":\"WebPage\",\"@id\":\"https:\\\/\\\/www.mariposacartonera.com.br\\\/site\\\/produto\\\/a-mosca-no-farabeuf\\\/\",\"url\":\"https:\\\/\\\/www.mariposacartonera.com.br\\\/site\\\/produto\\\/a-mosca-no-farabeuf\\\/\",\"name\":\"A mosca no farabeuf | Mariposa Cartonera\",\"isPartOf\":{\"@id\":\"https:\\\/\\\/www.mariposacartonera.com.br\\\/site\\\/#website\"},\"primaryImageOfPage\":{\"@id\":\"https:\\\/\\\/www.mariposacartonera.com.br\\\/site\\\/produto\\\/a-mosca-no-farabeuf\\\/#primaryimage\"},\"image\":{\"@id\":\"https:\\\/\\\/www.mariposacartonera.com.br\\\/site\\\/produto\\\/a-mosca-no-farabeuf\\\/#primaryimage\"},\"thumbnailUrl\":\"https:\\\/\\\/i0.wp.com\\\/www.mariposacartonera.com.br\\\/site\\\/wp-content\\\/uploads\\\/2019\\\/09\\\/IMG_20190901_093757791.jpg?fit=453%2C621&ssl=1\",\"datePublished\":\"2019-09-01T12:51:02+00:00\",\"dateModified\":\"2026-02-09T10:47:05+00:00\",\"description\":\"Uma mosca invade o bloco cir\u00fargico e faz uma estudante de medicina revisar conceitos de vida e morte, pureza e impureza, caos e controle, real e fant\u00e1stico.\",\"breadcrumb\":{\"@id\":\"https:\\\/\\\/www.mariposacartonera.com.br\\\/site\\\/produto\\\/a-mosca-no-farabeuf\\\/#breadcrumb\"},\"inLanguage\":\"pt-BR\",\"potentialAction\":[{\"@type\":\"ReadAction\",\"target\":[\"https:\\\/\\\/www.mariposacartonera.com.br\\\/site\\\/produto\\\/a-mosca-no-farabeuf\\\/\"]}]},{\"@type\":\"ImageObject\",\"inLanguage\":\"pt-BR\",\"@id\":\"https:\\\/\\\/www.mariposacartonera.com.br\\\/site\\\/produto\\\/a-mosca-no-farabeuf\\\/#primaryimage\",\"url\":\"https:\\\/\\\/i0.wp.com\\\/www.mariposacartonera.com.br\\\/site\\\/wp-content\\\/uploads\\\/2019\\\/09\\\/IMG_20190901_093757791.jpg?fit=453%2C621&ssl=1\",\"contentUrl\":\"https:\\\/\\\/i0.wp.com\\\/www.mariposacartonera.com.br\\\/site\\\/wp-content\\\/uploads\\\/2019\\\/09\\\/IMG_20190901_093757791.jpg?fit=453%2C621&ssl=1\",\"width\":453,\"height\":621,\"caption\":\"Capa do livro A mosca no farabeuf\"},{\"@type\":\"BreadcrumbList\",\"@id\":\"https:\\\/\\\/www.mariposacartonera.com.br\\\/site\\\/produto\\\/a-mosca-no-farabeuf\\\/#breadcrumb\",\"itemListElement\":[{\"@type\":\"ListItem\",\"position\":1,\"name\":\"In\u00edcio\",\"item\":\"https:\\\/\\\/www.mariposacartonera.com.br\\\/site\\\/\"},{\"@type\":\"ListItem\",\"position\":2,\"name\":\"Loja\",\"item\":\"https:\\\/\\\/www.mariposacartonera.com.br\\\/site\\\/loja\\\/\"},{\"@type\":\"ListItem\",\"position\":3,\"name\":\"A mosca no farabeuf\"}]},{\"@type\":\"WebSite\",\"@id\":\"https:\\\/\\\/www.mariposacartonera.com.br\\\/site\\\/#website\",\"url\":\"https:\\\/\\\/www.mariposacartonera.com.br\\\/site\\\/\",\"name\":\"Mariposa Cartonera\",\"description\":\"Site da editora Mariposa Cartonera\",\"publisher\":{\"@id\":\"https:\\\/\\\/www.mariposacartonera.com.br\\\/site\\\/#organization\"},\"potentialAction\":[{\"@type\":\"SearchAction\",\"target\":{\"@type\":\"EntryPoint\",\"urlTemplate\":\"https:\\\/\\\/www.mariposacartonera.com.br\\\/site\\\/?s={search_term_string}\"},\"query-input\":{\"@type\":\"PropertyValueSpecification\",\"valueRequired\":true,\"valueName\":\"search_term_string\"}}],\"inLanguage\":\"pt-BR\"},{\"@type\":\"Organization\",\"@id\":\"https:\\\/\\\/www.mariposacartonera.com.br\\\/site\\\/#organization\",\"name\":\"Mariposa Cartonera\",\"url\":\"https:\\\/\\\/www.mariposacartonera.com.br\\\/site\\\/\",\"logo\":{\"@type\":\"ImageObject\",\"inLanguage\":\"pt-BR\",\"@id\":\"https:\\\/\\\/www.mariposacartonera.com.br\\\/site\\\/#\\\/schema\\\/logo\\\/image\\\/\",\"url\":\"https:\\\/\\\/i0.wp.com\\\/www.mariposacartonera.com.br\\\/site\\\/wp-content\\\/uploads\\\/2014\\\/10\\\/MarcaMariposaVERD1.png?fit=150%2C80&ssl=1\",\"contentUrl\":\"https:\\\/\\\/i0.wp.com\\\/www.mariposacartonera.com.br\\\/site\\\/wp-content\\\/uploads\\\/2014\\\/10\\\/MarcaMariposaVERD1.png?fit=150%2C80&ssl=1\",\"width\":150,\"height\":80,\"caption\":\"Mariposa Cartonera\"},\"image\":{\"@id\":\"https:\\\/\\\/www.mariposacartonera.com.br\\\/site\\\/#\\\/schema\\\/logo\\\/image\\\/\"},\"sameAs\":[\"https:\\\/\\\/www.facebook.com\\\/mariposacartonera\",\"https:\\\/\\\/x.com\\\/MariCartonera\",\"https:\\\/\\\/instagram.com\\\/mariposacartonera\"]}]}<\/script>\n<!-- \/ Yoast SEO plugin. -->","yoast_head_json":{"title":"A mosca no farabeuf | Mariposa Cartonera","description":"Uma mosca invade o bloco cir\u00fargico e faz uma estudante de medicina revisar conceitos de vida e morte, pureza e impureza, caos e controle, real e fant\u00e1stico.","robots":{"index":"index","follow":"follow","max-snippet":"max-snippet:-1","max-image-preview":"max-image-preview:large","max-video-preview":"max-video-preview:-1"},"canonical":"https:\/\/www.mariposacartonera.com.br\/site\/produto\/a-mosca-no-farabeuf\/","og_locale":"pt_BR","og_type":"article","og_title":"A mosca no farabeuf | Mariposa Cartonera","og_description":"Uma mosca invade o bloco cir\u00fargico e faz uma estudante de medicina revisar conceitos de vida e morte, pureza e impureza, caos e controle, real e fant\u00e1stico.","og_url":"https:\/\/www.mariposacartonera.com.br\/site\/produto\/a-mosca-no-farabeuf\/","og_site_name":"Mariposa Cartonera","article_publisher":"https:\/\/www.facebook.com\/mariposacartonera","article_modified_time":"2026-02-09T10:47:05+00:00","og_image":[{"width":453,"height":621,"url":"https:\/\/www.mariposacartonera.com.br\/site\/wp-content\/uploads\/2019\/09\/IMG_20190901_093757791.jpg","type":"image\/jpeg"}],"twitter_card":"summary_large_image","twitter_site":"@MariCartonera","schema":{"@context":"https:\/\/schema.org","@graph":[{"@type":"WebPage","@id":"https:\/\/www.mariposacartonera.com.br\/site\/produto\/a-mosca-no-farabeuf\/","url":"https:\/\/www.mariposacartonera.com.br\/site\/produto\/a-mosca-no-farabeuf\/","name":"A mosca no farabeuf | Mariposa Cartonera","isPartOf":{"@id":"https:\/\/www.mariposacartonera.com.br\/site\/#website"},"primaryImageOfPage":{"@id":"https:\/\/www.mariposacartonera.com.br\/site\/produto\/a-mosca-no-farabeuf\/#primaryimage"},"image":{"@id":"https:\/\/www.mariposacartonera.com.br\/site\/produto\/a-mosca-no-farabeuf\/#primaryimage"},"thumbnailUrl":"https:\/\/i0.wp.com\/www.mariposacartonera.com.br\/site\/wp-content\/uploads\/2019\/09\/IMG_20190901_093757791.jpg?fit=453%2C621&ssl=1","datePublished":"2019-09-01T12:51:02+00:00","dateModified":"2026-02-09T10:47:05+00:00","description":"Uma mosca invade o bloco cir\u00fargico e faz uma estudante de medicina revisar conceitos de vida e morte, pureza e impureza, caos e controle, real e fant\u00e1stico.","breadcrumb":{"@id":"https:\/\/www.mariposacartonera.com.br\/site\/produto\/a-mosca-no-farabeuf\/#breadcrumb"},"inLanguage":"pt-BR","potentialAction":[{"@type":"ReadAction","target":["https:\/\/www.mariposacartonera.com.br\/site\/produto\/a-mosca-no-farabeuf\/"]}]},{"@type":"ImageObject","inLanguage":"pt-BR","@id":"https:\/\/www.mariposacartonera.com.br\/site\/produto\/a-mosca-no-farabeuf\/#primaryimage","url":"https:\/\/i0.wp.com\/www.mariposacartonera.com.br\/site\/wp-content\/uploads\/2019\/09\/IMG_20190901_093757791.jpg?fit=453%2C621&ssl=1","contentUrl":"https:\/\/i0.wp.com\/www.mariposacartonera.com.br\/site\/wp-content\/uploads\/2019\/09\/IMG_20190901_093757791.jpg?fit=453%2C621&ssl=1","width":453,"height":621,"caption":"Capa do livro A mosca no farabeuf"},{"@type":"BreadcrumbList","@id":"https:\/\/www.mariposacartonera.com.br\/site\/produto\/a-mosca-no-farabeuf\/#breadcrumb","itemListElement":[{"@type":"ListItem","position":1,"name":"In\u00edcio","item":"https:\/\/www.mariposacartonera.com.br\/site\/"},{"@type":"ListItem","position":2,"name":"Loja","item":"https:\/\/www.mariposacartonera.com.br\/site\/loja\/"},{"@type":"ListItem","position":3,"name":"A mosca no farabeuf"}]},{"@type":"WebSite","@id":"https:\/\/www.mariposacartonera.com.br\/site\/#website","url":"https:\/\/www.mariposacartonera.com.br\/site\/","name":"Mariposa Cartonera","description":"Site da editora Mariposa Cartonera","publisher":{"@id":"https:\/\/www.mariposacartonera.com.br\/site\/#organization"},"potentialAction":[{"@type":"SearchAction","target":{"@type":"EntryPoint","urlTemplate":"https:\/\/www.mariposacartonera.com.br\/site\/?s={search_term_string}"},"query-input":{"@type":"PropertyValueSpecification","valueRequired":true,"valueName":"search_term_string"}}],"inLanguage":"pt-BR"},{"@type":"Organization","@id":"https:\/\/www.mariposacartonera.com.br\/site\/#organization","name":"Mariposa Cartonera","url":"https:\/\/www.mariposacartonera.com.br\/site\/","logo":{"@type":"ImageObject","inLanguage":"pt-BR","@id":"https:\/\/www.mariposacartonera.com.br\/site\/#\/schema\/logo\/image\/","url":"https:\/\/i0.wp.com\/www.mariposacartonera.com.br\/site\/wp-content\/uploads\/2014\/10\/MarcaMariposaVERD1.png?fit=150%2C80&ssl=1","contentUrl":"https:\/\/i0.wp.com\/www.mariposacartonera.com.br\/site\/wp-content\/uploads\/2014\/10\/MarcaMariposaVERD1.png?fit=150%2C80&ssl=1","width":150,"height":80,"caption":"Mariposa Cartonera"},"image":{"@id":"https:\/\/www.mariposacartonera.com.br\/site\/#\/schema\/logo\/image\/"},"sameAs":["https:\/\/www.facebook.com\/mariposacartonera","https:\/\/x.com\/MariCartonera","https:\/\/instagram.com\/mariposacartonera"]}]}},"jetpack-related-posts":[],"jetpack_sharing_enabled":true,"_links":{"self":[{"href":"https:\/\/www.mariposacartonera.com.br\/site\/wp-json\/wp\/v2\/product\/17994","targetHints":{"allow":["GET"]}}],"collection":[{"href":"https:\/\/www.mariposacartonera.com.br\/site\/wp-json\/wp\/v2\/product"}],"about":[{"href":"https:\/\/www.mariposacartonera.com.br\/site\/wp-json\/wp\/v2\/types\/product"}],"replies":[{"embeddable":true,"href":"https:\/\/www.mariposacartonera.com.br\/site\/wp-json\/wp\/v2\/comments?post=17994"}],"wp:featuredmedia":[{"embeddable":true,"href":"https:\/\/www.mariposacartonera.com.br\/site\/wp-json\/wp\/v2\/media\/17995"}],"wp:attachment":[{"href":"https:\/\/www.mariposacartonera.com.br\/site\/wp-json\/wp\/v2\/media?parent=17994"}],"wp:term":[{"taxonomy":"product_brand","embeddable":true,"href":"https:\/\/www.mariposacartonera.com.br\/site\/wp-json\/wp\/v2\/product_brand?post=17994"},{"taxonomy":"product_cat","embeddable":true,"href":"https:\/\/www.mariposacartonera.com.br\/site\/wp-json\/wp\/v2\/product_cat?post=17994"},{"taxonomy":"product_tag","embeddable":true,"href":"https:\/\/www.mariposacartonera.com.br\/site\/wp-json\/wp\/v2\/product_tag?post=17994"}],"curies":[{"name":"wp","href":"https:\/\/api.w.org\/{rel}","templated":true}]}}