{"id":17067,"date":"2019-02-05T17:41:06","date_gmt":"2019-02-05T20:41:06","guid":{"rendered":"http:\/\/www.mariposacartonera.com.br.br\/site\/?post_type=product&#038;p=17067"},"modified":"2020-03-21T08:16:42","modified_gmt":"2020-03-21T11:16:42","slug":"vestigios-da-setima-arte","status":"publish","type":"product","link":"https:\/\/www.mariposacartonera.com.br\/site\/produto\/vestigios-da-setima-arte\/","title":{"rendered":"Vest\u00edgios da s\u00e9tima arte"},"content":{"rendered":"<p><strong>Vest\u00edgios da s\u00e9tima arte<\/strong><br \/>\nJorge Amorim<br \/>\npoemas<br \/>\n56 pp, 14,8&#215;21, 150 g.<\/p>\n","protected":false},"excerpt":{"rendered":"<p>Jorge Amorim<br \/>\npoemas<br \/>\n56 pp<\/p>\n<p><em>Vest\u00edgios da s\u00e9tima arte<\/em>, de Jorge Amorim, re\u00fane 35 poemas que remetem a obras cinematogr\u00e1ficas de v\u00e1rias \u00e9pocas, passando por cl\u00e1ssicos como <em>O s\u00e9timo selo<\/em> ou <em>Apocalypse Now. <\/em>H\u00e1 poemas que tamb\u00e9m se referem a filmes de diretores brasileiros, como <em>Pixote<\/em> e o mais recente\u00a0<em>O som ao redor<\/em>. Em seus versos, Jorge se revela um cin\u00e9filo por excel\u00eancia e apresenta uma deliciosa aula sobre o c\u00e2none cinematogr\u00e1fico do s\u00e9culo XX e um passeio por sua filmoteca pessoal e afetiva.<\/p>\n<p><strong>DOWNLOAD GRATUITO<\/strong><\/p>\n<p>&nbsp;<\/p>\n","protected":false},"featured_media":17065,"comment_status":"open","ping_status":"closed","template":"","meta":[],"product_brand":[],"product_cat":[206],"product_tag":[419,420,205,418],"class_list":{"0":"post-17067","1":"product","2":"type-product","3":"status-publish","4":"has-post-thumbnail","6":"product_cat-poesia-livros","7":"product_tag-cinema","8":"product_tag-jorge-amorim","9":"product_tag-poesia","10":"product_tag-vestigios-da-setima-arte","11":"product_shipping_class-impresso-registro-modico","13":"first","14":"instock","15":"downloadable","16":"virtual","17":"purchasable","18":"product-type-simple"},"yoast_head":"<!-- This site is optimized with the Yoast SEO plugin v27.4 - https:\/\/yoast.com\/product\/yoast-seo-wordpress\/ -->\n<title>Vest\u00edgios da s\u00e9tima arte | Mariposa Cartonera<\/title>\n<meta name=\"robots\" content=\"index, follow, max-snippet:-1, max-image-preview:large, max-video-preview:-1\" \/>\n<link rel=\"canonical\" href=\"https:\/\/www.mariposacartonera.com.br\/site\/produto\/vestigios-da-setima-arte\/\" \/>\n<meta property=\"og:locale\" content=\"pt_BR\" \/>\n<meta property=\"og:type\" content=\"article\" \/>\n<meta property=\"og:title\" content=\"Vest\u00edgios da s\u00e9tima arte | Mariposa Cartonera\" \/>\n<meta property=\"og:description\" content=\"Jorge Amorim poemas 56 pp  Vest\u00edgios da s\u00e9tima arte, de Jorge Amorim, re\u00fane 35 poemas que remetem a obras cinematogr\u00e1ficas de v\u00e1rias \u00e9pocas, passando por cl\u00e1ssicos como O s\u00e9timo selo ou Apocalypse Now. H\u00e1 poemas que tamb\u00e9m se referem a filmes de diretores brasileiros, como Pixote e o mais recente\u00a0O som ao redor. Em seus versos, Jorge se revela um cin\u00e9filo por excel\u00eancia e apresenta uma deliciosa aula sobre o c\u00e2none cinematogr\u00e1fico do s\u00e9culo XX e um passeio por sua filmoteca pessoal e afetiva.  DOWNLOAD GRATUITO  &nbsp;\" \/>\n<meta property=\"og:url\" content=\"https:\/\/www.mariposacartonera.com.br\/site\/produto\/vestigios-da-setima-arte\/\" \/>\n<meta property=\"og:site_name\" content=\"Mariposa Cartonera\" \/>\n<meta property=\"article:publisher\" content=\"https:\/\/www.facebook.com\/mariposacartonera\" \/>\n<meta property=\"article:modified_time\" content=\"2020-03-21T11:16:42+00:00\" \/>\n<meta property=\"og:image\" content=\"https:\/\/i2.wp.com\/www.mariposacartonera.com.br\/site\/wp-content\/uploads\/2019\/02\/vestigios-2.jpg?fit=1069%2C1547&ssl=1\" \/>\n\t<meta property=\"og:image:width\" content=\"1069\" \/>\n\t<meta property=\"og:image:height\" content=\"1547\" \/>\n\t<meta property=\"og:image:type\" content=\"image\/jpeg\" \/>\n<meta name=\"twitter:card\" content=\"summary_large_image\" \/>\n<meta name=\"twitter:site\" content=\"@MariCartonera\" \/>\n<script type=\"application\/ld+json\" class=\"yoast-schema-graph\">{\"@context\":\"https:\\\/\\\/schema.org\",\"@graph\":[{\"@type\":\"WebPage\",\"@id\":\"https:\\\/\\\/www.mariposacartonera.com.br\\\/site\\\/produto\\\/vestigios-da-setima-arte\\\/\",\"url\":\"https:\\\/\\\/www.mariposacartonera.com.br\\\/site\\\/produto\\\/vestigios-da-setima-arte\\\/\",\"name\":\"Vest\u00edgios da s\u00e9tima arte | Mariposa Cartonera\",\"isPartOf\":{\"@id\":\"https:\\\/\\\/www.mariposacartonera.com.br\\\/site\\\/#website\"},\"primaryImageOfPage\":{\"@id\":\"https:\\\/\\\/www.mariposacartonera.com.br\\\/site\\\/produto\\\/vestigios-da-setima-arte\\\/#primaryimage\"},\"image\":{\"@id\":\"https:\\\/\\\/www.mariposacartonera.com.br\\\/site\\\/produto\\\/vestigios-da-setima-arte\\\/#primaryimage\"},\"thumbnailUrl\":\"https:\\\/\\\/i0.wp.com\\\/www.mariposacartonera.com.br\\\/site\\\/wp-content\\\/uploads\\\/2019\\\/02\\\/vestigios-2.jpg?fit=1069%2C1547&ssl=1\",\"datePublished\":\"2019-02-05T20:41:06+00:00\",\"dateModified\":\"2020-03-21T11:16:42+00:00\",\"breadcrumb\":{\"@id\":\"https:\\\/\\\/www.mariposacartonera.com.br\\\/site\\\/produto\\\/vestigios-da-setima-arte\\\/#breadcrumb\"},\"inLanguage\":\"pt-BR\",\"potentialAction\":[{\"@type\":\"ReadAction\",\"target\":[\"https:\\\/\\\/www.mariposacartonera.com.br\\\/site\\\/produto\\\/vestigios-da-setima-arte\\\/\"]}]},{\"@type\":\"ImageObject\",\"inLanguage\":\"pt-BR\",\"@id\":\"https:\\\/\\\/www.mariposacartonera.com.br\\\/site\\\/produto\\\/vestigios-da-setima-arte\\\/#primaryimage\",\"url\":\"https:\\\/\\\/i0.wp.com\\\/www.mariposacartonera.com.br\\\/site\\\/wp-content\\\/uploads\\\/2019\\\/02\\\/vestigios-2.jpg?fit=1069%2C1547&ssl=1\",\"contentUrl\":\"https:\\\/\\\/i0.wp.com\\\/www.mariposacartonera.com.br\\\/site\\\/wp-content\\\/uploads\\\/2019\\\/02\\\/vestigios-2.jpg?fit=1069%2C1547&ssl=1\",\"width\":1069,\"height\":1547},{\"@type\":\"BreadcrumbList\",\"@id\":\"https:\\\/\\\/www.mariposacartonera.com.br\\\/site\\\/produto\\\/vestigios-da-setima-arte\\\/#breadcrumb\",\"itemListElement\":[{\"@type\":\"ListItem\",\"position\":1,\"name\":\"In\u00edcio\",\"item\":\"https:\\\/\\\/www.mariposacartonera.com.br\\\/site\\\/\"},{\"@type\":\"ListItem\",\"position\":2,\"name\":\"Loja\",\"item\":\"https:\\\/\\\/www.mariposacartonera.com.br\\\/site\\\/loja\\\/\"},{\"@type\":\"ListItem\",\"position\":3,\"name\":\"Vest\u00edgios da s\u00e9tima arte\"}]},{\"@type\":\"WebSite\",\"@id\":\"https:\\\/\\\/www.mariposacartonera.com.br\\\/site\\\/#website\",\"url\":\"https:\\\/\\\/www.mariposacartonera.com.br\\\/site\\\/\",\"name\":\"Mariposa Cartonera\",\"description\":\"Site da editora Mariposa Cartonera\",\"publisher\":{\"@id\":\"https:\\\/\\\/www.mariposacartonera.com.br\\\/site\\\/#organization\"},\"potentialAction\":[{\"@type\":\"SearchAction\",\"target\":{\"@type\":\"EntryPoint\",\"urlTemplate\":\"https:\\\/\\\/www.mariposacartonera.com.br\\\/site\\\/?s={search_term_string}\"},\"query-input\":{\"@type\":\"PropertyValueSpecification\",\"valueRequired\":true,\"valueName\":\"search_term_string\"}}],\"inLanguage\":\"pt-BR\"},{\"@type\":\"Organization\",\"@id\":\"https:\\\/\\\/www.mariposacartonera.com.br\\\/site\\\/#organization\",\"name\":\"Mariposa Cartonera\",\"url\":\"https:\\\/\\\/www.mariposacartonera.com.br\\\/site\\\/\",\"logo\":{\"@type\":\"ImageObject\",\"inLanguage\":\"pt-BR\",\"@id\":\"https:\\\/\\\/www.mariposacartonera.com.br\\\/site\\\/#\\\/schema\\\/logo\\\/image\\\/\",\"url\":\"https:\\\/\\\/i0.wp.com\\\/www.mariposacartonera.com.br\\\/site\\\/wp-content\\\/uploads\\\/2014\\\/10\\\/MarcaMariposaVERD1.png?fit=150%2C80&ssl=1\",\"contentUrl\":\"https:\\\/\\\/i0.wp.com\\\/www.mariposacartonera.com.br\\\/site\\\/wp-content\\\/uploads\\\/2014\\\/10\\\/MarcaMariposaVERD1.png?fit=150%2C80&ssl=1\",\"width\":150,\"height\":80,\"caption\":\"Mariposa Cartonera\"},\"image\":{\"@id\":\"https:\\\/\\\/www.mariposacartonera.com.br\\\/site\\\/#\\\/schema\\\/logo\\\/image\\\/\"},\"sameAs\":[\"https:\\\/\\\/www.facebook.com\\\/mariposacartonera\",\"https:\\\/\\\/x.com\\\/MariCartonera\",\"https:\\\/\\\/instagram.com\\\/mariposacartonera\"]}]}<\/script>\n<!-- \/ Yoast SEO plugin. -->","yoast_head_json":{"title":"Vest\u00edgios da s\u00e9tima arte | Mariposa Cartonera","robots":{"index":"index","follow":"follow","max-snippet":"max-snippet:-1","max-image-preview":"max-image-preview:large","max-video-preview":"max-video-preview:-1"},"canonical":"https:\/\/www.mariposacartonera.com.br\/site\/produto\/vestigios-da-setima-arte\/","og_locale":"pt_BR","og_type":"article","og_title":"Vest\u00edgios da s\u00e9tima arte | Mariposa Cartonera","og_description":"Jorge Amorim poemas 56 pp  Vest\u00edgios da s\u00e9tima arte, de Jorge Amorim, re\u00fane 35 poemas que remetem a obras cinematogr\u00e1ficas de v\u00e1rias \u00e9pocas, passando por cl\u00e1ssicos como O s\u00e9timo selo ou Apocalypse Now. H\u00e1 poemas que tamb\u00e9m se referem a filmes de diretores brasileiros, como Pixote e o mais recente\u00a0O som ao redor. Em seus versos, Jorge se revela um cin\u00e9filo por excel\u00eancia e apresenta uma deliciosa aula sobre o c\u00e2none cinematogr\u00e1fico do s\u00e9culo XX e um passeio por sua filmoteca pessoal e afetiva.  DOWNLOAD GRATUITO  &nbsp;","og_url":"https:\/\/www.mariposacartonera.com.br\/site\/produto\/vestigios-da-setima-arte\/","og_site_name":"Mariposa Cartonera","article_publisher":"https:\/\/www.facebook.com\/mariposacartonera","article_modified_time":"2020-03-21T11:16:42+00:00","og_image":[{"width":1069,"height":1547,"url":"https:\/\/i2.wp.com\/www.mariposacartonera.com.br\/site\/wp-content\/uploads\/2019\/02\/vestigios-2.jpg?fit=1069%2C1547&ssl=1","type":"image\/jpeg"}],"twitter_card":"summary_large_image","twitter_site":"@MariCartonera","schema":{"@context":"https:\/\/schema.org","@graph":[{"@type":"WebPage","@id":"https:\/\/www.mariposacartonera.com.br\/site\/produto\/vestigios-da-setima-arte\/","url":"https:\/\/www.mariposacartonera.com.br\/site\/produto\/vestigios-da-setima-arte\/","name":"Vest\u00edgios da s\u00e9tima arte | Mariposa Cartonera","isPartOf":{"@id":"https:\/\/www.mariposacartonera.com.br\/site\/#website"},"primaryImageOfPage":{"@id":"https:\/\/www.mariposacartonera.com.br\/site\/produto\/vestigios-da-setima-arte\/#primaryimage"},"image":{"@id":"https:\/\/www.mariposacartonera.com.br\/site\/produto\/vestigios-da-setima-arte\/#primaryimage"},"thumbnailUrl":"https:\/\/i0.wp.com\/www.mariposacartonera.com.br\/site\/wp-content\/uploads\/2019\/02\/vestigios-2.jpg?fit=1069%2C1547&ssl=1","datePublished":"2019-02-05T20:41:06+00:00","dateModified":"2020-03-21T11:16:42+00:00","breadcrumb":{"@id":"https:\/\/www.mariposacartonera.com.br\/site\/produto\/vestigios-da-setima-arte\/#breadcrumb"},"inLanguage":"pt-BR","potentialAction":[{"@type":"ReadAction","target":["https:\/\/www.mariposacartonera.com.br\/site\/produto\/vestigios-da-setima-arte\/"]}]},{"@type":"ImageObject","inLanguage":"pt-BR","@id":"https:\/\/www.mariposacartonera.com.br\/site\/produto\/vestigios-da-setima-arte\/#primaryimage","url":"https:\/\/i0.wp.com\/www.mariposacartonera.com.br\/site\/wp-content\/uploads\/2019\/02\/vestigios-2.jpg?fit=1069%2C1547&ssl=1","contentUrl":"https:\/\/i0.wp.com\/www.mariposacartonera.com.br\/site\/wp-content\/uploads\/2019\/02\/vestigios-2.jpg?fit=1069%2C1547&ssl=1","width":1069,"height":1547},{"@type":"BreadcrumbList","@id":"https:\/\/www.mariposacartonera.com.br\/site\/produto\/vestigios-da-setima-arte\/#breadcrumb","itemListElement":[{"@type":"ListItem","position":1,"name":"In\u00edcio","item":"https:\/\/www.mariposacartonera.com.br\/site\/"},{"@type":"ListItem","position":2,"name":"Loja","item":"https:\/\/www.mariposacartonera.com.br\/site\/loja\/"},{"@type":"ListItem","position":3,"name":"Vest\u00edgios da s\u00e9tima arte"}]},{"@type":"WebSite","@id":"https:\/\/www.mariposacartonera.com.br\/site\/#website","url":"https:\/\/www.mariposacartonera.com.br\/site\/","name":"Mariposa Cartonera","description":"Site da editora Mariposa Cartonera","publisher":{"@id":"https:\/\/www.mariposacartonera.com.br\/site\/#organization"},"potentialAction":[{"@type":"SearchAction","target":{"@type":"EntryPoint","urlTemplate":"https:\/\/www.mariposacartonera.com.br\/site\/?s={search_term_string}"},"query-input":{"@type":"PropertyValueSpecification","valueRequired":true,"valueName":"search_term_string"}}],"inLanguage":"pt-BR"},{"@type":"Organization","@id":"https:\/\/www.mariposacartonera.com.br\/site\/#organization","name":"Mariposa Cartonera","url":"https:\/\/www.mariposacartonera.com.br\/site\/","logo":{"@type":"ImageObject","inLanguage":"pt-BR","@id":"https:\/\/www.mariposacartonera.com.br\/site\/#\/schema\/logo\/image\/","url":"https:\/\/i0.wp.com\/www.mariposacartonera.com.br\/site\/wp-content\/uploads\/2014\/10\/MarcaMariposaVERD1.png?fit=150%2C80&ssl=1","contentUrl":"https:\/\/i0.wp.com\/www.mariposacartonera.com.br\/site\/wp-content\/uploads\/2014\/10\/MarcaMariposaVERD1.png?fit=150%2C80&ssl=1","width":150,"height":80,"caption":"Mariposa Cartonera"},"image":{"@id":"https:\/\/www.mariposacartonera.com.br\/site\/#\/schema\/logo\/image\/"},"sameAs":["https:\/\/www.facebook.com\/mariposacartonera","https:\/\/x.com\/MariCartonera","https:\/\/instagram.com\/mariposacartonera"]}]}},"jetpack-related-posts":[],"jetpack_sharing_enabled":true,"_links":{"self":[{"href":"https:\/\/www.mariposacartonera.com.br\/site\/wp-json\/wp\/v2\/product\/17067","targetHints":{"allow":["GET"]}}],"collection":[{"href":"https:\/\/www.mariposacartonera.com.br\/site\/wp-json\/wp\/v2\/product"}],"about":[{"href":"https:\/\/www.mariposacartonera.com.br\/site\/wp-json\/wp\/v2\/types\/product"}],"replies":[{"embeddable":true,"href":"https:\/\/www.mariposacartonera.com.br\/site\/wp-json\/wp\/v2\/comments?post=17067"}],"wp:featuredmedia":[{"embeddable":true,"href":"https:\/\/www.mariposacartonera.com.br\/site\/wp-json\/wp\/v2\/media\/17065"}],"wp:attachment":[{"href":"https:\/\/www.mariposacartonera.com.br\/site\/wp-json\/wp\/v2\/media?parent=17067"}],"wp:term":[{"taxonomy":"product_brand","embeddable":true,"href":"https:\/\/www.mariposacartonera.com.br\/site\/wp-json\/wp\/v2\/product_brand?post=17067"},{"taxonomy":"product_cat","embeddable":true,"href":"https:\/\/www.mariposacartonera.com.br\/site\/wp-json\/wp\/v2\/product_cat?post=17067"},{"taxonomy":"product_tag","embeddable":true,"href":"https:\/\/www.mariposacartonera.com.br\/site\/wp-json\/wp\/v2\/product_tag?post=17067"}],"curies":[{"name":"wp","href":"https:\/\/api.w.org\/{rel}","templated":true}]}}