{"id":16986,"date":"2018-08-30T06:27:07","date_gmt":"2018-08-30T09:27:07","guid":{"rendered":"http:\/\/www.mariposacartonera.com.br.br\/site\/?post_type=product&#038;p=16986"},"modified":"2024-05-12T21:40:10","modified_gmt":"2024-05-13T00:40:10","slug":"grimm-e-perrault-para-ler","status":"publish","type":"product","link":"https:\/\/www.mariposacartonera.com.br\/site\/produto\/grimm-e-perrault-para-ler\/","title":{"rendered":"Grimm e Perrault para ler"},"content":{"rendered":"<p>Este volume re\u00fane seis contos tradicionais dos Irm\u00e3os Grimm e de Charles Perrault. Tradu\u00e7\u00e3o da professora Ana Cl\u00e1udia Suriani\u00a0 (London College) e ilustra\u00e7\u00f5es de Alicia Cuerva, que faz uma releitura dos contos de fada tradicionais, atualizando-os para nosso tempo. O livro comp\u00f5e a s\u00e9rie &#8220;Manual do Pequeno Escritor&#8221;.<\/p>\n<p><strong>Capa meramente ilustrativa, j\u00e1 que cada exemplar tem capa \u00fanica.<\/strong><\/p>\n","protected":false},"excerpt":{"rendered":"<p><strong>Grimm e Perrault para ler<\/strong><br \/>\nIrm\u00e3os Grimm e Charles Perrault<br \/>\nIlustra\u00e7\u00f5es: Alicia Cuerva<br \/>\nContos<br \/>\n64pp<\/p>\n","protected":false},"featured_media":22436,"comment_status":"open","ping_status":"closed","template":"","meta":[],"product_brand":[],"product_cat":[409],"product_tag":[380,410,411],"class_list":{"0":"post-16986","1":"product","2":"type-product","3":"status-publish","4":"has-post-thumbnail","6":"product_cat-contos-infantis","7":"product_tag-escrita-criativa","8":"product_tag-grimm","9":"product_tag-perrault","10":"product_shipping_class-impresso-registro-modico","12":"first","13":"outofstock","14":"sale","15":"featured","16":"shipping-taxable","17":"purchasable","18":"product-type-simple"},"yoast_head":"<!-- This site is optimized with the Yoast SEO plugin v27.4 - https:\/\/yoast.com\/product\/yoast-seo-wordpress\/ -->\n<title>Grimm e Perrault para ler | Mariposa Cartonera<\/title>\n<meta name=\"description\" content=\"Manual do Pequeno Escritor (vol. 2). Contos dos Irm\u00e3os Grimm e Charles Perrault. Tradu\u00e7\u00e3o: Ana Cl\u00e1udia Suriani. Ilustra\u00e7\u00f5es de Alicia Cuerva.\" \/>\n<meta name=\"robots\" content=\"index, follow, max-snippet:-1, max-image-preview:large, max-video-preview:-1\" \/>\n<link rel=\"canonical\" href=\"https:\/\/www.mariposacartonera.com.br\/site\/produto\/grimm-e-perrault-para-ler\/\" \/>\n<meta property=\"og:locale\" content=\"pt_BR\" \/>\n<meta property=\"og:type\" content=\"article\" \/>\n<meta property=\"og:title\" content=\"Grimm e Perrault para ler | Mariposa Cartonera\" \/>\n<meta property=\"og:description\" content=\"Manual do Pequeno Escritor (vol. 2). Contos dos Irm\u00e3os Grimm e Charles Perrault. Tradu\u00e7\u00e3o: Ana Cl\u00e1udia Suriani. Ilustra\u00e7\u00f5es de Alicia Cuerva.\" \/>\n<meta property=\"og:url\" content=\"https:\/\/www.mariposacartonera.com.br\/site\/produto\/grimm-e-perrault-para-ler\/\" \/>\n<meta property=\"og:site_name\" content=\"Mariposa Cartonera\" \/>\n<meta property=\"article:publisher\" content=\"https:\/\/www.facebook.com\/mariposacartonera\" \/>\n<meta property=\"article:modified_time\" content=\"2024-05-13T00:40:10+00:00\" \/>\n<meta property=\"og:image\" content=\"https:\/\/i0.wp.com\/www.mariposacartonera.com.br\/site\/wp-content\/uploads\/2018\/08\/grimm_e_perrault-e1630523033371.jpg?fit=486%2C708&ssl=1\" \/>\n\t<meta property=\"og:image:width\" content=\"486\" \/>\n\t<meta property=\"og:image:height\" content=\"708\" \/>\n\t<meta property=\"og:image:type\" content=\"image\/jpeg\" \/>\n<meta name=\"twitter:card\" content=\"summary_large_image\" \/>\n<meta name=\"twitter:site\" content=\"@MariCartonera\" \/>\n<meta name=\"twitter:label1\" content=\"Est. tempo de leitura\" \/>\n\t<meta name=\"twitter:data1\" content=\"1 minuto\" \/>\n<script type=\"application\/ld+json\" class=\"yoast-schema-graph\">{\"@context\":\"https:\\\/\\\/schema.org\",\"@graph\":[{\"@type\":\"WebPage\",\"@id\":\"https:\\\/\\\/www.mariposacartonera.com.br\\\/site\\\/produto\\\/grimm-e-perrault-para-ler\\\/\",\"url\":\"https:\\\/\\\/www.mariposacartonera.com.br\\\/site\\\/produto\\\/grimm-e-perrault-para-ler\\\/\",\"name\":\"Grimm e Perrault para ler | Mariposa Cartonera\",\"isPartOf\":{\"@id\":\"https:\\\/\\\/www.mariposacartonera.com.br\\\/site\\\/#website\"},\"primaryImageOfPage\":{\"@id\":\"https:\\\/\\\/www.mariposacartonera.com.br\\\/site\\\/produto\\\/grimm-e-perrault-para-ler\\\/#primaryimage\"},\"image\":{\"@id\":\"https:\\\/\\\/www.mariposacartonera.com.br\\\/site\\\/produto\\\/grimm-e-perrault-para-ler\\\/#primaryimage\"},\"thumbnailUrl\":\"https:\\\/\\\/i0.wp.com\\\/www.mariposacartonera.com.br\\\/site\\\/wp-content\\\/uploads\\\/2018\\\/08\\\/grimm_e_perrault-e1630523033371.jpg?fit=486%2C708&ssl=1\",\"datePublished\":\"2018-08-30T09:27:07+00:00\",\"dateModified\":\"2024-05-13T00:40:10+00:00\",\"description\":\"Manual do Pequeno Escritor (vol. 2). Contos dos Irm\u00e3os Grimm e Charles Perrault. Tradu\u00e7\u00e3o: Ana Cl\u00e1udia Suriani. Ilustra\u00e7\u00f5es de Alicia Cuerva.\",\"breadcrumb\":{\"@id\":\"https:\\\/\\\/www.mariposacartonera.com.br\\\/site\\\/produto\\\/grimm-e-perrault-para-ler\\\/#breadcrumb\"},\"inLanguage\":\"pt-BR\",\"potentialAction\":[{\"@type\":\"ReadAction\",\"target\":[\"https:\\\/\\\/www.mariposacartonera.com.br\\\/site\\\/produto\\\/grimm-e-perrault-para-ler\\\/\"]}]},{\"@type\":\"ImageObject\",\"inLanguage\":\"pt-BR\",\"@id\":\"https:\\\/\\\/www.mariposacartonera.com.br\\\/site\\\/produto\\\/grimm-e-perrault-para-ler\\\/#primaryimage\",\"url\":\"https:\\\/\\\/i0.wp.com\\\/www.mariposacartonera.com.br\\\/site\\\/wp-content\\\/uploads\\\/2018\\\/08\\\/grimm_e_perrault-e1630523033371.jpg?fit=486%2C708&ssl=1\",\"contentUrl\":\"https:\\\/\\\/i0.wp.com\\\/www.mariposacartonera.com.br\\\/site\\\/wp-content\\\/uploads\\\/2018\\\/08\\\/grimm_e_perrault-e1630523033371.jpg?fit=486%2C708&ssl=1\",\"width\":486,\"height\":708},{\"@type\":\"BreadcrumbList\",\"@id\":\"https:\\\/\\\/www.mariposacartonera.com.br\\\/site\\\/produto\\\/grimm-e-perrault-para-ler\\\/#breadcrumb\",\"itemListElement\":[{\"@type\":\"ListItem\",\"position\":1,\"name\":\"In\u00edcio\",\"item\":\"https:\\\/\\\/www.mariposacartonera.com.br\\\/site\\\/\"},{\"@type\":\"ListItem\",\"position\":2,\"name\":\"Loja\",\"item\":\"https:\\\/\\\/www.mariposacartonera.com.br\\\/site\\\/loja\\\/\"},{\"@type\":\"ListItem\",\"position\":3,\"name\":\"Grimm e Perrault para ler\"}]},{\"@type\":\"WebSite\",\"@id\":\"https:\\\/\\\/www.mariposacartonera.com.br\\\/site\\\/#website\",\"url\":\"https:\\\/\\\/www.mariposacartonera.com.br\\\/site\\\/\",\"name\":\"Mariposa Cartonera\",\"description\":\"Site da editora Mariposa Cartonera\",\"publisher\":{\"@id\":\"https:\\\/\\\/www.mariposacartonera.com.br\\\/site\\\/#organization\"},\"potentialAction\":[{\"@type\":\"SearchAction\",\"target\":{\"@type\":\"EntryPoint\",\"urlTemplate\":\"https:\\\/\\\/www.mariposacartonera.com.br\\\/site\\\/?s={search_term_string}\"},\"query-input\":{\"@type\":\"PropertyValueSpecification\",\"valueRequired\":true,\"valueName\":\"search_term_string\"}}],\"inLanguage\":\"pt-BR\"},{\"@type\":\"Organization\",\"@id\":\"https:\\\/\\\/www.mariposacartonera.com.br\\\/site\\\/#organization\",\"name\":\"Mariposa Cartonera\",\"url\":\"https:\\\/\\\/www.mariposacartonera.com.br\\\/site\\\/\",\"logo\":{\"@type\":\"ImageObject\",\"inLanguage\":\"pt-BR\",\"@id\":\"https:\\\/\\\/www.mariposacartonera.com.br\\\/site\\\/#\\\/schema\\\/logo\\\/image\\\/\",\"url\":\"https:\\\/\\\/i0.wp.com\\\/www.mariposacartonera.com.br\\\/site\\\/wp-content\\\/uploads\\\/2014\\\/10\\\/MarcaMariposaVERD1.png?fit=150%2C80&ssl=1\",\"contentUrl\":\"https:\\\/\\\/i0.wp.com\\\/www.mariposacartonera.com.br\\\/site\\\/wp-content\\\/uploads\\\/2014\\\/10\\\/MarcaMariposaVERD1.png?fit=150%2C80&ssl=1\",\"width\":150,\"height\":80,\"caption\":\"Mariposa Cartonera\"},\"image\":{\"@id\":\"https:\\\/\\\/www.mariposacartonera.com.br\\\/site\\\/#\\\/schema\\\/logo\\\/image\\\/\"},\"sameAs\":[\"https:\\\/\\\/www.facebook.com\\\/mariposacartonera\",\"https:\\\/\\\/x.com\\\/MariCartonera\",\"https:\\\/\\\/instagram.com\\\/mariposacartonera\"]}]}<\/script>\n<!-- \/ Yoast SEO plugin. -->","yoast_head_json":{"title":"Grimm e Perrault para ler | Mariposa Cartonera","description":"Manual do Pequeno Escritor (vol. 2). Contos dos Irm\u00e3os Grimm e Charles Perrault. Tradu\u00e7\u00e3o: Ana Cl\u00e1udia Suriani. Ilustra\u00e7\u00f5es de Alicia Cuerva.","robots":{"index":"index","follow":"follow","max-snippet":"max-snippet:-1","max-image-preview":"max-image-preview:large","max-video-preview":"max-video-preview:-1"},"canonical":"https:\/\/www.mariposacartonera.com.br\/site\/produto\/grimm-e-perrault-para-ler\/","og_locale":"pt_BR","og_type":"article","og_title":"Grimm e Perrault para ler | Mariposa Cartonera","og_description":"Manual do Pequeno Escritor (vol. 2). Contos dos Irm\u00e3os Grimm e Charles Perrault. Tradu\u00e7\u00e3o: Ana Cl\u00e1udia Suriani. Ilustra\u00e7\u00f5es de Alicia Cuerva.","og_url":"https:\/\/www.mariposacartonera.com.br\/site\/produto\/grimm-e-perrault-para-ler\/","og_site_name":"Mariposa Cartonera","article_publisher":"https:\/\/www.facebook.com\/mariposacartonera","article_modified_time":"2024-05-13T00:40:10+00:00","og_image":[{"width":486,"height":708,"url":"https:\/\/i0.wp.com\/www.mariposacartonera.com.br\/site\/wp-content\/uploads\/2018\/08\/grimm_e_perrault-e1630523033371.jpg?fit=486%2C708&ssl=1","type":"image\/jpeg"}],"twitter_card":"summary_large_image","twitter_site":"@MariCartonera","twitter_misc":{"Est. tempo de leitura":"1 minuto"},"schema":{"@context":"https:\/\/schema.org","@graph":[{"@type":"WebPage","@id":"https:\/\/www.mariposacartonera.com.br\/site\/produto\/grimm-e-perrault-para-ler\/","url":"https:\/\/www.mariposacartonera.com.br\/site\/produto\/grimm-e-perrault-para-ler\/","name":"Grimm e Perrault para ler | Mariposa Cartonera","isPartOf":{"@id":"https:\/\/www.mariposacartonera.com.br\/site\/#website"},"primaryImageOfPage":{"@id":"https:\/\/www.mariposacartonera.com.br\/site\/produto\/grimm-e-perrault-para-ler\/#primaryimage"},"image":{"@id":"https:\/\/www.mariposacartonera.com.br\/site\/produto\/grimm-e-perrault-para-ler\/#primaryimage"},"thumbnailUrl":"https:\/\/i0.wp.com\/www.mariposacartonera.com.br\/site\/wp-content\/uploads\/2018\/08\/grimm_e_perrault-e1630523033371.jpg?fit=486%2C708&ssl=1","datePublished":"2018-08-30T09:27:07+00:00","dateModified":"2024-05-13T00:40:10+00:00","description":"Manual do Pequeno Escritor (vol. 2). Contos dos Irm\u00e3os Grimm e Charles Perrault. Tradu\u00e7\u00e3o: Ana Cl\u00e1udia Suriani. Ilustra\u00e7\u00f5es de Alicia Cuerva.","breadcrumb":{"@id":"https:\/\/www.mariposacartonera.com.br\/site\/produto\/grimm-e-perrault-para-ler\/#breadcrumb"},"inLanguage":"pt-BR","potentialAction":[{"@type":"ReadAction","target":["https:\/\/www.mariposacartonera.com.br\/site\/produto\/grimm-e-perrault-para-ler\/"]}]},{"@type":"ImageObject","inLanguage":"pt-BR","@id":"https:\/\/www.mariposacartonera.com.br\/site\/produto\/grimm-e-perrault-para-ler\/#primaryimage","url":"https:\/\/i0.wp.com\/www.mariposacartonera.com.br\/site\/wp-content\/uploads\/2018\/08\/grimm_e_perrault-e1630523033371.jpg?fit=486%2C708&ssl=1","contentUrl":"https:\/\/i0.wp.com\/www.mariposacartonera.com.br\/site\/wp-content\/uploads\/2018\/08\/grimm_e_perrault-e1630523033371.jpg?fit=486%2C708&ssl=1","width":486,"height":708},{"@type":"BreadcrumbList","@id":"https:\/\/www.mariposacartonera.com.br\/site\/produto\/grimm-e-perrault-para-ler\/#breadcrumb","itemListElement":[{"@type":"ListItem","position":1,"name":"In\u00edcio","item":"https:\/\/www.mariposacartonera.com.br\/site\/"},{"@type":"ListItem","position":2,"name":"Loja","item":"https:\/\/www.mariposacartonera.com.br\/site\/loja\/"},{"@type":"ListItem","position":3,"name":"Grimm e Perrault para ler"}]},{"@type":"WebSite","@id":"https:\/\/www.mariposacartonera.com.br\/site\/#website","url":"https:\/\/www.mariposacartonera.com.br\/site\/","name":"Mariposa Cartonera","description":"Site da editora Mariposa Cartonera","publisher":{"@id":"https:\/\/www.mariposacartonera.com.br\/site\/#organization"},"potentialAction":[{"@type":"SearchAction","target":{"@type":"EntryPoint","urlTemplate":"https:\/\/www.mariposacartonera.com.br\/site\/?s={search_term_string}"},"query-input":{"@type":"PropertyValueSpecification","valueRequired":true,"valueName":"search_term_string"}}],"inLanguage":"pt-BR"},{"@type":"Organization","@id":"https:\/\/www.mariposacartonera.com.br\/site\/#organization","name":"Mariposa Cartonera","url":"https:\/\/www.mariposacartonera.com.br\/site\/","logo":{"@type":"ImageObject","inLanguage":"pt-BR","@id":"https:\/\/www.mariposacartonera.com.br\/site\/#\/schema\/logo\/image\/","url":"https:\/\/i0.wp.com\/www.mariposacartonera.com.br\/site\/wp-content\/uploads\/2014\/10\/MarcaMariposaVERD1.png?fit=150%2C80&ssl=1","contentUrl":"https:\/\/i0.wp.com\/www.mariposacartonera.com.br\/site\/wp-content\/uploads\/2014\/10\/MarcaMariposaVERD1.png?fit=150%2C80&ssl=1","width":150,"height":80,"caption":"Mariposa Cartonera"},"image":{"@id":"https:\/\/www.mariposacartonera.com.br\/site\/#\/schema\/logo\/image\/"},"sameAs":["https:\/\/www.facebook.com\/mariposacartonera","https:\/\/x.com\/MariCartonera","https:\/\/instagram.com\/mariposacartonera"]}]}},"jetpack-related-posts":[],"jetpack_sharing_enabled":true,"_links":{"self":[{"href":"https:\/\/www.mariposacartonera.com.br\/site\/wp-json\/wp\/v2\/product\/16986","targetHints":{"allow":["GET"]}}],"collection":[{"href":"https:\/\/www.mariposacartonera.com.br\/site\/wp-json\/wp\/v2\/product"}],"about":[{"href":"https:\/\/www.mariposacartonera.com.br\/site\/wp-json\/wp\/v2\/types\/product"}],"replies":[{"embeddable":true,"href":"https:\/\/www.mariposacartonera.com.br\/site\/wp-json\/wp\/v2\/comments?post=16986"}],"wp:featuredmedia":[{"embeddable":true,"href":"https:\/\/www.mariposacartonera.com.br\/site\/wp-json\/wp\/v2\/media\/22436"}],"wp:attachment":[{"href":"https:\/\/www.mariposacartonera.com.br\/site\/wp-json\/wp\/v2\/media?parent=16986"}],"wp:term":[{"taxonomy":"product_brand","embeddable":true,"href":"https:\/\/www.mariposacartonera.com.br\/site\/wp-json\/wp\/v2\/product_brand?post=16986"},{"taxonomy":"product_cat","embeddable":true,"href":"https:\/\/www.mariposacartonera.com.br\/site\/wp-json\/wp\/v2\/product_cat?post=16986"},{"taxonomy":"product_tag","embeddable":true,"href":"https:\/\/www.mariposacartonera.com.br\/site\/wp-json\/wp\/v2\/product_tag?post=16986"}],"curies":[{"name":"wp","href":"https:\/\/api.w.org\/{rel}","templated":true}]}}