{"id":16951,"date":"2018-08-24T15:21:12","date_gmt":"2018-08-24T18:21:12","guid":{"rendered":"http:\/\/www.mariposacartonera.com.br.br\/site\/?post_type=product&#038;p=16951"},"modified":"2026-02-26T13:08:31","modified_gmt":"2026-02-26T16:08:31","slug":"morfologia-da-dor","status":"publish","type":"product","link":"https:\/\/www.mariposacartonera.com.br\/site\/produto\/morfologia-da-dor\/","title":{"rendered":"Morfologia da dor"},"content":{"rendered":"<p><strong>Morfologia da dor<\/strong><br \/>\nJulia Larr\u00e9<br \/>\nMariposa Cartonera<br \/>\nPoesia<br \/>\n32 pp<\/p>\n","protected":false},"excerpt":{"rendered":"<p><em>Morfologia da dor<\/em>, de Julia Larr\u00e9, re\u00fane poemas minimalistas, com uma dic\u00e7\u00e3o forte e cortante de uma das novas vozes da poesia produzida em Pernambuco. Neste livro, Larr\u00e9 enfrenta de forma corajosa e singular temas como a perda, a solid\u00e3o, a maternidade, o desespero e a ang\u00fastia. A obra foi vencedora do Pr\u00eamio Nacional Mariposa Cartonera de Literatura Escrita por Mulheres.<\/p>\n<p><strong>Capa meramente ilustrativa, pertencente \u00e0 primeira edi\u00e7\u00e3o.<\/strong><\/p>\n","protected":false},"featured_media":16952,"comment_status":"open","ping_status":"closed","template":"","meta":[],"product_brand":[],"product_cat":[206],"product_tag":[407,205],"class_list":{"0":"post-16951","1":"product","2":"type-product","3":"status-publish","4":"has-post-thumbnail","6":"product_cat-poesia-livros","7":"product_tag-julia-larre","8":"product_tag-poesia","9":"product_shipping_class-impresso-registro-modico","11":"first","12":"instock","13":"featured","14":"shipping-taxable","15":"purchasable","16":"product-type-simple"},"yoast_head":"<!-- This site is optimized with the Yoast SEO plugin v27.4 - https:\/\/yoast.com\/product\/yoast-seo-wordpress\/ -->\n<title>Morfologia da dor | Mariposa Cartonera<\/title>\n<meta name=\"description\" content=\"Livro vencedor do Pr\u00eamio Nacional Mariposa Cartonera de Literatura Escrita por Mulheres (2017), com poemas da poeta pernambucana Julia Larr\u00e9\" \/>\n<meta name=\"robots\" content=\"index, follow, max-snippet:-1, max-image-preview:large, max-video-preview:-1\" \/>\n<link rel=\"canonical\" href=\"https:\/\/www.mariposacartonera.com.br\/site\/produto\/morfologia-da-dor\/\" \/>\n<meta property=\"og:locale\" content=\"pt_BR\" \/>\n<meta property=\"og:type\" content=\"article\" \/>\n<meta property=\"og:title\" content=\"Morfologia da dor | Mariposa Cartonera\" \/>\n<meta property=\"og:description\" content=\"Livro vencedor do Pr\u00eamio Nacional Mariposa Cartonera de Literatura Escrita por Mulheres (2017), com poemas da poeta pernambucana Julia Larr\u00e9\" \/>\n<meta property=\"og:url\" content=\"https:\/\/www.mariposacartonera.com.br\/site\/produto\/morfologia-da-dor\/\" \/>\n<meta property=\"og:site_name\" content=\"Mariposa Cartonera\" \/>\n<meta property=\"article:publisher\" content=\"https:\/\/www.facebook.com\/mariposacartonera\" \/>\n<meta property=\"article:modified_time\" content=\"2026-02-26T16:08:31+00:00\" \/>\n<meta property=\"og:image\" content=\"https:\/\/i0.wp.com\/www.mariposacartonera.com.br\/site\/wp-content\/uploads\/2018\/08\/morfologiadador.jpg?fit=373%2C534&ssl=1\" \/>\n\t<meta property=\"og:image:width\" content=\"373\" \/>\n\t<meta property=\"og:image:height\" content=\"534\" \/>\n\t<meta property=\"og:image:type\" content=\"image\/jpeg\" \/>\n<meta name=\"twitter:card\" content=\"summary_large_image\" \/>\n<meta name=\"twitter:site\" content=\"@MariCartonera\" \/>\n<script type=\"application\/ld+json\" class=\"yoast-schema-graph\">{\"@context\":\"https:\\\/\\\/schema.org\",\"@graph\":[{\"@type\":\"WebPage\",\"@id\":\"https:\\\/\\\/www.mariposacartonera.com.br\\\/site\\\/produto\\\/morfologia-da-dor\\\/\",\"url\":\"https:\\\/\\\/www.mariposacartonera.com.br\\\/site\\\/produto\\\/morfologia-da-dor\\\/\",\"name\":\"Morfologia da dor | Mariposa Cartonera\",\"isPartOf\":{\"@id\":\"https:\\\/\\\/www.mariposacartonera.com.br\\\/site\\\/#website\"},\"primaryImageOfPage\":{\"@id\":\"https:\\\/\\\/www.mariposacartonera.com.br\\\/site\\\/produto\\\/morfologia-da-dor\\\/#primaryimage\"},\"image\":{\"@id\":\"https:\\\/\\\/www.mariposacartonera.com.br\\\/site\\\/produto\\\/morfologia-da-dor\\\/#primaryimage\"},\"thumbnailUrl\":\"https:\\\/\\\/i0.wp.com\\\/www.mariposacartonera.com.br\\\/site\\\/wp-content\\\/uploads\\\/2018\\\/08\\\/morfologiadador.jpg?fit=373%2C534&ssl=1\",\"datePublished\":\"2018-08-24T18:21:12+00:00\",\"dateModified\":\"2026-02-26T16:08:31+00:00\",\"description\":\"Livro vencedor do Pr\u00eamio Nacional Mariposa Cartonera de Literatura Escrita por Mulheres (2017), com poemas da poeta pernambucana Julia Larr\u00e9\",\"breadcrumb\":{\"@id\":\"https:\\\/\\\/www.mariposacartonera.com.br\\\/site\\\/produto\\\/morfologia-da-dor\\\/#breadcrumb\"},\"inLanguage\":\"pt-BR\",\"potentialAction\":[{\"@type\":\"ReadAction\",\"target\":[\"https:\\\/\\\/www.mariposacartonera.com.br\\\/site\\\/produto\\\/morfologia-da-dor\\\/\"]}]},{\"@type\":\"ImageObject\",\"inLanguage\":\"pt-BR\",\"@id\":\"https:\\\/\\\/www.mariposacartonera.com.br\\\/site\\\/produto\\\/morfologia-da-dor\\\/#primaryimage\",\"url\":\"https:\\\/\\\/i0.wp.com\\\/www.mariposacartonera.com.br\\\/site\\\/wp-content\\\/uploads\\\/2018\\\/08\\\/morfologiadador.jpg?fit=373%2C534&ssl=1\",\"contentUrl\":\"https:\\\/\\\/i0.wp.com\\\/www.mariposacartonera.com.br\\\/site\\\/wp-content\\\/uploads\\\/2018\\\/08\\\/morfologiadador.jpg?fit=373%2C534&ssl=1\",\"width\":373,\"height\":534},{\"@type\":\"BreadcrumbList\",\"@id\":\"https:\\\/\\\/www.mariposacartonera.com.br\\\/site\\\/produto\\\/morfologia-da-dor\\\/#breadcrumb\",\"itemListElement\":[{\"@type\":\"ListItem\",\"position\":1,\"name\":\"In\u00edcio\",\"item\":\"https:\\\/\\\/www.mariposacartonera.com.br\\\/site\\\/\"},{\"@type\":\"ListItem\",\"position\":2,\"name\":\"Loja\",\"item\":\"https:\\\/\\\/www.mariposacartonera.com.br\\\/site\\\/loja\\\/\"},{\"@type\":\"ListItem\",\"position\":3,\"name\":\"Morfologia da dor\"}]},{\"@type\":\"WebSite\",\"@id\":\"https:\\\/\\\/www.mariposacartonera.com.br\\\/site\\\/#website\",\"url\":\"https:\\\/\\\/www.mariposacartonera.com.br\\\/site\\\/\",\"name\":\"Mariposa Cartonera\",\"description\":\"Site da editora Mariposa Cartonera\",\"publisher\":{\"@id\":\"https:\\\/\\\/www.mariposacartonera.com.br\\\/site\\\/#organization\"},\"potentialAction\":[{\"@type\":\"SearchAction\",\"target\":{\"@type\":\"EntryPoint\",\"urlTemplate\":\"https:\\\/\\\/www.mariposacartonera.com.br\\\/site\\\/?s={search_term_string}\"},\"query-input\":{\"@type\":\"PropertyValueSpecification\",\"valueRequired\":true,\"valueName\":\"search_term_string\"}}],\"inLanguage\":\"pt-BR\"},{\"@type\":\"Organization\",\"@id\":\"https:\\\/\\\/www.mariposacartonera.com.br\\\/site\\\/#organization\",\"name\":\"Mariposa Cartonera\",\"url\":\"https:\\\/\\\/www.mariposacartonera.com.br\\\/site\\\/\",\"logo\":{\"@type\":\"ImageObject\",\"inLanguage\":\"pt-BR\",\"@id\":\"https:\\\/\\\/www.mariposacartonera.com.br\\\/site\\\/#\\\/schema\\\/logo\\\/image\\\/\",\"url\":\"https:\\\/\\\/i0.wp.com\\\/www.mariposacartonera.com.br\\\/site\\\/wp-content\\\/uploads\\\/2014\\\/10\\\/MarcaMariposaVERD1.png?fit=150%2C80&ssl=1\",\"contentUrl\":\"https:\\\/\\\/i0.wp.com\\\/www.mariposacartonera.com.br\\\/site\\\/wp-content\\\/uploads\\\/2014\\\/10\\\/MarcaMariposaVERD1.png?fit=150%2C80&ssl=1\",\"width\":150,\"height\":80,\"caption\":\"Mariposa Cartonera\"},\"image\":{\"@id\":\"https:\\\/\\\/www.mariposacartonera.com.br\\\/site\\\/#\\\/schema\\\/logo\\\/image\\\/\"},\"sameAs\":[\"https:\\\/\\\/www.facebook.com\\\/mariposacartonera\",\"https:\\\/\\\/x.com\\\/MariCartonera\",\"https:\\\/\\\/instagram.com\\\/mariposacartonera\"]}]}<\/script>\n<!-- \/ Yoast SEO plugin. -->","yoast_head_json":{"title":"Morfologia da dor | Mariposa Cartonera","description":"Livro vencedor do Pr\u00eamio Nacional Mariposa Cartonera de Literatura Escrita por Mulheres (2017), com poemas da poeta pernambucana Julia Larr\u00e9","robots":{"index":"index","follow":"follow","max-snippet":"max-snippet:-1","max-image-preview":"max-image-preview:large","max-video-preview":"max-video-preview:-1"},"canonical":"https:\/\/www.mariposacartonera.com.br\/site\/produto\/morfologia-da-dor\/","og_locale":"pt_BR","og_type":"article","og_title":"Morfologia da dor | Mariposa Cartonera","og_description":"Livro vencedor do Pr\u00eamio Nacional Mariposa Cartonera de Literatura Escrita por Mulheres (2017), com poemas da poeta pernambucana Julia Larr\u00e9","og_url":"https:\/\/www.mariposacartonera.com.br\/site\/produto\/morfologia-da-dor\/","og_site_name":"Mariposa Cartonera","article_publisher":"https:\/\/www.facebook.com\/mariposacartonera","article_modified_time":"2026-02-26T16:08:31+00:00","og_image":[{"width":373,"height":534,"url":"https:\/\/i0.wp.com\/www.mariposacartonera.com.br\/site\/wp-content\/uploads\/2018\/08\/morfologiadador.jpg?fit=373%2C534&ssl=1","type":"image\/jpeg"}],"twitter_card":"summary_large_image","twitter_site":"@MariCartonera","schema":{"@context":"https:\/\/schema.org","@graph":[{"@type":"WebPage","@id":"https:\/\/www.mariposacartonera.com.br\/site\/produto\/morfologia-da-dor\/","url":"https:\/\/www.mariposacartonera.com.br\/site\/produto\/morfologia-da-dor\/","name":"Morfologia da dor | Mariposa Cartonera","isPartOf":{"@id":"https:\/\/www.mariposacartonera.com.br\/site\/#website"},"primaryImageOfPage":{"@id":"https:\/\/www.mariposacartonera.com.br\/site\/produto\/morfologia-da-dor\/#primaryimage"},"image":{"@id":"https:\/\/www.mariposacartonera.com.br\/site\/produto\/morfologia-da-dor\/#primaryimage"},"thumbnailUrl":"https:\/\/i0.wp.com\/www.mariposacartonera.com.br\/site\/wp-content\/uploads\/2018\/08\/morfologiadador.jpg?fit=373%2C534&ssl=1","datePublished":"2018-08-24T18:21:12+00:00","dateModified":"2026-02-26T16:08:31+00:00","description":"Livro vencedor do Pr\u00eamio Nacional Mariposa Cartonera de Literatura Escrita por Mulheres (2017), com poemas da poeta pernambucana Julia Larr\u00e9","breadcrumb":{"@id":"https:\/\/www.mariposacartonera.com.br\/site\/produto\/morfologia-da-dor\/#breadcrumb"},"inLanguage":"pt-BR","potentialAction":[{"@type":"ReadAction","target":["https:\/\/www.mariposacartonera.com.br\/site\/produto\/morfologia-da-dor\/"]}]},{"@type":"ImageObject","inLanguage":"pt-BR","@id":"https:\/\/www.mariposacartonera.com.br\/site\/produto\/morfologia-da-dor\/#primaryimage","url":"https:\/\/i0.wp.com\/www.mariposacartonera.com.br\/site\/wp-content\/uploads\/2018\/08\/morfologiadador.jpg?fit=373%2C534&ssl=1","contentUrl":"https:\/\/i0.wp.com\/www.mariposacartonera.com.br\/site\/wp-content\/uploads\/2018\/08\/morfologiadador.jpg?fit=373%2C534&ssl=1","width":373,"height":534},{"@type":"BreadcrumbList","@id":"https:\/\/www.mariposacartonera.com.br\/site\/produto\/morfologia-da-dor\/#breadcrumb","itemListElement":[{"@type":"ListItem","position":1,"name":"In\u00edcio","item":"https:\/\/www.mariposacartonera.com.br\/site\/"},{"@type":"ListItem","position":2,"name":"Loja","item":"https:\/\/www.mariposacartonera.com.br\/site\/loja\/"},{"@type":"ListItem","position":3,"name":"Morfologia da dor"}]},{"@type":"WebSite","@id":"https:\/\/www.mariposacartonera.com.br\/site\/#website","url":"https:\/\/www.mariposacartonera.com.br\/site\/","name":"Mariposa Cartonera","description":"Site da editora Mariposa Cartonera","publisher":{"@id":"https:\/\/www.mariposacartonera.com.br\/site\/#organization"},"potentialAction":[{"@type":"SearchAction","target":{"@type":"EntryPoint","urlTemplate":"https:\/\/www.mariposacartonera.com.br\/site\/?s={search_term_string}"},"query-input":{"@type":"PropertyValueSpecification","valueRequired":true,"valueName":"search_term_string"}}],"inLanguage":"pt-BR"},{"@type":"Organization","@id":"https:\/\/www.mariposacartonera.com.br\/site\/#organization","name":"Mariposa Cartonera","url":"https:\/\/www.mariposacartonera.com.br\/site\/","logo":{"@type":"ImageObject","inLanguage":"pt-BR","@id":"https:\/\/www.mariposacartonera.com.br\/site\/#\/schema\/logo\/image\/","url":"https:\/\/i0.wp.com\/www.mariposacartonera.com.br\/site\/wp-content\/uploads\/2014\/10\/MarcaMariposaVERD1.png?fit=150%2C80&ssl=1","contentUrl":"https:\/\/i0.wp.com\/www.mariposacartonera.com.br\/site\/wp-content\/uploads\/2014\/10\/MarcaMariposaVERD1.png?fit=150%2C80&ssl=1","width":150,"height":80,"caption":"Mariposa Cartonera"},"image":{"@id":"https:\/\/www.mariposacartonera.com.br\/site\/#\/schema\/logo\/image\/"},"sameAs":["https:\/\/www.facebook.com\/mariposacartonera","https:\/\/x.com\/MariCartonera","https:\/\/instagram.com\/mariposacartonera"]}]}},"jetpack-related-posts":[],"jetpack_sharing_enabled":true,"_links":{"self":[{"href":"https:\/\/www.mariposacartonera.com.br\/site\/wp-json\/wp\/v2\/product\/16951","targetHints":{"allow":["GET"]}}],"collection":[{"href":"https:\/\/www.mariposacartonera.com.br\/site\/wp-json\/wp\/v2\/product"}],"about":[{"href":"https:\/\/www.mariposacartonera.com.br\/site\/wp-json\/wp\/v2\/types\/product"}],"replies":[{"embeddable":true,"href":"https:\/\/www.mariposacartonera.com.br\/site\/wp-json\/wp\/v2\/comments?post=16951"}],"wp:featuredmedia":[{"embeddable":true,"href":"https:\/\/www.mariposacartonera.com.br\/site\/wp-json\/wp\/v2\/media\/16952"}],"wp:attachment":[{"href":"https:\/\/www.mariposacartonera.com.br\/site\/wp-json\/wp\/v2\/media?parent=16951"}],"wp:term":[{"taxonomy":"product_brand","embeddable":true,"href":"https:\/\/www.mariposacartonera.com.br\/site\/wp-json\/wp\/v2\/product_brand?post=16951"},{"taxonomy":"product_cat","embeddable":true,"href":"https:\/\/www.mariposacartonera.com.br\/site\/wp-json\/wp\/v2\/product_cat?post=16951"},{"taxonomy":"product_tag","embeddable":true,"href":"https:\/\/www.mariposacartonera.com.br\/site\/wp-json\/wp\/v2\/product_tag?post=16951"}],"curies":[{"name":"wp","href":"https:\/\/api.w.org\/{rel}","templated":true}]}}