{"id":16486,"date":"2016-10-16T21:49:04","date_gmt":"2016-10-17T00:49:04","guid":{"rendered":"http:\/\/www.mariposacartonera.com.br.br\/site\/?post_type=product&#038;p=16486"},"modified":"2024-05-12T21:40:09","modified_gmt":"2024-05-13T00:40:09","slug":"o-peso-do-medo","status":"publish","type":"product","link":"https:\/\/www.mariposacartonera.com.br\/site\/produto\/o-peso-do-medo\/","title":{"rendered":"o peso do medo"},"content":{"rendered":"<p><strong>o peso do medo 30 poemas em f\u00faria<\/strong><br \/>\n<strong> Wellington de Melo<\/strong><br \/>\nISBN 978-85-61952-143<br \/>\npoesia<br \/>\n60 p\u00e1ginas, 2. ed.<br \/>\nMariposa Cartonera<\/p>\n","protected":false},"excerpt":{"rendered":"<p>Neste livro, o autor percorre paisagens po\u00e9ticas atrav\u00e9s das quais apresenta aos leitores uma vis\u00e3o de poesia como forma de pensamento. O poeta reflete sobre o medo em suas mais diversas dimens\u00f5es. Os poemas do livro s\u00e3o dispostos em tr\u00eas blocos, cujos nomes rementem a lugares em que se desenvolve o medo do poeta &#8211; o medo, a f\u00faria, a alcova (medos individuais); o medo, a f\u00faria, o gabinete (medos universais); o medo, a f\u00faria, a rua (medos imediatos). Temas como o anonimato, a incomunicabilidade, a viol\u00eancia e a luta de classes aparecem nesses poemas dispostos de maneira linear, sem pontua\u00e7\u00e3o ou versos aparentes.<\/p>\n<p><strong>Capa meramente ilustrativa, j\u00e1 que cada exemplar \u00e9 \u00fanico, pintado \u00e0 m\u00e3o.<\/strong><\/p>\n","protected":false},"featured_media":16557,"comment_status":"open","ping_status":"closed","template":"","meta":[],"product_brand":[],"product_cat":[206],"product_tag":[205,213],"class_list":{"0":"post-16486","1":"product","2":"type-product","3":"status-publish","4":"has-post-thumbnail","6":"product_cat-poesia-livros","7":"product_tag-poesia","8":"product_tag-wellington-de-melo","9":"product_shipping_class-impresso-registro-modico","11":"first","12":"instock","13":"sale","14":"shipping-taxable","15":"purchasable","16":"product-type-simple"},"yoast_head":"<!-- This site is optimized with the Yoast SEO plugin v27.4 - https:\/\/yoast.com\/product\/yoast-seo-wordpress\/ -->\n<title>o peso do medo | Mariposa Cartonera<\/title>\n<meta name=\"robots\" content=\"index, follow, max-snippet:-1, max-image-preview:large, max-video-preview:-1\" \/>\n<link rel=\"canonical\" href=\"https:\/\/www.mariposacartonera.com.br\/site\/produto\/o-peso-do-medo\/\" \/>\n<meta property=\"og:locale\" content=\"pt_BR\" \/>\n<meta property=\"og:type\" content=\"article\" \/>\n<meta property=\"og:title\" content=\"o peso do medo | Mariposa Cartonera\" \/>\n<meta property=\"og:description\" content=\"Neste livro, o autor percorre paisagens po\u00e9ticas atrav\u00e9s das quais apresenta aos leitores uma vis\u00e3o de poesia como forma de pensamento. O poeta reflete sobre o medo em suas mais diversas dimens\u00f5es. Os poemas do livro s\u00e3o dispostos em tr\u00eas blocos, cujos nomes rementem a lugares em que se desenvolve o medo do poeta - o medo, a f\u00faria, a alcova (medos individuais); o medo, a f\u00faria, o gabinete (medos universais); o medo, a f\u00faria, a rua (medos imediatos). Temas como o anonimato, a incomunicabilidade, a viol\u00eancia e a luta de classes aparecem nesses poemas dispostos de maneira linear, sem pontua\u00e7\u00e3o ou versos aparentes.  Capa meramente ilustrativa, j\u00e1 que cada exemplar \u00e9 \u00fanico, pintado \u00e0 m\u00e3o.\" \/>\n<meta property=\"og:url\" content=\"https:\/\/www.mariposacartonera.com.br\/site\/produto\/o-peso-do-medo\/\" \/>\n<meta property=\"og:site_name\" content=\"Mariposa Cartonera\" \/>\n<meta property=\"article:publisher\" content=\"https:\/\/www.facebook.com\/mariposacartonera\" \/>\n<meta property=\"article:modified_time\" content=\"2024-05-13T00:40:09+00:00\" \/>\n<meta property=\"og:image\" content=\"https:\/\/www.mariposacartonera.com.br\/site\/wp-content\/uploads\/2016\/10\/opdm.jpg\" \/>\n\t<meta property=\"og:image:width\" content=\"283\" \/>\n\t<meta property=\"og:image:height\" content=\"410\" \/>\n\t<meta property=\"og:image:type\" content=\"image\/jpeg\" \/>\n<meta name=\"twitter:card\" content=\"summary_large_image\" \/>\n<meta name=\"twitter:site\" content=\"@MariCartonera\" \/>\n<script type=\"application\/ld+json\" class=\"yoast-schema-graph\">{\"@context\":\"https:\\\/\\\/schema.org\",\"@graph\":[{\"@type\":\"WebPage\",\"@id\":\"https:\\\/\\\/www.mariposacartonera.com.br\\\/site\\\/produto\\\/o-peso-do-medo\\\/\",\"url\":\"https:\\\/\\\/www.mariposacartonera.com.br\\\/site\\\/produto\\\/o-peso-do-medo\\\/\",\"name\":\"o peso do medo | Mariposa Cartonera\",\"isPartOf\":{\"@id\":\"https:\\\/\\\/www.mariposacartonera.com.br\\\/site\\\/#website\"},\"primaryImageOfPage\":{\"@id\":\"https:\\\/\\\/www.mariposacartonera.com.br\\\/site\\\/produto\\\/o-peso-do-medo\\\/#primaryimage\"},\"image\":{\"@id\":\"https:\\\/\\\/www.mariposacartonera.com.br\\\/site\\\/produto\\\/o-peso-do-medo\\\/#primaryimage\"},\"thumbnailUrl\":\"https:\\\/\\\/i0.wp.com\\\/www.mariposacartonera.com.br\\\/site\\\/wp-content\\\/uploads\\\/2016\\\/10\\\/opdm.jpg?fit=283%2C410&ssl=1\",\"datePublished\":\"2016-10-17T00:49:04+00:00\",\"dateModified\":\"2024-05-13T00:40:09+00:00\",\"breadcrumb\":{\"@id\":\"https:\\\/\\\/www.mariposacartonera.com.br\\\/site\\\/produto\\\/o-peso-do-medo\\\/#breadcrumb\"},\"inLanguage\":\"pt-BR\",\"potentialAction\":[{\"@type\":\"ReadAction\",\"target\":[\"https:\\\/\\\/www.mariposacartonera.com.br\\\/site\\\/produto\\\/o-peso-do-medo\\\/\"]}]},{\"@type\":\"ImageObject\",\"inLanguage\":\"pt-BR\",\"@id\":\"https:\\\/\\\/www.mariposacartonera.com.br\\\/site\\\/produto\\\/o-peso-do-medo\\\/#primaryimage\",\"url\":\"https:\\\/\\\/i0.wp.com\\\/www.mariposacartonera.com.br\\\/site\\\/wp-content\\\/uploads\\\/2016\\\/10\\\/opdm.jpg?fit=283%2C410&ssl=1\",\"contentUrl\":\"https:\\\/\\\/i0.wp.com\\\/www.mariposacartonera.com.br\\\/site\\\/wp-content\\\/uploads\\\/2016\\\/10\\\/opdm.jpg?fit=283%2C410&ssl=1\",\"width\":283,\"height\":410},{\"@type\":\"BreadcrumbList\",\"@id\":\"https:\\\/\\\/www.mariposacartonera.com.br\\\/site\\\/produto\\\/o-peso-do-medo\\\/#breadcrumb\",\"itemListElement\":[{\"@type\":\"ListItem\",\"position\":1,\"name\":\"In\u00edcio\",\"item\":\"https:\\\/\\\/www.mariposacartonera.com.br\\\/site\\\/\"},{\"@type\":\"ListItem\",\"position\":2,\"name\":\"Loja\",\"item\":\"https:\\\/\\\/www.mariposacartonera.com.br\\\/site\\\/loja\\\/\"},{\"@type\":\"ListItem\",\"position\":3,\"name\":\"o peso do medo\"}]},{\"@type\":\"WebSite\",\"@id\":\"https:\\\/\\\/www.mariposacartonera.com.br\\\/site\\\/#website\",\"url\":\"https:\\\/\\\/www.mariposacartonera.com.br\\\/site\\\/\",\"name\":\"Mariposa Cartonera\",\"description\":\"Site da editora Mariposa Cartonera\",\"publisher\":{\"@id\":\"https:\\\/\\\/www.mariposacartonera.com.br\\\/site\\\/#organization\"},\"potentialAction\":[{\"@type\":\"SearchAction\",\"target\":{\"@type\":\"EntryPoint\",\"urlTemplate\":\"https:\\\/\\\/www.mariposacartonera.com.br\\\/site\\\/?s={search_term_string}\"},\"query-input\":{\"@type\":\"PropertyValueSpecification\",\"valueRequired\":true,\"valueName\":\"search_term_string\"}}],\"inLanguage\":\"pt-BR\"},{\"@type\":\"Organization\",\"@id\":\"https:\\\/\\\/www.mariposacartonera.com.br\\\/site\\\/#organization\",\"name\":\"Mariposa Cartonera\",\"url\":\"https:\\\/\\\/www.mariposacartonera.com.br\\\/site\\\/\",\"logo\":{\"@type\":\"ImageObject\",\"inLanguage\":\"pt-BR\",\"@id\":\"https:\\\/\\\/www.mariposacartonera.com.br\\\/site\\\/#\\\/schema\\\/logo\\\/image\\\/\",\"url\":\"https:\\\/\\\/i0.wp.com\\\/www.mariposacartonera.com.br\\\/site\\\/wp-content\\\/uploads\\\/2014\\\/10\\\/MarcaMariposaVERD1.png?fit=150%2C80&ssl=1\",\"contentUrl\":\"https:\\\/\\\/i0.wp.com\\\/www.mariposacartonera.com.br\\\/site\\\/wp-content\\\/uploads\\\/2014\\\/10\\\/MarcaMariposaVERD1.png?fit=150%2C80&ssl=1\",\"width\":150,\"height\":80,\"caption\":\"Mariposa Cartonera\"},\"image\":{\"@id\":\"https:\\\/\\\/www.mariposacartonera.com.br\\\/site\\\/#\\\/schema\\\/logo\\\/image\\\/\"},\"sameAs\":[\"https:\\\/\\\/www.facebook.com\\\/mariposacartonera\",\"https:\\\/\\\/x.com\\\/MariCartonera\",\"https:\\\/\\\/instagram.com\\\/mariposacartonera\"]}]}<\/script>\n<!-- \/ Yoast SEO plugin. -->","yoast_head_json":{"title":"o peso do medo | Mariposa Cartonera","robots":{"index":"index","follow":"follow","max-snippet":"max-snippet:-1","max-image-preview":"max-image-preview:large","max-video-preview":"max-video-preview:-1"},"canonical":"https:\/\/www.mariposacartonera.com.br\/site\/produto\/o-peso-do-medo\/","og_locale":"pt_BR","og_type":"article","og_title":"o peso do medo | Mariposa Cartonera","og_description":"Neste livro, o autor percorre paisagens po\u00e9ticas atrav\u00e9s das quais apresenta aos leitores uma vis\u00e3o de poesia como forma de pensamento. O poeta reflete sobre o medo em suas mais diversas dimens\u00f5es. Os poemas do livro s\u00e3o dispostos em tr\u00eas blocos, cujos nomes rementem a lugares em que se desenvolve o medo do poeta - o medo, a f\u00faria, a alcova (medos individuais); o medo, a f\u00faria, o gabinete (medos universais); o medo, a f\u00faria, a rua (medos imediatos). Temas como o anonimato, a incomunicabilidade, a viol\u00eancia e a luta de classes aparecem nesses poemas dispostos de maneira linear, sem pontua\u00e7\u00e3o ou versos aparentes.  Capa meramente ilustrativa, j\u00e1 que cada exemplar \u00e9 \u00fanico, pintado \u00e0 m\u00e3o.","og_url":"https:\/\/www.mariposacartonera.com.br\/site\/produto\/o-peso-do-medo\/","og_site_name":"Mariposa Cartonera","article_publisher":"https:\/\/www.facebook.com\/mariposacartonera","article_modified_time":"2024-05-13T00:40:09+00:00","og_image":[{"width":283,"height":410,"url":"https:\/\/www.mariposacartonera.com.br\/site\/wp-content\/uploads\/2016\/10\/opdm.jpg","type":"image\/jpeg"}],"twitter_card":"summary_large_image","twitter_site":"@MariCartonera","schema":{"@context":"https:\/\/schema.org","@graph":[{"@type":"WebPage","@id":"https:\/\/www.mariposacartonera.com.br\/site\/produto\/o-peso-do-medo\/","url":"https:\/\/www.mariposacartonera.com.br\/site\/produto\/o-peso-do-medo\/","name":"o peso do medo | Mariposa Cartonera","isPartOf":{"@id":"https:\/\/www.mariposacartonera.com.br\/site\/#website"},"primaryImageOfPage":{"@id":"https:\/\/www.mariposacartonera.com.br\/site\/produto\/o-peso-do-medo\/#primaryimage"},"image":{"@id":"https:\/\/www.mariposacartonera.com.br\/site\/produto\/o-peso-do-medo\/#primaryimage"},"thumbnailUrl":"https:\/\/i0.wp.com\/www.mariposacartonera.com.br\/site\/wp-content\/uploads\/2016\/10\/opdm.jpg?fit=283%2C410&ssl=1","datePublished":"2016-10-17T00:49:04+00:00","dateModified":"2024-05-13T00:40:09+00:00","breadcrumb":{"@id":"https:\/\/www.mariposacartonera.com.br\/site\/produto\/o-peso-do-medo\/#breadcrumb"},"inLanguage":"pt-BR","potentialAction":[{"@type":"ReadAction","target":["https:\/\/www.mariposacartonera.com.br\/site\/produto\/o-peso-do-medo\/"]}]},{"@type":"ImageObject","inLanguage":"pt-BR","@id":"https:\/\/www.mariposacartonera.com.br\/site\/produto\/o-peso-do-medo\/#primaryimage","url":"https:\/\/i0.wp.com\/www.mariposacartonera.com.br\/site\/wp-content\/uploads\/2016\/10\/opdm.jpg?fit=283%2C410&ssl=1","contentUrl":"https:\/\/i0.wp.com\/www.mariposacartonera.com.br\/site\/wp-content\/uploads\/2016\/10\/opdm.jpg?fit=283%2C410&ssl=1","width":283,"height":410},{"@type":"BreadcrumbList","@id":"https:\/\/www.mariposacartonera.com.br\/site\/produto\/o-peso-do-medo\/#breadcrumb","itemListElement":[{"@type":"ListItem","position":1,"name":"In\u00edcio","item":"https:\/\/www.mariposacartonera.com.br\/site\/"},{"@type":"ListItem","position":2,"name":"Loja","item":"https:\/\/www.mariposacartonera.com.br\/site\/loja\/"},{"@type":"ListItem","position":3,"name":"o peso do medo"}]},{"@type":"WebSite","@id":"https:\/\/www.mariposacartonera.com.br\/site\/#website","url":"https:\/\/www.mariposacartonera.com.br\/site\/","name":"Mariposa Cartonera","description":"Site da editora Mariposa Cartonera","publisher":{"@id":"https:\/\/www.mariposacartonera.com.br\/site\/#organization"},"potentialAction":[{"@type":"SearchAction","target":{"@type":"EntryPoint","urlTemplate":"https:\/\/www.mariposacartonera.com.br\/site\/?s={search_term_string}"},"query-input":{"@type":"PropertyValueSpecification","valueRequired":true,"valueName":"search_term_string"}}],"inLanguage":"pt-BR"},{"@type":"Organization","@id":"https:\/\/www.mariposacartonera.com.br\/site\/#organization","name":"Mariposa Cartonera","url":"https:\/\/www.mariposacartonera.com.br\/site\/","logo":{"@type":"ImageObject","inLanguage":"pt-BR","@id":"https:\/\/www.mariposacartonera.com.br\/site\/#\/schema\/logo\/image\/","url":"https:\/\/i0.wp.com\/www.mariposacartonera.com.br\/site\/wp-content\/uploads\/2014\/10\/MarcaMariposaVERD1.png?fit=150%2C80&ssl=1","contentUrl":"https:\/\/i0.wp.com\/www.mariposacartonera.com.br\/site\/wp-content\/uploads\/2014\/10\/MarcaMariposaVERD1.png?fit=150%2C80&ssl=1","width":150,"height":80,"caption":"Mariposa Cartonera"},"image":{"@id":"https:\/\/www.mariposacartonera.com.br\/site\/#\/schema\/logo\/image\/"},"sameAs":["https:\/\/www.facebook.com\/mariposacartonera","https:\/\/x.com\/MariCartonera","https:\/\/instagram.com\/mariposacartonera"]}]}},"jetpack-related-posts":[],"jetpack_sharing_enabled":true,"_links":{"self":[{"href":"https:\/\/www.mariposacartonera.com.br\/site\/wp-json\/wp\/v2\/product\/16486","targetHints":{"allow":["GET"]}}],"collection":[{"href":"https:\/\/www.mariposacartonera.com.br\/site\/wp-json\/wp\/v2\/product"}],"about":[{"href":"https:\/\/www.mariposacartonera.com.br\/site\/wp-json\/wp\/v2\/types\/product"}],"replies":[{"embeddable":true,"href":"https:\/\/www.mariposacartonera.com.br\/site\/wp-json\/wp\/v2\/comments?post=16486"}],"wp:featuredmedia":[{"embeddable":true,"href":"https:\/\/www.mariposacartonera.com.br\/site\/wp-json\/wp\/v2\/media\/16557"}],"wp:attachment":[{"href":"https:\/\/www.mariposacartonera.com.br\/site\/wp-json\/wp\/v2\/media?parent=16486"}],"wp:term":[{"taxonomy":"product_brand","embeddable":true,"href":"https:\/\/www.mariposacartonera.com.br\/site\/wp-json\/wp\/v2\/product_brand?post=16486"},{"taxonomy":"product_cat","embeddable":true,"href":"https:\/\/www.mariposacartonera.com.br\/site\/wp-json\/wp\/v2\/product_cat?post=16486"},{"taxonomy":"product_tag","embeddable":true,"href":"https:\/\/www.mariposacartonera.com.br\/site\/wp-json\/wp\/v2\/product_tag?post=16486"}],"curies":[{"name":"wp","href":"https:\/\/api.w.org\/{rel}","templated":true}]}}