{"id":16256,"date":"2016-03-12T08:40:14","date_gmt":"2016-03-12T11:40:14","guid":{"rendered":"http:\/\/www.mariposacartonera.com.br.br\/site\/?post_type=product&#038;p=16256"},"modified":"2026-02-09T07:47:37","modified_gmt":"2026-02-09T10:47:37","slug":"le-petit-prince","status":"publish","type":"product","link":"https:\/\/www.mariposacartonera.com.br\/site\/produto\/le-petit-prince\/","title":{"rendered":"Le Petit Prince"},"content":{"rendered":"<p><strong>Le Petit Prince<\/strong><br \/>\nISBN Pendente<br \/>\nAntoine de Saint-Exup\u00e9ry<br \/>\nEdi\u00e7\u00e3o ilustrada em papel offset<br \/>\n3. ed.<br \/>\n84 pp<br \/>\nMariposa Cartonera\/Kartoc\u00e9ros \u00c9ditions<\/p>\n","protected":false},"excerpt":{"rendered":"<p>Um dos livros mais belos de todos os tempos, o cl\u00e1ssico de Saint-Exup\u00e9ry agora em edi\u00e7\u00e3o artesanal, feita pela Mariposa Cartonera e Kartoc\u00e9ros \u00c9ditions, com capas \u00fanicas de papel\u00e3o reutilizado e ilustra\u00e7\u00f5es no miolo de Alicia Cuerva, numa releitura com toque brasileiro do Pequeno Pr\u00edncipe, de alma cartonera. Edi\u00e7\u00e3o com aster\u00f3ide B612 m\u00f3vel (clique na imagem ao lado).<\/p>\n<p><strong>Edi\u00e7\u00e3o em franc\u00eas<\/strong><\/p>\n<div id=\"tw-target-text-container\" class=\"tw-ta-container tw-nfl\">\n<p id=\"tw-target-text\" class=\"tw-data-text tw-ta tw-text-small\" dir=\"ltr\" data-placeholder=\"Tradu\u00e7\u00e3o\"><span lang=\"en\">One of the most beautiful books of all time, the Saint-Exup\u00e9ry classic now in handicraft edition, made by Mariposa Cartonera and Kartoc\u00e9ros \u00c9ditions, with unique covers of cardboard reused and illustrations by\u00a0Alicia Cuerva, in a retelling with Brazilian touch of Small Prince, with a cardboard\u00a0soul. Edition with mobile B612 asteroid \u00a0 (click the image on the side).<\/span><\/p>\n<\/div>\n<p><strong>French edition<\/strong><\/p>\n","protected":false},"featured_media":16384,"comment_status":"open","ping_status":"closed","template":"","meta":[],"product_brand":[],"product_cat":[195],"product_tag":[435,358,359,314,357],"class_list":{"0":"post-16256","1":"product","2":"type-product","3":"status-publish","4":"has-post-thumbnail","6":"product_cat-ficcao","7":"product_tag-antoine-de-saint-exupery","8":"product_tag-cardboard","9":"product_tag-handicraft","10":"product_tag-le-petit-prince","11":"product_tag-the-small-prince","12":"product_shipping_class-impresso-registro-modico","14":"first","15":"outofstock","16":"sale","17":"shipping-taxable","18":"purchasable","19":"product-type-simple"},"yoast_head":"<!-- This site is optimized with the Yoast SEO plugin v27.4 - https:\/\/yoast.com\/product\/yoast-seo-wordpress\/ -->\n<title>Le Petit Prince | Mariposa Cartonera<\/title>\n<meta name=\"robots\" content=\"index, follow, max-snippet:-1, max-image-preview:large, max-video-preview:-1\" \/>\n<link rel=\"canonical\" href=\"https:\/\/www.mariposacartonera.com.br\/site\/produto\/le-petit-prince\/\" \/>\n<meta property=\"og:locale\" content=\"pt_BR\" \/>\n<meta property=\"og:type\" content=\"article\" \/>\n<meta property=\"og:title\" content=\"Le Petit Prince | Mariposa Cartonera\" \/>\n<meta property=\"og:description\" content=\"Um dos livros mais belos de todos os tempos, o cl\u00e1ssico de Saint-Exup\u00e9ry agora em edi\u00e7\u00e3o artesanal, feita pela Mariposa Cartonera e Kartoc\u00e9ros \u00c9ditions, com capas \u00fanicas de papel\u00e3o reutilizado e ilustra\u00e7\u00f5es no miolo de Alicia Cuerva, numa releitura com toque brasileiro do Pequeno Pr\u00edncipe, de alma cartonera. Edi\u00e7\u00e3o com aster\u00f3ide B612 m\u00f3vel (clique na imagem ao lado).  Edi\u00e7\u00e3o em franc\u00eas  One of the most beautiful books of all time, the Saint-Exup\u00e9ry classic now in handicraft edition, made by Mariposa Cartonera and Kartoc\u00e9ros \u00c9ditions, with unique covers of cardboard reused and illustrations by\u00a0Alicia Cuerva, in a retelling with Brazilian touch of Small Prince, with a cardboard\u00a0soul. Edition with mobile B612 asteroid \u00a0 (click the image on the side).   French edition\" \/>\n<meta property=\"og:url\" content=\"https:\/\/www.mariposacartonera.com.br\/site\/produto\/le-petit-prince\/\" \/>\n<meta property=\"og:site_name\" content=\"Mariposa Cartonera\" \/>\n<meta property=\"article:publisher\" content=\"https:\/\/www.facebook.com\/mariposacartonera\" \/>\n<meta property=\"article:modified_time\" content=\"2026-02-09T10:47:37+00:00\" \/>\n<meta property=\"og:image\" content=\"https:\/\/www.mariposacartonera.com.br\/site\/wp-content\/uploads\/2016\/03\/PP-3900_A.gif\" \/>\n\t<meta property=\"og:image:width\" content=\"269\" \/>\n\t<meta property=\"og:image:height\" content=\"380\" \/>\n\t<meta property=\"og:image:type\" content=\"image\/gif\" \/>\n<meta name=\"twitter:card\" content=\"summary_large_image\" \/>\n<meta name=\"twitter:site\" content=\"@MariCartonera\" \/>\n<script type=\"application\/ld+json\" class=\"yoast-schema-graph\">{\"@context\":\"https:\\\/\\\/schema.org\",\"@graph\":[{\"@type\":\"WebPage\",\"@id\":\"https:\\\/\\\/www.mariposacartonera.com.br\\\/site\\\/produto\\\/le-petit-prince\\\/\",\"url\":\"https:\\\/\\\/www.mariposacartonera.com.br\\\/site\\\/produto\\\/le-petit-prince\\\/\",\"name\":\"Le Petit Prince | Mariposa Cartonera\",\"isPartOf\":{\"@id\":\"https:\\\/\\\/www.mariposacartonera.com.br\\\/site\\\/#website\"},\"primaryImageOfPage\":{\"@id\":\"https:\\\/\\\/www.mariposacartonera.com.br\\\/site\\\/produto\\\/le-petit-prince\\\/#primaryimage\"},\"image\":{\"@id\":\"https:\\\/\\\/www.mariposacartonera.com.br\\\/site\\\/produto\\\/le-petit-prince\\\/#primaryimage\"},\"thumbnailUrl\":\"https:\\\/\\\/i0.wp.com\\\/www.mariposacartonera.com.br\\\/site\\\/wp-content\\\/uploads\\\/2016\\\/03\\\/PP-3900_A.gif?fit=269%2C380&ssl=1\",\"datePublished\":\"2016-03-12T11:40:14+00:00\",\"dateModified\":\"2026-02-09T10:47:37+00:00\",\"breadcrumb\":{\"@id\":\"https:\\\/\\\/www.mariposacartonera.com.br\\\/site\\\/produto\\\/le-petit-prince\\\/#breadcrumb\"},\"inLanguage\":\"pt-BR\",\"potentialAction\":[{\"@type\":\"ReadAction\",\"target\":[\"https:\\\/\\\/www.mariposacartonera.com.br\\\/site\\\/produto\\\/le-petit-prince\\\/\"]}]},{\"@type\":\"ImageObject\",\"inLanguage\":\"pt-BR\",\"@id\":\"https:\\\/\\\/www.mariposacartonera.com.br\\\/site\\\/produto\\\/le-petit-prince\\\/#primaryimage\",\"url\":\"https:\\\/\\\/i0.wp.com\\\/www.mariposacartonera.com.br\\\/site\\\/wp-content\\\/uploads\\\/2016\\\/03\\\/PP-3900_A.gif?fit=269%2C380&ssl=1\",\"contentUrl\":\"https:\\\/\\\/i0.wp.com\\\/www.mariposacartonera.com.br\\\/site\\\/wp-content\\\/uploads\\\/2016\\\/03\\\/PP-3900_A.gif?fit=269%2C380&ssl=1\",\"width\":269,\"height\":380},{\"@type\":\"BreadcrumbList\",\"@id\":\"https:\\\/\\\/www.mariposacartonera.com.br\\\/site\\\/produto\\\/le-petit-prince\\\/#breadcrumb\",\"itemListElement\":[{\"@type\":\"ListItem\",\"position\":1,\"name\":\"In\u00edcio\",\"item\":\"https:\\\/\\\/www.mariposacartonera.com.br\\\/site\\\/\"},{\"@type\":\"ListItem\",\"position\":2,\"name\":\"Loja\",\"item\":\"https:\\\/\\\/www.mariposacartonera.com.br\\\/site\\\/loja\\\/\"},{\"@type\":\"ListItem\",\"position\":3,\"name\":\"Le Petit Prince\"}]},{\"@type\":\"WebSite\",\"@id\":\"https:\\\/\\\/www.mariposacartonera.com.br\\\/site\\\/#website\",\"url\":\"https:\\\/\\\/www.mariposacartonera.com.br\\\/site\\\/\",\"name\":\"Mariposa Cartonera\",\"description\":\"Site da editora Mariposa Cartonera\",\"publisher\":{\"@id\":\"https:\\\/\\\/www.mariposacartonera.com.br\\\/site\\\/#organization\"},\"potentialAction\":[{\"@type\":\"SearchAction\",\"target\":{\"@type\":\"EntryPoint\",\"urlTemplate\":\"https:\\\/\\\/www.mariposacartonera.com.br\\\/site\\\/?s={search_term_string}\"},\"query-input\":{\"@type\":\"PropertyValueSpecification\",\"valueRequired\":true,\"valueName\":\"search_term_string\"}}],\"inLanguage\":\"pt-BR\"},{\"@type\":\"Organization\",\"@id\":\"https:\\\/\\\/www.mariposacartonera.com.br\\\/site\\\/#organization\",\"name\":\"Mariposa Cartonera\",\"url\":\"https:\\\/\\\/www.mariposacartonera.com.br\\\/site\\\/\",\"logo\":{\"@type\":\"ImageObject\",\"inLanguage\":\"pt-BR\",\"@id\":\"https:\\\/\\\/www.mariposacartonera.com.br\\\/site\\\/#\\\/schema\\\/logo\\\/image\\\/\",\"url\":\"https:\\\/\\\/i0.wp.com\\\/www.mariposacartonera.com.br\\\/site\\\/wp-content\\\/uploads\\\/2014\\\/10\\\/MarcaMariposaVERD1.png?fit=150%2C80&ssl=1\",\"contentUrl\":\"https:\\\/\\\/i0.wp.com\\\/www.mariposacartonera.com.br\\\/site\\\/wp-content\\\/uploads\\\/2014\\\/10\\\/MarcaMariposaVERD1.png?fit=150%2C80&ssl=1\",\"width\":150,\"height\":80,\"caption\":\"Mariposa Cartonera\"},\"image\":{\"@id\":\"https:\\\/\\\/www.mariposacartonera.com.br\\\/site\\\/#\\\/schema\\\/logo\\\/image\\\/\"},\"sameAs\":[\"https:\\\/\\\/www.facebook.com\\\/mariposacartonera\",\"https:\\\/\\\/x.com\\\/MariCartonera\",\"https:\\\/\\\/instagram.com\\\/mariposacartonera\"]}]}<\/script>\n<!-- \/ Yoast SEO plugin. -->","yoast_head_json":{"title":"Le Petit Prince | Mariposa Cartonera","robots":{"index":"index","follow":"follow","max-snippet":"max-snippet:-1","max-image-preview":"max-image-preview:large","max-video-preview":"max-video-preview:-1"},"canonical":"https:\/\/www.mariposacartonera.com.br\/site\/produto\/le-petit-prince\/","og_locale":"pt_BR","og_type":"article","og_title":"Le Petit Prince | Mariposa Cartonera","og_description":"Um dos livros mais belos de todos os tempos, o cl\u00e1ssico de Saint-Exup\u00e9ry agora em edi\u00e7\u00e3o artesanal, feita pela Mariposa Cartonera e Kartoc\u00e9ros \u00c9ditions, com capas \u00fanicas de papel\u00e3o reutilizado e ilustra\u00e7\u00f5es no miolo de Alicia Cuerva, numa releitura com toque brasileiro do Pequeno Pr\u00edncipe, de alma cartonera. Edi\u00e7\u00e3o com aster\u00f3ide B612 m\u00f3vel (clique na imagem ao lado).  Edi\u00e7\u00e3o em franc\u00eas  One of the most beautiful books of all time, the Saint-Exup\u00e9ry classic now in handicraft edition, made by Mariposa Cartonera and Kartoc\u00e9ros \u00c9ditions, with unique covers of cardboard reused and illustrations by\u00a0Alicia Cuerva, in a retelling with Brazilian touch of Small Prince, with a cardboard\u00a0soul. Edition with mobile B612 asteroid \u00a0 (click the image on the side).   French edition","og_url":"https:\/\/www.mariposacartonera.com.br\/site\/produto\/le-petit-prince\/","og_site_name":"Mariposa Cartonera","article_publisher":"https:\/\/www.facebook.com\/mariposacartonera","article_modified_time":"2026-02-09T10:47:37+00:00","og_image":[{"width":269,"height":380,"url":"https:\/\/www.mariposacartonera.com.br\/site\/wp-content\/uploads\/2016\/03\/PP-3900_A.gif","type":"image\/gif"}],"twitter_card":"summary_large_image","twitter_site":"@MariCartonera","schema":{"@context":"https:\/\/schema.org","@graph":[{"@type":"WebPage","@id":"https:\/\/www.mariposacartonera.com.br\/site\/produto\/le-petit-prince\/","url":"https:\/\/www.mariposacartonera.com.br\/site\/produto\/le-petit-prince\/","name":"Le Petit Prince | Mariposa Cartonera","isPartOf":{"@id":"https:\/\/www.mariposacartonera.com.br\/site\/#website"},"primaryImageOfPage":{"@id":"https:\/\/www.mariposacartonera.com.br\/site\/produto\/le-petit-prince\/#primaryimage"},"image":{"@id":"https:\/\/www.mariposacartonera.com.br\/site\/produto\/le-petit-prince\/#primaryimage"},"thumbnailUrl":"https:\/\/i0.wp.com\/www.mariposacartonera.com.br\/site\/wp-content\/uploads\/2016\/03\/PP-3900_A.gif?fit=269%2C380&ssl=1","datePublished":"2016-03-12T11:40:14+00:00","dateModified":"2026-02-09T10:47:37+00:00","breadcrumb":{"@id":"https:\/\/www.mariposacartonera.com.br\/site\/produto\/le-petit-prince\/#breadcrumb"},"inLanguage":"pt-BR","potentialAction":[{"@type":"ReadAction","target":["https:\/\/www.mariposacartonera.com.br\/site\/produto\/le-petit-prince\/"]}]},{"@type":"ImageObject","inLanguage":"pt-BR","@id":"https:\/\/www.mariposacartonera.com.br\/site\/produto\/le-petit-prince\/#primaryimage","url":"https:\/\/i0.wp.com\/www.mariposacartonera.com.br\/site\/wp-content\/uploads\/2016\/03\/PP-3900_A.gif?fit=269%2C380&ssl=1","contentUrl":"https:\/\/i0.wp.com\/www.mariposacartonera.com.br\/site\/wp-content\/uploads\/2016\/03\/PP-3900_A.gif?fit=269%2C380&ssl=1","width":269,"height":380},{"@type":"BreadcrumbList","@id":"https:\/\/www.mariposacartonera.com.br\/site\/produto\/le-petit-prince\/#breadcrumb","itemListElement":[{"@type":"ListItem","position":1,"name":"In\u00edcio","item":"https:\/\/www.mariposacartonera.com.br\/site\/"},{"@type":"ListItem","position":2,"name":"Loja","item":"https:\/\/www.mariposacartonera.com.br\/site\/loja\/"},{"@type":"ListItem","position":3,"name":"Le Petit Prince"}]},{"@type":"WebSite","@id":"https:\/\/www.mariposacartonera.com.br\/site\/#website","url":"https:\/\/www.mariposacartonera.com.br\/site\/","name":"Mariposa Cartonera","description":"Site da editora Mariposa Cartonera","publisher":{"@id":"https:\/\/www.mariposacartonera.com.br\/site\/#organization"},"potentialAction":[{"@type":"SearchAction","target":{"@type":"EntryPoint","urlTemplate":"https:\/\/www.mariposacartonera.com.br\/site\/?s={search_term_string}"},"query-input":{"@type":"PropertyValueSpecification","valueRequired":true,"valueName":"search_term_string"}}],"inLanguage":"pt-BR"},{"@type":"Organization","@id":"https:\/\/www.mariposacartonera.com.br\/site\/#organization","name":"Mariposa Cartonera","url":"https:\/\/www.mariposacartonera.com.br\/site\/","logo":{"@type":"ImageObject","inLanguage":"pt-BR","@id":"https:\/\/www.mariposacartonera.com.br\/site\/#\/schema\/logo\/image\/","url":"https:\/\/i0.wp.com\/www.mariposacartonera.com.br\/site\/wp-content\/uploads\/2014\/10\/MarcaMariposaVERD1.png?fit=150%2C80&ssl=1","contentUrl":"https:\/\/i0.wp.com\/www.mariposacartonera.com.br\/site\/wp-content\/uploads\/2014\/10\/MarcaMariposaVERD1.png?fit=150%2C80&ssl=1","width":150,"height":80,"caption":"Mariposa Cartonera"},"image":{"@id":"https:\/\/www.mariposacartonera.com.br\/site\/#\/schema\/logo\/image\/"},"sameAs":["https:\/\/www.facebook.com\/mariposacartonera","https:\/\/x.com\/MariCartonera","https:\/\/instagram.com\/mariposacartonera"]}]}},"jetpack-related-posts":[],"jetpack_sharing_enabled":true,"_links":{"self":[{"href":"https:\/\/www.mariposacartonera.com.br\/site\/wp-json\/wp\/v2\/product\/16256","targetHints":{"allow":["GET"]}}],"collection":[{"href":"https:\/\/www.mariposacartonera.com.br\/site\/wp-json\/wp\/v2\/product"}],"about":[{"href":"https:\/\/www.mariposacartonera.com.br\/site\/wp-json\/wp\/v2\/types\/product"}],"replies":[{"embeddable":true,"href":"https:\/\/www.mariposacartonera.com.br\/site\/wp-json\/wp\/v2\/comments?post=16256"}],"wp:featuredmedia":[{"embeddable":true,"href":"https:\/\/www.mariposacartonera.com.br\/site\/wp-json\/wp\/v2\/media\/16384"}],"wp:attachment":[{"href":"https:\/\/www.mariposacartonera.com.br\/site\/wp-json\/wp\/v2\/media?parent=16256"}],"wp:term":[{"taxonomy":"product_brand","embeddable":true,"href":"https:\/\/www.mariposacartonera.com.br\/site\/wp-json\/wp\/v2\/product_brand?post=16256"},{"taxonomy":"product_cat","embeddable":true,"href":"https:\/\/www.mariposacartonera.com.br\/site\/wp-json\/wp\/v2\/product_cat?post=16256"},{"taxonomy":"product_tag","embeddable":true,"href":"https:\/\/www.mariposacartonera.com.br\/site\/wp-json\/wp\/v2\/product_tag?post=16256"}],"curies":[{"name":"wp","href":"https:\/\/api.w.org\/{rel}","templated":true}]}}