{"id":15949,"date":"2015-11-13T09:34:47","date_gmt":"2015-11-13T12:34:47","guid":{"rendered":"http:\/\/www.mariposacartonera.com.br.br\/site\/?post_type=product&#038;p=15949"},"modified":"2024-11-21T09:49:01","modified_gmt":"2024-11-21T12:49:01","slug":"as-visceras-de-vinicius","status":"publish","type":"product","link":"https:\/\/www.mariposacartonera.com.br\/site\/produto\/as-visceras-de-vinicius\/","title":{"rendered":"As v\u00edsceras de Vin\u00edcius"},"content":{"rendered":"<p><strong>As v\u00edsceras de Vin\u00edcius<br \/>\nIvon Rab\u00ealo<\/strong><br \/>\nISBN &#8211; 978-85-67947-25-9<br \/>\n56 p\u00e1ginas<\/p>\n","protected":false},"excerpt":{"rendered":"<p>Primeiro livro do poeta sertaniense Ivon Rab\u00ealo, vencedor da convocat\u00f3ria de in\u00e9ditos do Mariposa Cartonera. Nas palavras da poeta e cr\u00edtica Micheliny Verunschk, &#8220;Ivon convida o leitor a um voyeurismo um tanto perverso, um tanto l\u00fadico: abre o torso do corpo e avisa, o que importa \u00e9 o que est\u00e1 dentro, humores, excresc\u00eancias, o resplendor est\u00e1 no que causa repulsa.&#8221;<\/p>\n","protected":false},"featured_media":22467,"comment_status":"open","ping_status":"closed","template":"","meta":[],"product_brand":[],"product_cat":[206],"product_tag":[296,205],"class_list":{"0":"post-15949","1":"product","2":"type-product","3":"status-publish","4":"has-post-thumbnail","6":"product_cat-poesia-livros","7":"product_tag-ivon-rabelo","8":"product_tag-poesia","9":"product_shipping_class-impresso-registro-modico","11":"first","12":"instock","13":"shipping-taxable","14":"purchasable","15":"product-type-simple"},"yoast_head":"<!-- This site is optimized with the Yoast SEO plugin v27.4 - https:\/\/yoast.com\/product\/yoast-seo-wordpress\/ -->\n<title>As v\u00edsceras de Vin\u00edcius | Mariposa Cartonera<\/title>\n<meta name=\"description\" content=\"As v\u00edsceras de Vin\u00edcius \u00e9 o primeiro livro de Ivon Rab\u00ealo, vencedor da convocat\u00f3ria nacional da Mariposa Cartonera para jovens poetas.\" \/>\n<meta name=\"robots\" content=\"index, follow, max-snippet:-1, max-image-preview:large, max-video-preview:-1\" \/>\n<link rel=\"canonical\" href=\"https:\/\/www.mariposacartonera.com.br\/site\/produto\/as-visceras-de-vinicius\/\" \/>\n<meta property=\"og:locale\" content=\"pt_BR\" \/>\n<meta property=\"og:type\" content=\"article\" \/>\n<meta property=\"og:title\" content=\"As v\u00edsceras de Vin\u00edcius | Mariposa Cartonera\" \/>\n<meta property=\"og:description\" content=\"As v\u00edsceras de Vin\u00edcius \u00e9 o primeiro livro de Ivon Rab\u00ealo, vencedor da convocat\u00f3ria nacional da Mariposa Cartonera para jovens poetas.\" \/>\n<meta property=\"og:url\" content=\"https:\/\/www.mariposacartonera.com.br\/site\/produto\/as-visceras-de-vinicius\/\" \/>\n<meta property=\"og:site_name\" content=\"Mariposa Cartonera\" \/>\n<meta property=\"article:publisher\" content=\"https:\/\/www.facebook.com\/mariposacartonera\" \/>\n<meta property=\"article:modified_time\" content=\"2024-11-21T12:49:01+00:00\" \/>\n<meta property=\"og:image\" content=\"https:\/\/www.mariposacartonera.com.br\/site\/wp-content\/uploads\/2015\/11\/ivonrabelo.jpeg\" \/>\n\t<meta property=\"og:image:width\" content=\"192\" \/>\n\t<meta property=\"og:image:height\" content=\"262\" \/>\n\t<meta property=\"og:image:type\" content=\"image\/jpeg\" \/>\n<meta name=\"twitter:card\" content=\"summary_large_image\" \/>\n<meta name=\"twitter:site\" content=\"@MariCartonera\" \/>\n<meta name=\"twitter:label1\" content=\"Est. tempo de leitura\" \/>\n\t<meta name=\"twitter:data1\" content=\"1 minuto\" \/>\n<script type=\"application\/ld+json\" class=\"yoast-schema-graph\">{\"@context\":\"https:\\\/\\\/schema.org\",\"@graph\":[{\"@type\":\"WebPage\",\"@id\":\"https:\\\/\\\/www.mariposacartonera.com.br\\\/site\\\/produto\\\/as-visceras-de-vinicius\\\/\",\"url\":\"https:\\\/\\\/www.mariposacartonera.com.br\\\/site\\\/produto\\\/as-visceras-de-vinicius\\\/\",\"name\":\"As v\u00edsceras de Vin\u00edcius | Mariposa Cartonera\",\"isPartOf\":{\"@id\":\"https:\\\/\\\/www.mariposacartonera.com.br\\\/site\\\/#website\"},\"primaryImageOfPage\":{\"@id\":\"https:\\\/\\\/www.mariposacartonera.com.br\\\/site\\\/produto\\\/as-visceras-de-vinicius\\\/#primaryimage\"},\"image\":{\"@id\":\"https:\\\/\\\/www.mariposacartonera.com.br\\\/site\\\/produto\\\/as-visceras-de-vinicius\\\/#primaryimage\"},\"thumbnailUrl\":\"https:\\\/\\\/i0.wp.com\\\/www.mariposacartonera.com.br\\\/site\\\/wp-content\\\/uploads\\\/2015\\\/11\\\/ivonrabelo.jpeg?fit=192%2C262&ssl=1\",\"datePublished\":\"2015-11-13T12:34:47+00:00\",\"dateModified\":\"2024-11-21T12:49:01+00:00\",\"description\":\"As v\u00edsceras de Vin\u00edcius \u00e9 o primeiro livro de Ivon Rab\u00ealo, vencedor da convocat\u00f3ria nacional da Mariposa Cartonera para jovens poetas.\",\"breadcrumb\":{\"@id\":\"https:\\\/\\\/www.mariposacartonera.com.br\\\/site\\\/produto\\\/as-visceras-de-vinicius\\\/#breadcrumb\"},\"inLanguage\":\"pt-BR\",\"potentialAction\":[{\"@type\":\"ReadAction\",\"target\":[\"https:\\\/\\\/www.mariposacartonera.com.br\\\/site\\\/produto\\\/as-visceras-de-vinicius\\\/\"]}]},{\"@type\":\"ImageObject\",\"inLanguage\":\"pt-BR\",\"@id\":\"https:\\\/\\\/www.mariposacartonera.com.br\\\/site\\\/produto\\\/as-visceras-de-vinicius\\\/#primaryimage\",\"url\":\"https:\\\/\\\/i0.wp.com\\\/www.mariposacartonera.com.br\\\/site\\\/wp-content\\\/uploads\\\/2015\\\/11\\\/ivonrabelo.jpeg?fit=192%2C262&ssl=1\",\"contentUrl\":\"https:\\\/\\\/i0.wp.com\\\/www.mariposacartonera.com.br\\\/site\\\/wp-content\\\/uploads\\\/2015\\\/11\\\/ivonrabelo.jpeg?fit=192%2C262&ssl=1\",\"width\":192,\"height\":262},{\"@type\":\"BreadcrumbList\",\"@id\":\"https:\\\/\\\/www.mariposacartonera.com.br\\\/site\\\/produto\\\/as-visceras-de-vinicius\\\/#breadcrumb\",\"itemListElement\":[{\"@type\":\"ListItem\",\"position\":1,\"name\":\"In\u00edcio\",\"item\":\"https:\\\/\\\/www.mariposacartonera.com.br\\\/site\\\/\"},{\"@type\":\"ListItem\",\"position\":2,\"name\":\"Loja\",\"item\":\"https:\\\/\\\/www.mariposacartonera.com.br\\\/site\\\/loja\\\/\"},{\"@type\":\"ListItem\",\"position\":3,\"name\":\"As v\u00edsceras de Vin\u00edcius\"}]},{\"@type\":\"WebSite\",\"@id\":\"https:\\\/\\\/www.mariposacartonera.com.br\\\/site\\\/#website\",\"url\":\"https:\\\/\\\/www.mariposacartonera.com.br\\\/site\\\/\",\"name\":\"Mariposa Cartonera\",\"description\":\"Site da editora Mariposa Cartonera\",\"publisher\":{\"@id\":\"https:\\\/\\\/www.mariposacartonera.com.br\\\/site\\\/#organization\"},\"potentialAction\":[{\"@type\":\"SearchAction\",\"target\":{\"@type\":\"EntryPoint\",\"urlTemplate\":\"https:\\\/\\\/www.mariposacartonera.com.br\\\/site\\\/?s={search_term_string}\"},\"query-input\":{\"@type\":\"PropertyValueSpecification\",\"valueRequired\":true,\"valueName\":\"search_term_string\"}}],\"inLanguage\":\"pt-BR\"},{\"@type\":\"Organization\",\"@id\":\"https:\\\/\\\/www.mariposacartonera.com.br\\\/site\\\/#organization\",\"name\":\"Mariposa Cartonera\",\"url\":\"https:\\\/\\\/www.mariposacartonera.com.br\\\/site\\\/\",\"logo\":{\"@type\":\"ImageObject\",\"inLanguage\":\"pt-BR\",\"@id\":\"https:\\\/\\\/www.mariposacartonera.com.br\\\/site\\\/#\\\/schema\\\/logo\\\/image\\\/\",\"url\":\"https:\\\/\\\/i0.wp.com\\\/www.mariposacartonera.com.br\\\/site\\\/wp-content\\\/uploads\\\/2014\\\/10\\\/MarcaMariposaVERD1.png?fit=150%2C80&ssl=1\",\"contentUrl\":\"https:\\\/\\\/i0.wp.com\\\/www.mariposacartonera.com.br\\\/site\\\/wp-content\\\/uploads\\\/2014\\\/10\\\/MarcaMariposaVERD1.png?fit=150%2C80&ssl=1\",\"width\":150,\"height\":80,\"caption\":\"Mariposa Cartonera\"},\"image\":{\"@id\":\"https:\\\/\\\/www.mariposacartonera.com.br\\\/site\\\/#\\\/schema\\\/logo\\\/image\\\/\"},\"sameAs\":[\"https:\\\/\\\/www.facebook.com\\\/mariposacartonera\",\"https:\\\/\\\/x.com\\\/MariCartonera\",\"https:\\\/\\\/instagram.com\\\/mariposacartonera\"]}]}<\/script>\n<!-- \/ Yoast SEO plugin. -->","yoast_head_json":{"title":"As v\u00edsceras de Vin\u00edcius | Mariposa Cartonera","description":"As v\u00edsceras de Vin\u00edcius \u00e9 o primeiro livro de Ivon Rab\u00ealo, vencedor da convocat\u00f3ria nacional da Mariposa Cartonera para jovens poetas.","robots":{"index":"index","follow":"follow","max-snippet":"max-snippet:-1","max-image-preview":"max-image-preview:large","max-video-preview":"max-video-preview:-1"},"canonical":"https:\/\/www.mariposacartonera.com.br\/site\/produto\/as-visceras-de-vinicius\/","og_locale":"pt_BR","og_type":"article","og_title":"As v\u00edsceras de Vin\u00edcius | Mariposa Cartonera","og_description":"As v\u00edsceras de Vin\u00edcius \u00e9 o primeiro livro de Ivon Rab\u00ealo, vencedor da convocat\u00f3ria nacional da Mariposa Cartonera para jovens poetas.","og_url":"https:\/\/www.mariposacartonera.com.br\/site\/produto\/as-visceras-de-vinicius\/","og_site_name":"Mariposa Cartonera","article_publisher":"https:\/\/www.facebook.com\/mariposacartonera","article_modified_time":"2024-11-21T12:49:01+00:00","og_image":[{"width":192,"height":262,"url":"https:\/\/www.mariposacartonera.com.br\/site\/wp-content\/uploads\/2015\/11\/ivonrabelo.jpeg","type":"image\/jpeg"}],"twitter_card":"summary_large_image","twitter_site":"@MariCartonera","twitter_misc":{"Est. tempo de leitura":"1 minuto"},"schema":{"@context":"https:\/\/schema.org","@graph":[{"@type":"WebPage","@id":"https:\/\/www.mariposacartonera.com.br\/site\/produto\/as-visceras-de-vinicius\/","url":"https:\/\/www.mariposacartonera.com.br\/site\/produto\/as-visceras-de-vinicius\/","name":"As v\u00edsceras de Vin\u00edcius | Mariposa Cartonera","isPartOf":{"@id":"https:\/\/www.mariposacartonera.com.br\/site\/#website"},"primaryImageOfPage":{"@id":"https:\/\/www.mariposacartonera.com.br\/site\/produto\/as-visceras-de-vinicius\/#primaryimage"},"image":{"@id":"https:\/\/www.mariposacartonera.com.br\/site\/produto\/as-visceras-de-vinicius\/#primaryimage"},"thumbnailUrl":"https:\/\/i0.wp.com\/www.mariposacartonera.com.br\/site\/wp-content\/uploads\/2015\/11\/ivonrabelo.jpeg?fit=192%2C262&ssl=1","datePublished":"2015-11-13T12:34:47+00:00","dateModified":"2024-11-21T12:49:01+00:00","description":"As v\u00edsceras de Vin\u00edcius \u00e9 o primeiro livro de Ivon Rab\u00ealo, vencedor da convocat\u00f3ria nacional da Mariposa Cartonera para jovens poetas.","breadcrumb":{"@id":"https:\/\/www.mariposacartonera.com.br\/site\/produto\/as-visceras-de-vinicius\/#breadcrumb"},"inLanguage":"pt-BR","potentialAction":[{"@type":"ReadAction","target":["https:\/\/www.mariposacartonera.com.br\/site\/produto\/as-visceras-de-vinicius\/"]}]},{"@type":"ImageObject","inLanguage":"pt-BR","@id":"https:\/\/www.mariposacartonera.com.br\/site\/produto\/as-visceras-de-vinicius\/#primaryimage","url":"https:\/\/i0.wp.com\/www.mariposacartonera.com.br\/site\/wp-content\/uploads\/2015\/11\/ivonrabelo.jpeg?fit=192%2C262&ssl=1","contentUrl":"https:\/\/i0.wp.com\/www.mariposacartonera.com.br\/site\/wp-content\/uploads\/2015\/11\/ivonrabelo.jpeg?fit=192%2C262&ssl=1","width":192,"height":262},{"@type":"BreadcrumbList","@id":"https:\/\/www.mariposacartonera.com.br\/site\/produto\/as-visceras-de-vinicius\/#breadcrumb","itemListElement":[{"@type":"ListItem","position":1,"name":"In\u00edcio","item":"https:\/\/www.mariposacartonera.com.br\/site\/"},{"@type":"ListItem","position":2,"name":"Loja","item":"https:\/\/www.mariposacartonera.com.br\/site\/loja\/"},{"@type":"ListItem","position":3,"name":"As v\u00edsceras de Vin\u00edcius"}]},{"@type":"WebSite","@id":"https:\/\/www.mariposacartonera.com.br\/site\/#website","url":"https:\/\/www.mariposacartonera.com.br\/site\/","name":"Mariposa Cartonera","description":"Site da editora Mariposa Cartonera","publisher":{"@id":"https:\/\/www.mariposacartonera.com.br\/site\/#organization"},"potentialAction":[{"@type":"SearchAction","target":{"@type":"EntryPoint","urlTemplate":"https:\/\/www.mariposacartonera.com.br\/site\/?s={search_term_string}"},"query-input":{"@type":"PropertyValueSpecification","valueRequired":true,"valueName":"search_term_string"}}],"inLanguage":"pt-BR"},{"@type":"Organization","@id":"https:\/\/www.mariposacartonera.com.br\/site\/#organization","name":"Mariposa Cartonera","url":"https:\/\/www.mariposacartonera.com.br\/site\/","logo":{"@type":"ImageObject","inLanguage":"pt-BR","@id":"https:\/\/www.mariposacartonera.com.br\/site\/#\/schema\/logo\/image\/","url":"https:\/\/i0.wp.com\/www.mariposacartonera.com.br\/site\/wp-content\/uploads\/2014\/10\/MarcaMariposaVERD1.png?fit=150%2C80&ssl=1","contentUrl":"https:\/\/i0.wp.com\/www.mariposacartonera.com.br\/site\/wp-content\/uploads\/2014\/10\/MarcaMariposaVERD1.png?fit=150%2C80&ssl=1","width":150,"height":80,"caption":"Mariposa Cartonera"},"image":{"@id":"https:\/\/www.mariposacartonera.com.br\/site\/#\/schema\/logo\/image\/"},"sameAs":["https:\/\/www.facebook.com\/mariposacartonera","https:\/\/x.com\/MariCartonera","https:\/\/instagram.com\/mariposacartonera"]}]}},"jetpack-related-posts":[],"jetpack_sharing_enabled":true,"_links":{"self":[{"href":"https:\/\/www.mariposacartonera.com.br\/site\/wp-json\/wp\/v2\/product\/15949","targetHints":{"allow":["GET"]}}],"collection":[{"href":"https:\/\/www.mariposacartonera.com.br\/site\/wp-json\/wp\/v2\/product"}],"about":[{"href":"https:\/\/www.mariposacartonera.com.br\/site\/wp-json\/wp\/v2\/types\/product"}],"replies":[{"embeddable":true,"href":"https:\/\/www.mariposacartonera.com.br\/site\/wp-json\/wp\/v2\/comments?post=15949"}],"wp:featuredmedia":[{"embeddable":true,"href":"https:\/\/www.mariposacartonera.com.br\/site\/wp-json\/wp\/v2\/media\/22467"}],"wp:attachment":[{"href":"https:\/\/www.mariposacartonera.com.br\/site\/wp-json\/wp\/v2\/media?parent=15949"}],"wp:term":[{"taxonomy":"product_brand","embeddable":true,"href":"https:\/\/www.mariposacartonera.com.br\/site\/wp-json\/wp\/v2\/product_brand?post=15949"},{"taxonomy":"product_cat","embeddable":true,"href":"https:\/\/www.mariposacartonera.com.br\/site\/wp-json\/wp\/v2\/product_cat?post=15949"},{"taxonomy":"product_tag","embeddable":true,"href":"https:\/\/www.mariposacartonera.com.br\/site\/wp-json\/wp\/v2\/product_tag?post=15949"}],"curies":[{"name":"wp","href":"https:\/\/api.w.org\/{rel}","templated":true}]}}