{"id":15385,"date":"2014-11-08T12:26:57","date_gmt":"2014-11-08T15:26:57","guid":{"rendered":"http:\/\/www.mariposacartonera.com.br.br\/site\/?post_type=product&#038;p=15385"},"modified":"2024-05-12T21:40:09","modified_gmt":"2024-05-13T00:40:09","slug":"desvirtual-provisorio","status":"publish","type":"product","link":"https:\/\/www.mariposacartonera.com.br\/site\/produto\/desvirtual-provisorio\/","title":{"rendered":"[desvirtual provis\u00f3rio]"},"content":{"rendered":"<p><strong>[desvirtual provis\u00f3rio]<br \/>\n<\/strong>Wellington de Melo<br \/>\nISBN-9788599728734<br \/>\n88 p.<br \/>\nMariposa Cartonera \/ Canal6<\/p>\n","protected":false},"excerpt":{"rendered":"<p>Em seu segundo livro de poemas, Wellington de Melo mergulha no universo da M@quina revela com seu olhar po\u00e9tico as contradi\u00e7\u00f5es de nosso tempo: de desumaniza\u00e7\u00e3o, de simulacros de virtualiza\u00e7\u00e3o da realidade. Dividido em cinco partes (A proto-M@quina, A M@quina, A anti-M@quina, A hiper-M@quina e O p\u00f3), o livro \u00e9 um testemunho po\u00e9tico, \u00e0s vezes apocal\u00edptico, \u00e0s vezes redentor, \u00e0s vezes dotado do mais puro p\u00e2nico, do que significa ser &#8220;humano&#8221; no come\u00e7o do s\u00e9culo XXI.<\/p>\n<p>Esta \u00e9 uma edi\u00e7\u00e3o cartoneira do livro, com capa customizada em papel\u00e3o.<\/p>\n<p>&nbsp;<\/p>\n","protected":false},"featured_media":15386,"comment_status":"closed","ping_status":"closed","template":"","meta":[],"product_brand":[],"product_cat":[206],"product_tag":[205,213],"class_list":{"0":"post-15385","1":"product","2":"type-product","3":"status-publish","4":"has-post-thumbnail","6":"product_cat-poesia-livros","7":"product_tag-poesia","8":"product_tag-wellington-de-melo","9":"product_shipping_class-impresso-registro-modico","11":"first","12":"instock","13":"sale","14":"shipping-taxable","15":"purchasable","16":"product-type-simple"},"yoast_head":"<!-- This site is optimized with the Yoast SEO plugin v27.4 - https:\/\/yoast.com\/product\/yoast-seo-wordpress\/ -->\n<title>[desvirtual provis\u00f3rio] | Mariposa Cartonera<\/title>\n<meta name=\"robots\" content=\"index, follow, max-snippet:-1, max-image-preview:large, max-video-preview:-1\" \/>\n<link rel=\"canonical\" href=\"https:\/\/www.mariposacartonera.com.br\/site\/produto\/desvirtual-provisorio\/\" \/>\n<meta property=\"og:locale\" content=\"pt_BR\" \/>\n<meta property=\"og:type\" content=\"article\" \/>\n<meta property=\"og:title\" content=\"[desvirtual provis\u00f3rio] | Mariposa Cartonera\" \/>\n<meta property=\"og:description\" content=\"Em seu segundo livro de poemas, Wellington de Melo mergulha no universo da M@quina revela com seu olhar po\u00e9tico as contradi\u00e7\u00f5es de nosso tempo: de desumaniza\u00e7\u00e3o, de simulacros de virtualiza\u00e7\u00e3o da realidade. Dividido em cinco partes (A proto-M@quina, A M@quina, A anti-M@quina, A hiper-M@quina e O p\u00f3), o livro \u00e9 um testemunho po\u00e9tico, \u00e0s vezes apocal\u00edptico, \u00e0s vezes redentor, \u00e0s vezes dotado do mais puro p\u00e2nico, do que significa ser &quot;humano&quot; no come\u00e7o do s\u00e9culo XXI.  Esta \u00e9 uma edi\u00e7\u00e3o cartoneira do livro, com capa customizada em papel\u00e3o.  &nbsp;\" \/>\n<meta property=\"og:url\" content=\"https:\/\/www.mariposacartonera.com.br\/site\/produto\/desvirtual-provisorio\/\" \/>\n<meta property=\"og:site_name\" content=\"Mariposa Cartonera\" \/>\n<meta property=\"article:publisher\" content=\"https:\/\/www.facebook.com\/mariposacartonera\" \/>\n<meta property=\"article:modified_time\" content=\"2024-05-13T00:40:09+00:00\" \/>\n<meta property=\"og:image\" content=\"https:\/\/www.mariposacartonera.com.br\/site\/wp-content\/uploads\/2014\/11\/191888876.jpg\" \/>\n\t<meta property=\"og:image:width\" content=\"368\" \/>\n\t<meta property=\"og:image:height\" content=\"500\" \/>\n\t<meta property=\"og:image:type\" content=\"image\/jpeg\" \/>\n<meta name=\"twitter:card\" content=\"summary_large_image\" \/>\n<meta name=\"twitter:site\" content=\"@MariCartonera\" \/>\n<script type=\"application\/ld+json\" class=\"yoast-schema-graph\">{\"@context\":\"https:\\\/\\\/schema.org\",\"@graph\":[{\"@type\":\"WebPage\",\"@id\":\"https:\\\/\\\/www.mariposacartonera.com.br\\\/site\\\/produto\\\/desvirtual-provisorio\\\/\",\"url\":\"https:\\\/\\\/www.mariposacartonera.com.br\\\/site\\\/produto\\\/desvirtual-provisorio\\\/\",\"name\":\"[desvirtual provis\u00f3rio] | Mariposa Cartonera\",\"isPartOf\":{\"@id\":\"https:\\\/\\\/www.mariposacartonera.com.br\\\/site\\\/#website\"},\"primaryImageOfPage\":{\"@id\":\"https:\\\/\\\/www.mariposacartonera.com.br\\\/site\\\/produto\\\/desvirtual-provisorio\\\/#primaryimage\"},\"image\":{\"@id\":\"https:\\\/\\\/www.mariposacartonera.com.br\\\/site\\\/produto\\\/desvirtual-provisorio\\\/#primaryimage\"},\"thumbnailUrl\":\"https:\\\/\\\/i0.wp.com\\\/www.mariposacartonera.com.br\\\/site\\\/wp-content\\\/uploads\\\/2014\\\/11\\\/191888876.jpg?fit=368%2C500&ssl=1\",\"datePublished\":\"2014-11-08T15:26:57+00:00\",\"dateModified\":\"2024-05-13T00:40:09+00:00\",\"breadcrumb\":{\"@id\":\"https:\\\/\\\/www.mariposacartonera.com.br\\\/site\\\/produto\\\/desvirtual-provisorio\\\/#breadcrumb\"},\"inLanguage\":\"pt-BR\",\"potentialAction\":[{\"@type\":\"ReadAction\",\"target\":[\"https:\\\/\\\/www.mariposacartonera.com.br\\\/site\\\/produto\\\/desvirtual-provisorio\\\/\"]}]},{\"@type\":\"ImageObject\",\"inLanguage\":\"pt-BR\",\"@id\":\"https:\\\/\\\/www.mariposacartonera.com.br\\\/site\\\/produto\\\/desvirtual-provisorio\\\/#primaryimage\",\"url\":\"https:\\\/\\\/i0.wp.com\\\/www.mariposacartonera.com.br\\\/site\\\/wp-content\\\/uploads\\\/2014\\\/11\\\/191888876.jpg?fit=368%2C500&ssl=1\",\"contentUrl\":\"https:\\\/\\\/i0.wp.com\\\/www.mariposacartonera.com.br\\\/site\\\/wp-content\\\/uploads\\\/2014\\\/11\\\/191888876.jpg?fit=368%2C500&ssl=1\",\"width\":368,\"height\":500},{\"@type\":\"BreadcrumbList\",\"@id\":\"https:\\\/\\\/www.mariposacartonera.com.br\\\/site\\\/produto\\\/desvirtual-provisorio\\\/#breadcrumb\",\"itemListElement\":[{\"@type\":\"ListItem\",\"position\":1,\"name\":\"In\u00edcio\",\"item\":\"https:\\\/\\\/www.mariposacartonera.com.br\\\/site\\\/\"},{\"@type\":\"ListItem\",\"position\":2,\"name\":\"Loja\",\"item\":\"https:\\\/\\\/www.mariposacartonera.com.br\\\/site\\\/loja\\\/\"},{\"@type\":\"ListItem\",\"position\":3,\"name\":\"[desvirtual provis\u00f3rio]\"}]},{\"@type\":\"WebSite\",\"@id\":\"https:\\\/\\\/www.mariposacartonera.com.br\\\/site\\\/#website\",\"url\":\"https:\\\/\\\/www.mariposacartonera.com.br\\\/site\\\/\",\"name\":\"Mariposa Cartonera\",\"description\":\"Site da editora Mariposa Cartonera\",\"publisher\":{\"@id\":\"https:\\\/\\\/www.mariposacartonera.com.br\\\/site\\\/#organization\"},\"potentialAction\":[{\"@type\":\"SearchAction\",\"target\":{\"@type\":\"EntryPoint\",\"urlTemplate\":\"https:\\\/\\\/www.mariposacartonera.com.br\\\/site\\\/?s={search_term_string}\"},\"query-input\":{\"@type\":\"PropertyValueSpecification\",\"valueRequired\":true,\"valueName\":\"search_term_string\"}}],\"inLanguage\":\"pt-BR\"},{\"@type\":\"Organization\",\"@id\":\"https:\\\/\\\/www.mariposacartonera.com.br\\\/site\\\/#organization\",\"name\":\"Mariposa Cartonera\",\"url\":\"https:\\\/\\\/www.mariposacartonera.com.br\\\/site\\\/\",\"logo\":{\"@type\":\"ImageObject\",\"inLanguage\":\"pt-BR\",\"@id\":\"https:\\\/\\\/www.mariposacartonera.com.br\\\/site\\\/#\\\/schema\\\/logo\\\/image\\\/\",\"url\":\"https:\\\/\\\/i0.wp.com\\\/www.mariposacartonera.com.br\\\/site\\\/wp-content\\\/uploads\\\/2014\\\/10\\\/MarcaMariposaVERD1.png?fit=150%2C80&ssl=1\",\"contentUrl\":\"https:\\\/\\\/i0.wp.com\\\/www.mariposacartonera.com.br\\\/site\\\/wp-content\\\/uploads\\\/2014\\\/10\\\/MarcaMariposaVERD1.png?fit=150%2C80&ssl=1\",\"width\":150,\"height\":80,\"caption\":\"Mariposa Cartonera\"},\"image\":{\"@id\":\"https:\\\/\\\/www.mariposacartonera.com.br\\\/site\\\/#\\\/schema\\\/logo\\\/image\\\/\"},\"sameAs\":[\"https:\\\/\\\/www.facebook.com\\\/mariposacartonera\",\"https:\\\/\\\/x.com\\\/MariCartonera\",\"https:\\\/\\\/instagram.com\\\/mariposacartonera\"]}]}<\/script>\n<!-- \/ Yoast SEO plugin. -->","yoast_head_json":{"title":"[desvirtual provis\u00f3rio] | Mariposa Cartonera","robots":{"index":"index","follow":"follow","max-snippet":"max-snippet:-1","max-image-preview":"max-image-preview:large","max-video-preview":"max-video-preview:-1"},"canonical":"https:\/\/www.mariposacartonera.com.br\/site\/produto\/desvirtual-provisorio\/","og_locale":"pt_BR","og_type":"article","og_title":"[desvirtual provis\u00f3rio] | Mariposa Cartonera","og_description":"Em seu segundo livro de poemas, Wellington de Melo mergulha no universo da M@quina revela com seu olhar po\u00e9tico as contradi\u00e7\u00f5es de nosso tempo: de desumaniza\u00e7\u00e3o, de simulacros de virtualiza\u00e7\u00e3o da realidade. Dividido em cinco partes (A proto-M@quina, A M@quina, A anti-M@quina, A hiper-M@quina e O p\u00f3), o livro \u00e9 um testemunho po\u00e9tico, \u00e0s vezes apocal\u00edptico, \u00e0s vezes redentor, \u00e0s vezes dotado do mais puro p\u00e2nico, do que significa ser \"humano\" no come\u00e7o do s\u00e9culo XXI.  Esta \u00e9 uma edi\u00e7\u00e3o cartoneira do livro, com capa customizada em papel\u00e3o.  &nbsp;","og_url":"https:\/\/www.mariposacartonera.com.br\/site\/produto\/desvirtual-provisorio\/","og_site_name":"Mariposa Cartonera","article_publisher":"https:\/\/www.facebook.com\/mariposacartonera","article_modified_time":"2024-05-13T00:40:09+00:00","og_image":[{"width":368,"height":500,"url":"https:\/\/www.mariposacartonera.com.br\/site\/wp-content\/uploads\/2014\/11\/191888876.jpg","type":"image\/jpeg"}],"twitter_card":"summary_large_image","twitter_site":"@MariCartonera","schema":{"@context":"https:\/\/schema.org","@graph":[{"@type":"WebPage","@id":"https:\/\/www.mariposacartonera.com.br\/site\/produto\/desvirtual-provisorio\/","url":"https:\/\/www.mariposacartonera.com.br\/site\/produto\/desvirtual-provisorio\/","name":"[desvirtual provis\u00f3rio] | Mariposa Cartonera","isPartOf":{"@id":"https:\/\/www.mariposacartonera.com.br\/site\/#website"},"primaryImageOfPage":{"@id":"https:\/\/www.mariposacartonera.com.br\/site\/produto\/desvirtual-provisorio\/#primaryimage"},"image":{"@id":"https:\/\/www.mariposacartonera.com.br\/site\/produto\/desvirtual-provisorio\/#primaryimage"},"thumbnailUrl":"https:\/\/i0.wp.com\/www.mariposacartonera.com.br\/site\/wp-content\/uploads\/2014\/11\/191888876.jpg?fit=368%2C500&ssl=1","datePublished":"2014-11-08T15:26:57+00:00","dateModified":"2024-05-13T00:40:09+00:00","breadcrumb":{"@id":"https:\/\/www.mariposacartonera.com.br\/site\/produto\/desvirtual-provisorio\/#breadcrumb"},"inLanguage":"pt-BR","potentialAction":[{"@type":"ReadAction","target":["https:\/\/www.mariposacartonera.com.br\/site\/produto\/desvirtual-provisorio\/"]}]},{"@type":"ImageObject","inLanguage":"pt-BR","@id":"https:\/\/www.mariposacartonera.com.br\/site\/produto\/desvirtual-provisorio\/#primaryimage","url":"https:\/\/i0.wp.com\/www.mariposacartonera.com.br\/site\/wp-content\/uploads\/2014\/11\/191888876.jpg?fit=368%2C500&ssl=1","contentUrl":"https:\/\/i0.wp.com\/www.mariposacartonera.com.br\/site\/wp-content\/uploads\/2014\/11\/191888876.jpg?fit=368%2C500&ssl=1","width":368,"height":500},{"@type":"BreadcrumbList","@id":"https:\/\/www.mariposacartonera.com.br\/site\/produto\/desvirtual-provisorio\/#breadcrumb","itemListElement":[{"@type":"ListItem","position":1,"name":"In\u00edcio","item":"https:\/\/www.mariposacartonera.com.br\/site\/"},{"@type":"ListItem","position":2,"name":"Loja","item":"https:\/\/www.mariposacartonera.com.br\/site\/loja\/"},{"@type":"ListItem","position":3,"name":"[desvirtual provis\u00f3rio]"}]},{"@type":"WebSite","@id":"https:\/\/www.mariposacartonera.com.br\/site\/#website","url":"https:\/\/www.mariposacartonera.com.br\/site\/","name":"Mariposa Cartonera","description":"Site da editora Mariposa Cartonera","publisher":{"@id":"https:\/\/www.mariposacartonera.com.br\/site\/#organization"},"potentialAction":[{"@type":"SearchAction","target":{"@type":"EntryPoint","urlTemplate":"https:\/\/www.mariposacartonera.com.br\/site\/?s={search_term_string}"},"query-input":{"@type":"PropertyValueSpecification","valueRequired":true,"valueName":"search_term_string"}}],"inLanguage":"pt-BR"},{"@type":"Organization","@id":"https:\/\/www.mariposacartonera.com.br\/site\/#organization","name":"Mariposa Cartonera","url":"https:\/\/www.mariposacartonera.com.br\/site\/","logo":{"@type":"ImageObject","inLanguage":"pt-BR","@id":"https:\/\/www.mariposacartonera.com.br\/site\/#\/schema\/logo\/image\/","url":"https:\/\/i0.wp.com\/www.mariposacartonera.com.br\/site\/wp-content\/uploads\/2014\/10\/MarcaMariposaVERD1.png?fit=150%2C80&ssl=1","contentUrl":"https:\/\/i0.wp.com\/www.mariposacartonera.com.br\/site\/wp-content\/uploads\/2014\/10\/MarcaMariposaVERD1.png?fit=150%2C80&ssl=1","width":150,"height":80,"caption":"Mariposa Cartonera"},"image":{"@id":"https:\/\/www.mariposacartonera.com.br\/site\/#\/schema\/logo\/image\/"},"sameAs":["https:\/\/www.facebook.com\/mariposacartonera","https:\/\/x.com\/MariCartonera","https:\/\/instagram.com\/mariposacartonera"]}]}},"jetpack-related-posts":[],"jetpack_sharing_enabled":true,"_links":{"self":[{"href":"https:\/\/www.mariposacartonera.com.br\/site\/wp-json\/wp\/v2\/product\/15385","targetHints":{"allow":["GET"]}}],"collection":[{"href":"https:\/\/www.mariposacartonera.com.br\/site\/wp-json\/wp\/v2\/product"}],"about":[{"href":"https:\/\/www.mariposacartonera.com.br\/site\/wp-json\/wp\/v2\/types\/product"}],"replies":[{"embeddable":true,"href":"https:\/\/www.mariposacartonera.com.br\/site\/wp-json\/wp\/v2\/comments?post=15385"}],"wp:featuredmedia":[{"embeddable":true,"href":"https:\/\/www.mariposacartonera.com.br\/site\/wp-json\/wp\/v2\/media\/15386"}],"wp:attachment":[{"href":"https:\/\/www.mariposacartonera.com.br\/site\/wp-json\/wp\/v2\/media?parent=15385"}],"wp:term":[{"taxonomy":"product_brand","embeddable":true,"href":"https:\/\/www.mariposacartonera.com.br\/site\/wp-json\/wp\/v2\/product_brand?post=15385"},{"taxonomy":"product_cat","embeddable":true,"href":"https:\/\/www.mariposacartonera.com.br\/site\/wp-json\/wp\/v2\/product_cat?post=15385"},{"taxonomy":"product_tag","embeddable":true,"href":"https:\/\/www.mariposacartonera.com.br\/site\/wp-json\/wp\/v2\/product_tag?post=15385"}],"curies":[{"name":"wp","href":"https:\/\/api.w.org\/{rel}","templated":true}]}}