{"id":1452,"date":"2013-10-16T12:05:38","date_gmt":"2013-10-16T12:05:38","guid":{"rendered":"http:\/\/demo.qodeinteractive.com\/bridge\/?page_id=1452"},"modified":"2021-04-30T08:42:04","modified_gmt":"2021-04-30T11:42:04","slug":"contact-2","status":"publish","type":"page","link":"https:\/\/www.mariposacartonera.com.br\/site\/contact-2\/","title":{"rendered":"Entre em contato"},"content":{"rendered":"<div class=\"wpb-content-wrapper\"><p>[vc_row css_animation=&#8221;&#8221; row_type=&#8221;row&#8221; use_row_as_full_screen_section=&#8221;no&#8221; type=&#8221;full_width&#8221; angled_section=&#8221;no&#8221; text_align=&#8221;left&#8221; background_image_as_pattern=&#8221;without_pattern&#8221; padding_top=&#8221;150&#8243; z_index=&#8221;&#8221;][vc_column width=&#8221;1\/2&#8243;][vc_column_text]<\/p>\n<h3><span style=\"color: #ffffff;\">ENTRE EM CONTATO<\/span><\/h3>\n<p>[\/vc_column_text][vc_empty_space][vc_column_text]<span style=\"color: #ffffff;\">A Mariposa Cartonera realiza encontros itinerantes <\/span><br \/>\n<span style=\"color: #ffffff;\">e seu ateli\u00ea \u00e9 qualquer em lugar ao qual nos convidem.<\/span>[\/vc_column_text][vc_separator type=&#8221;transparent&#8221; up=&#8221;6&#8243; down=&#8221;6&#8243;][vc_column_text]<span style=\"color: #ffffff;\">Se quiser enviar-nos correspond\u00eancias ou seus livros, <\/span><br \/>\n<span style=\"color: #ffffff;\">fa\u00e7a-o para o endere\u00e7o abaixo.<\/span>[\/vc_column_text][vc_separator type=&#8221;transparent&#8221; up=&#8221;6&#8243; down=&#8221;6&#8243;][vc_column_text]<span style=\"color: #ffffff;\">Se quiser mandar uma mensagem ou solicitar<\/span><br \/>\n<span style=\"color: #ffffff;\">um or\u00e7amento de nossos servi\u00e7os, use o<\/span><br \/>\n<span style=\"color: #ffffff;\">formul\u00e1rio ao lado.<\/span>[\/vc_column_text][vc_separator type=&#8221;transparent&#8221; up=&#8221;6&#8243; down=&#8221;6&#8243;][vc_empty_space height=&#8221;28px&#8221;][vc_column_text]<span style=\"color: #ffffff;\">R. Prof. Joaquim Xavier de Brito, 551 &#8211; 304F<\/span><\/p>\n<p><span style=\"color: #ffffff;\">Recife, PE &#8211; 50721-510<\/span><\/p>\n<p><span style=\"color: #ffffff;\">contato@mariposacartonera.com.br<\/span><\/p>\n<p><span style=\"color: #ffffff;\">Fone: +55 (81) 98260-7770<\/span>[\/vc_column_text][vc_separator type=&#8221;transparent&#8221; up=&#8221;6&#8243; down=&#8221;6&#8243;]<span class='q_social_icon_holder normal_social' ><a itemprop='url' href='https:\/\/www.facebook.com\/pages\/Mariposa-Cartonera' target='_blank'><i class=\"qode_icon_font_awesome fa fa-facebook fa-lg simple_social\" style=\"margin: 0 13px 0 0;\" ><\/i><\/a><\/span><span class='q_social_icon_holder normal_social' ><a itemprop='url' href='http:\/\/instagram.com\/mariposacartonera' target='_blank'><i class=\"qode_icon_font_awesome fa fa-instagram fa-lg simple_social\" style=\"margin: 0 13px 0 0;\" ><\/i><\/a><\/span><span class='q_social_icon_holder normal_social' ><a itemprop='url' href='https:\/\/www.pinterest.com\/maricartonera\/mariposa-cartonera\/' target='_blank'><i class=\"qode_icon_font_awesome fa fa-pinterest fa-lg simple_social\" style=\"margin: 0 13px 0 0;\" ><\/i><\/a><\/span>[\/vc_column][vc_column width=&#8221;1\/2&#8243;]\n<div class=\"wpcf7 no-js\" id=\"wpcf7-f6-o1\" lang=\"pt-BR\" dir=\"ltr\" data-wpcf7-id=\"6\">\n<div class=\"screen-reader-response\"><p role=\"status\" aria-live=\"polite\" aria-atomic=\"true\"><\/p> <ul><\/ul><\/div>\n<form action=\"\/site\/wp-json\/wp\/v2\/pages\/1452#wpcf7-f6-o1\" method=\"post\" class=\"wpcf7-form init default\" aria-label=\"Formul\u00e1rios de contato\" enctype=\"multipart\/form-data\" novalidate=\"novalidate\" data-status=\"init\">\n<fieldset class=\"hidden-fields-container\"><input type=\"hidden\" name=\"_wpcf7\" value=\"6\" \/><input type=\"hidden\" name=\"_wpcf7_version\" value=\"6.1.5\" \/><input type=\"hidden\" name=\"_wpcf7_locale\" value=\"pt_BR\" \/><input type=\"hidden\" name=\"_wpcf7_unit_tag\" value=\"wpcf7-f6-o1\" \/><input type=\"hidden\" name=\"_wpcf7_container_post\" value=\"0\" \/><input type=\"hidden\" name=\"_wpcf7_posted_data_hash\" value=\"\" \/>\n<\/fieldset>\n<p>Seu nome (obrigat\u00f3rio)\n<\/p>\n<p><span class=\"wpcf7-form-control-wrap\" data-name=\"your-name\"><input size=\"40\" maxlength=\"400\" class=\"wpcf7-form-control wpcf7-text wpcf7-validates-as-required\" aria-required=\"true\" aria-invalid=\"false\" value=\"\" type=\"text\" name=\"your-name\" \/><\/span>\n<\/p>\n<p>Seu e-mail (obrigat\u00f3rio)\n<\/p>\n<p><span class=\"wpcf7-form-control-wrap\" data-name=\"your-email\"><input size=\"40\" maxlength=\"400\" class=\"wpcf7-form-control wpcf7-email wpcf7-validates-as-required wpcf7-text wpcf7-validates-as-email\" aria-required=\"true\" aria-invalid=\"false\" value=\"\" type=\"email\" name=\"your-email\" \/><\/span>\n<\/p>\n<p>Assunto\n<\/p>\n<p><span class=\"wpcf7-form-control-wrap\" data-name=\"your-subject\"><input size=\"40\" maxlength=\"400\" class=\"wpcf7-form-control wpcf7-text\" aria-invalid=\"false\" value=\"\" type=\"text\" name=\"your-subject\" \/><\/span>\n<\/p>\n<p>Sua mensagem\n<\/p>\n<p><span class=\"wpcf7-form-control-wrap\" data-name=\"your-message\"><textarea cols=\"40\" rows=\"10\" maxlength=\"2000\" class=\"wpcf7-form-control wpcf7-textarea\" aria-invalid=\"false\" name=\"your-message\"><\/textarea><\/span>\n<\/p>\n<p>Para or\u00e7amento, subir arquivo do livro\n<\/p>\n<p><span class=\"wpcf7-form-control-wrap\" data-name=\"file-736\"><input size=\"40\" class=\"wpcf7-form-control wpcf7-file\" accept=\".pdf,.doc,.docx,.txt\" aria-invalid=\"false\" type=\"file\" name=\"file-736\" \/><\/span>\n<\/p>\n<p><span class=\"wpcf7-form-control-wrap\" data-name=\"quiz-375\"><label><span class=\"wpcf7-quiz-label\">Sou humano? (Responda SIM)<\/span> <input size=\"40\" class=\"wpcf7-form-control wpcf7-quiz\" autocomplete=\"off\" aria-required=\"true\" aria-invalid=\"false\" type=\"text\" name=\"quiz-375\" \/><\/label><input type=\"hidden\" name=\"_wpcf7_quiz_answer_quiz-375\" value=\"c1e216f64b7e024d1c9ed92591f53609\" \/><\/span>\n<\/p>\n<p><input class=\"wpcf7-form-control wpcf7-submit has-spinner\" type=\"submit\" value=\"Enviar\" \/>\n<\/p><div class=\"wpcf7-response-output\" aria-hidden=\"true\"><\/div>\n<\/form>\n<\/div>\n[\/vc_column][\/vc_row]<\/p>\n<\/div>","protected":false},"excerpt":{"rendered":"<p>[vc_row css_animation=&#8221;&#8221; row_type=&#8221;row&#8221; use_row_as_full_screen_section=&#8221;no&#8221; type=&#8221;full_width&#8221; angled_section=&#8221;no&#8221; text_align=&#8221;left&#8221; background_image_as_pattern=&#8221;without_pattern&#8221; padding_top=&#8221;150&#8243; z_index=&#8221;&#8221;][vc_column width=&#8221;1\/2&#8243;][vc_column_text] ENTRE EM CONTATO [\/vc_column_text][vc_empty_space][vc_column_text]A Mariposa Cartonera realiza encontros itinerantes e seu ateli\u00ea \u00e9 qualquer em lugar ao qual nos convidem.[\/vc_column_text][vc_separator type=&#8221;transparent&#8221; up=&#8221;6&#8243; down=&#8221;6&#8243;][vc_column_text]Se quiser enviar-nos correspond\u00eancias ou seus livros, fa\u00e7a-o para o endere\u00e7o abaixo.[\/vc_column_text][vc_separator&#8230;<\/p>\n","protected":false},"author":262,"featured_media":0,"parent":0,"menu_order":0,"comment_status":"open","ping_status":"open","template":"","meta":{"footnotes":""},"class_list":["post-1452","page","type-page","status-publish","hentry"],"yoast_head":"<!-- This site is optimized with the Yoast SEO plugin v27.3 - https:\/\/yoast.com\/product\/yoast-seo-wordpress\/ -->\n<title>Entre em contato | Mariposa Cartonera<\/title>\n<meta name=\"description\" content=\"Entre em contato com o Mariposa Cartonera\" \/>\n<meta name=\"robots\" content=\"index, follow, max-snippet:-1, max-image-preview:large, max-video-preview:-1\" \/>\n<link rel=\"canonical\" href=\"https:\/\/www.mariposacartonera.com.br\/site\/contact-2\/\" \/>\n<meta property=\"og:locale\" content=\"pt_BR\" \/>\n<meta property=\"og:type\" content=\"article\" \/>\n<meta property=\"og:title\" content=\"Entre em contato | Mariposa Cartonera\" \/>\n<meta property=\"og:description\" content=\"Entre em contato com o Mariposa Cartonera\" \/>\n<meta property=\"og:url\" content=\"https:\/\/www.mariposacartonera.com.br\/site\/contact-2\/\" \/>\n<meta property=\"og:site_name\" content=\"Mariposa Cartonera\" \/>\n<meta property=\"article:publisher\" content=\"https:\/\/www.facebook.com\/mariposacartonera\" \/>\n<meta property=\"article:modified_time\" content=\"2021-04-30T11:42:04+00:00\" \/>\n<meta name=\"twitter:card\" content=\"summary_large_image\" \/>\n<meta name=\"twitter:site\" content=\"@MariCartonera\" \/>\n<meta name=\"twitter:label1\" content=\"Est. tempo de leitura\" \/>\n\t<meta name=\"twitter:data1\" content=\"1 minuto\" \/>\n<script type=\"application\/ld+json\" class=\"yoast-schema-graph\">{\"@context\":\"https:\\\/\\\/schema.org\",\"@graph\":[{\"@type\":\"WebPage\",\"@id\":\"https:\\\/\\\/www.mariposacartonera.com.br\\\/site\\\/contact-2\\\/\",\"url\":\"https:\\\/\\\/www.mariposacartonera.com.br\\\/site\\\/contact-2\\\/\",\"name\":\"Entre em contato | Mariposa Cartonera\",\"isPartOf\":{\"@id\":\"https:\\\/\\\/www.mariposacartonera.com.br\\\/site\\\/#website\"},\"datePublished\":\"2013-10-16T12:05:38+00:00\",\"dateModified\":\"2021-04-30T11:42:04+00:00\",\"description\":\"Entre em contato com o Mariposa Cartonera\",\"breadcrumb\":{\"@id\":\"https:\\\/\\\/www.mariposacartonera.com.br\\\/site\\\/contact-2\\\/#breadcrumb\"},\"inLanguage\":\"pt-BR\",\"potentialAction\":[{\"@type\":\"ReadAction\",\"target\":[\"https:\\\/\\\/www.mariposacartonera.com.br\\\/site\\\/contact-2\\\/\"]}]},{\"@type\":\"BreadcrumbList\",\"@id\":\"https:\\\/\\\/www.mariposacartonera.com.br\\\/site\\\/contact-2\\\/#breadcrumb\",\"itemListElement\":[{\"@type\":\"ListItem\",\"position\":1,\"name\":\"In\u00edcio\",\"item\":\"https:\\\/\\\/www.mariposacartonera.com.br\\\/site\\\/\"},{\"@type\":\"ListItem\",\"position\":2,\"name\":\"Entre em contato\"}]},{\"@type\":\"WebSite\",\"@id\":\"https:\\\/\\\/www.mariposacartonera.com.br\\\/site\\\/#website\",\"url\":\"https:\\\/\\\/www.mariposacartonera.com.br\\\/site\\\/\",\"name\":\"Mariposa Cartonera\",\"description\":\"Site da editora Mariposa Cartonera\",\"publisher\":{\"@id\":\"https:\\\/\\\/www.mariposacartonera.com.br\\\/site\\\/#organization\"},\"potentialAction\":[{\"@type\":\"SearchAction\",\"target\":{\"@type\":\"EntryPoint\",\"urlTemplate\":\"https:\\\/\\\/www.mariposacartonera.com.br\\\/site\\\/?s={search_term_string}\"},\"query-input\":{\"@type\":\"PropertyValueSpecification\",\"valueRequired\":true,\"valueName\":\"search_term_string\"}}],\"inLanguage\":\"pt-BR\"},{\"@type\":\"Organization\",\"@id\":\"https:\\\/\\\/www.mariposacartonera.com.br\\\/site\\\/#organization\",\"name\":\"Mariposa Cartonera\",\"url\":\"https:\\\/\\\/www.mariposacartonera.com.br\\\/site\\\/\",\"logo\":{\"@type\":\"ImageObject\",\"inLanguage\":\"pt-BR\",\"@id\":\"https:\\\/\\\/www.mariposacartonera.com.br\\\/site\\\/#\\\/schema\\\/logo\\\/image\\\/\",\"url\":\"https:\\\/\\\/i0.wp.com\\\/www.mariposacartonera.com.br\\\/site\\\/wp-content\\\/uploads\\\/2014\\\/10\\\/MarcaMariposaVERD1.png?fit=150%2C80&ssl=1\",\"contentUrl\":\"https:\\\/\\\/i0.wp.com\\\/www.mariposacartonera.com.br\\\/site\\\/wp-content\\\/uploads\\\/2014\\\/10\\\/MarcaMariposaVERD1.png?fit=150%2C80&ssl=1\",\"width\":150,\"height\":80,\"caption\":\"Mariposa Cartonera\"},\"image\":{\"@id\":\"https:\\\/\\\/www.mariposacartonera.com.br\\\/site\\\/#\\\/schema\\\/logo\\\/image\\\/\"},\"sameAs\":[\"https:\\\/\\\/www.facebook.com\\\/mariposacartonera\",\"https:\\\/\\\/x.com\\\/MariCartonera\",\"https:\\\/\\\/instagram.com\\\/mariposacartonera\"]}]}<\/script>\n<!-- \/ Yoast SEO plugin. -->","yoast_head_json":{"title":"Entre em contato | Mariposa Cartonera","description":"Entre em contato com o Mariposa Cartonera","robots":{"index":"index","follow":"follow","max-snippet":"max-snippet:-1","max-image-preview":"max-image-preview:large","max-video-preview":"max-video-preview:-1"},"canonical":"https:\/\/www.mariposacartonera.com.br\/site\/contact-2\/","og_locale":"pt_BR","og_type":"article","og_title":"Entre em contato | Mariposa Cartonera","og_description":"Entre em contato com o Mariposa Cartonera","og_url":"https:\/\/www.mariposacartonera.com.br\/site\/contact-2\/","og_site_name":"Mariposa Cartonera","article_publisher":"https:\/\/www.facebook.com\/mariposacartonera","article_modified_time":"2021-04-30T11:42:04+00:00","twitter_card":"summary_large_image","twitter_site":"@MariCartonera","twitter_misc":{"Est. tempo de leitura":"1 minuto"},"schema":{"@context":"https:\/\/schema.org","@graph":[{"@type":"WebPage","@id":"https:\/\/www.mariposacartonera.com.br\/site\/contact-2\/","url":"https:\/\/www.mariposacartonera.com.br\/site\/contact-2\/","name":"Entre em contato | Mariposa Cartonera","isPartOf":{"@id":"https:\/\/www.mariposacartonera.com.br\/site\/#website"},"datePublished":"2013-10-16T12:05:38+00:00","dateModified":"2021-04-30T11:42:04+00:00","description":"Entre em contato com o Mariposa Cartonera","breadcrumb":{"@id":"https:\/\/www.mariposacartonera.com.br\/site\/contact-2\/#breadcrumb"},"inLanguage":"pt-BR","potentialAction":[{"@type":"ReadAction","target":["https:\/\/www.mariposacartonera.com.br\/site\/contact-2\/"]}]},{"@type":"BreadcrumbList","@id":"https:\/\/www.mariposacartonera.com.br\/site\/contact-2\/#breadcrumb","itemListElement":[{"@type":"ListItem","position":1,"name":"In\u00edcio","item":"https:\/\/www.mariposacartonera.com.br\/site\/"},{"@type":"ListItem","position":2,"name":"Entre em contato"}]},{"@type":"WebSite","@id":"https:\/\/www.mariposacartonera.com.br\/site\/#website","url":"https:\/\/www.mariposacartonera.com.br\/site\/","name":"Mariposa Cartonera","description":"Site da editora Mariposa Cartonera","publisher":{"@id":"https:\/\/www.mariposacartonera.com.br\/site\/#organization"},"potentialAction":[{"@type":"SearchAction","target":{"@type":"EntryPoint","urlTemplate":"https:\/\/www.mariposacartonera.com.br\/site\/?s={search_term_string}"},"query-input":{"@type":"PropertyValueSpecification","valueRequired":true,"valueName":"search_term_string"}}],"inLanguage":"pt-BR"},{"@type":"Organization","@id":"https:\/\/www.mariposacartonera.com.br\/site\/#organization","name":"Mariposa Cartonera","url":"https:\/\/www.mariposacartonera.com.br\/site\/","logo":{"@type":"ImageObject","inLanguage":"pt-BR","@id":"https:\/\/www.mariposacartonera.com.br\/site\/#\/schema\/logo\/image\/","url":"https:\/\/i0.wp.com\/www.mariposacartonera.com.br\/site\/wp-content\/uploads\/2014\/10\/MarcaMariposaVERD1.png?fit=150%2C80&ssl=1","contentUrl":"https:\/\/i0.wp.com\/www.mariposacartonera.com.br\/site\/wp-content\/uploads\/2014\/10\/MarcaMariposaVERD1.png?fit=150%2C80&ssl=1","width":150,"height":80,"caption":"Mariposa Cartonera"},"image":{"@id":"https:\/\/www.mariposacartonera.com.br\/site\/#\/schema\/logo\/image\/"},"sameAs":["https:\/\/www.facebook.com\/mariposacartonera","https:\/\/x.com\/MariCartonera","https:\/\/instagram.com\/mariposacartonera"]}]}},"jetpack-related-posts":[],"jetpack_sharing_enabled":true,"_links":{"self":[{"href":"https:\/\/www.mariposacartonera.com.br\/site\/wp-json\/wp\/v2\/pages\/1452","targetHints":{"allow":["GET"]}}],"collection":[{"href":"https:\/\/www.mariposacartonera.com.br\/site\/wp-json\/wp\/v2\/pages"}],"about":[{"href":"https:\/\/www.mariposacartonera.com.br\/site\/wp-json\/wp\/v2\/types\/page"}],"author":[{"embeddable":true,"href":"https:\/\/www.mariposacartonera.com.br\/site\/wp-json\/wp\/v2\/users\/262"}],"replies":[{"embeddable":true,"href":"https:\/\/www.mariposacartonera.com.br\/site\/wp-json\/wp\/v2\/comments?post=1452"}],"version-history":[{"count":0,"href":"https:\/\/www.mariposacartonera.com.br\/site\/wp-json\/wp\/v2\/pages\/1452\/revisions"}],"wp:attachment":[{"href":"https:\/\/www.mariposacartonera.com.br\/site\/wp-json\/wp\/v2\/media?parent=1452"}],"curies":[{"name":"wp","href":"https:\/\/api.w.org\/{rel}","templated":true}]}}