{"id":13595,"date":"2014-03-25T08:33:37","date_gmt":"2014-03-25T08:33:37","guid":{"rendered":"http:\/\/demo.qodeinteractive.com\/bridge\/?page_id=13595"},"modified":"2020-09-22T11:31:32","modified_gmt":"2020-09-22T14:31:32","slug":"publique-seu-livro","status":"publish","type":"page","link":"https:\/\/www.mariposacartonera.com.br\/site\/publique-seu-livro\/","title":{"rendered":"PUBLIQUE SEU LIVRO"},"content":{"rendered":"<div class=\"wpb-content-wrapper\"><p>[vc_row css_animation=&#8221;&#8221; row_type=&#8221;row&#8221; use_row_as_full_screen_section=&#8221;no&#8221; type=&#8221;grid&#8221; angled_section=&#8221;no&#8221; text_align=&#8221;left&#8221; background_image_as_pattern=&#8221;without_pattern&#8221; background_color=&#8221;#ffffff&#8221; padding_top=&#8221;87&#8243; padding_bottom=&#8221;15&#8243;][vc_column][vc_column_text]<\/p>\n<h2 style=\"text-align: center;\">SOLICITE OR\u00c7AMENTO HOJE<\/h2>\n<p>[\/vc_column_text][vc_separator type=&#8221;small&#8221; position=&#8221;center&#8221; up=&#8221;7&#8243; down=&#8221;38&#8243;][vc_column_text]<\/p>\n<h4 style=\"text-align: center;\">Edi\u00e7\u00e3o artesanal de seu livro produzida sob medida<br \/>\npela Cartonera Aberta, nosso selo para autopoublica\u00e7\u00e3o.<\/h4>\n<p>[\/vc_column_text][vc_separator type=&#8221;transparent&#8221; up=&#8221;68&#8243; down=&#8221;39&#8243;][qode_pricing_tables columns=&#8221;three_columns&#8221;][qode_pricing_table title=&#8221;B\u00e1sico&#8221; title_tag_standard=&#8221;&#8221; show_button=&#8221;yes&#8221; target=&#8221;_self&#8221; active=&#8221;no&#8221; price=&#8221;949&#8243; currency=&#8221;R$&#8221; link=&#8221;http:\/\/www.mariposacartonera.com.br.br\/site\/contact-2\/&#8221; button_text=&#8221;Contrate&#8221; price_period=&#8221;\/50 un.&#8221;]<\/p>\n<ul>\n<li>50 exemplares<\/li>\n<li>at\u00e9 52 p\u00e1ginas<\/li>\n<li>capas \u00fanicas<\/li>\n<li>projeto gr\u00e1fico<\/li>\n<li>costura simples<\/li>\n<li>acompanhamento editorial<\/li>\n<\/ul>\n<p>[\/qode_pricing_table][qode_pricing_table title=&#8221;Padr\u00e3o&#8221; title_tag_standard=&#8221;&#8221; show_button=&#8221;yes&#8221; target=&#8221;_self&#8221; active=&#8221;yes&#8221; price=&#8221;1599&#8243; currency=&#8221;R$&#8221; link=&#8221;http:\/\/www.mariposacartonera.com.br.br\/site\/contact-2\/&#8221; price_period=&#8221;\/100 un.&#8221; button_text=&#8221;Contrate&#8221;]<\/p>\n<ul>\n<li>100 exemplares<\/li>\n<li>at\u00e9 52 p\u00e1ginas<\/li>\n<li>capas \u00fanicas<\/li>\n<li>projeto gr\u00e1fico<\/li>\n<li>costura simples<\/li>\n<li>acompanhamento editorial<\/li>\n<\/ul>\n<p>[\/qode_pricing_table][qode_pricing_table title=&#8221;Profissional&#8221; title_tag_standard=&#8221;&#8221; show_button=&#8221;yes&#8221; target=&#8221;_self&#8221; active=&#8221;no&#8221; price=&#8221;1899&#8243; currency=&#8221;R$&#8221; price_period=&#8221;\/100 un.&#8221; link=&#8221;http:\/\/www.mariposacartonera.com.br.br\/site\/contact-2\/&#8221; button_text=&#8221;Contrate&#8221;]<\/p>\n<ul>\n<li>100 exemplares<\/li>\n<li>at\u00e9 96 p\u00e1ginas<\/li>\n<li>capas \u00fanicas<\/li>\n<li>projeto gr\u00e1fico exclusivo<\/li>\n<li>costura dupla<\/li>\n<li>acompanhamento editorial<\/li>\n<\/ul>\n<p>[\/qode_pricing_table][\/qode_pricing_tables][vc_separator type=&#8221;transparent&#8221; up=&#8221;70&#8243; down=&#8221;39&#8243;][vc_column_text]<\/p>\n<h2 style=\"text-align: center;\">SERVI\u00c7OS EDITORIAIS<\/h2>\n<p>[\/vc_column_text][vc_separator type=&#8221;small&#8221; position=&#8221;center&#8221; up=&#8221;7&#8243; down=&#8221;38&#8243;][vc_column_text]<\/p>\n<h4 style=\"text-align: center;\">N\u00e3o publique seu livro com erros:<br \/>\ncontrate nossos servi\u00e7os editoriais agora mesmo.<\/h4>\n<p>[\/vc_column_text][vc_separator type=&#8221;small&#8221; position=&#8221;center&#8221; up=&#8221;7&#8243; down=&#8221;38&#8243;][qode_pricing_tables columns=&#8221;three_columns&#8221;][qode_pricing_table title=&#8221;Revis\u00e3o&#8221; title_tag_standard=&#8221;&#8221; show_button=&#8221;yes&#8221; target=&#8221;_self&#8221; active=&#8221;no&#8221; price=&#8221;15&#8243; currency=&#8221;R$&#8221; price_period=&#8221;\/250 palavras&#8221; link=&#8221;http:\/\/www.mariposacartonera.com.br.br\/site\/contact-2\/&#8221; button_text=&#8221;Contrate&#8221;]<\/p>\n<ul>\n<li>revis\u00e3o ortogr\u00e1fica<\/li>\n<li>pontua\u00e7\u00e3o<\/li>\n<li>estrutura sint\u00e1tica<\/li>\n<\/ul>\n<p>[\/qode_pricing_table][qode_pricing_table title=&#8221;Leitura Cr\u00edtica&#8221; title_tag_standard=&#8221;&#8221; show_button=&#8221;yes&#8221; target=&#8221;_self&#8221; active=&#8221;no&#8221; price=&#8221;20&#8243; currency=&#8221;R$&#8221; price_period=&#8221;\/250 palavras&#8221; link=&#8221;http:\/\/www.mariposacartonera.com.br.br\/site\/contact-2\/&#8221; button_text=&#8221;Contrate&#8221;]<\/p>\n<ul>\n<li>leitura e parecer cr\u00edtico<\/li>\n<li>propostas de edi\u00e7\u00e3o<\/li>\n<li>feedback presencial<\/li>\n<\/ul>\n<p>[\/qode_pricing_table][qode_pricing_table title=&#8221;Copidesque&#8221; title_tag_standard=&#8221;&#8221; show_button=&#8221;yes&#8221; target=&#8221;_self&#8221; active=&#8221;no&#8221; price=&#8221;30&#8243; currency=&#8221;R$&#8221; price_period=&#8221;\/300 palavras&#8221; link=&#8221;http:\/\/www.mariposacartonera.com.br.br\/site\/contact-2\/&#8221; button_text=&#8221;Contrate&#8221;]<\/p>\n<ul>\n<li>edi\u00e7\u00e3o e normatiza\u00e7\u00e3o<\/li>\n<li>sugest\u00e3o de modifica\u00e7\u00f5es<\/li>\n<li>2 encontros presenciais<\/li>\n<\/ul>\n<p>[\/qode_pricing_table][\/qode_pricing_tables][vc_separator type=&#8221;transparent&#8221; up=&#8221;79&#8243; down=&#8221;0&#8243;]<div class=\"qode-cta-section qode-cta-appear-effect\">\n\t<img decoding=\"async\" src=\"https:\/\/i0.wp.com\/www.mariposacartonera.com.br\/site\/wp-content\/uploads\/2014\/03\/23191606163_22b03a7881_o-2.jpg?fit=1342%2C500&ssl=1\" alt=\"call to action image\"\/>\n\t<div class=\"qode-cta-section-text-wrapper\">\n\t\t<div class=\"qode-cta-section-text-wrapper-inner\" >\n\t\t\t\t\t\t\t<div class=\"qode-cta-section-title-holder\">\n\t\t\t\t\t<h2 class=\"qode-cta-section-title\">\n\t\t\t\t\t\tCONTRATE-NOS AGORA\t\t\t\t\t<\/h2>\n\t\t\t\t<\/div>\n\t\t\t\n            <div class=\"separator  small center  qode-type1-gradient-left-to-right \" style=\"margin-top: 27px;margin-bottom: 31px;height: 2px;width: 150px;\"><\/div>\n\n\t\t\t\t\t\t\t<div class=\"qode-cta-section-description-holder\">\n\t\t\t\t\t<p class=\"qode-cta-section-description\">\n\t\t\t\t\t\tEnvie-nos uma mensagem e contrate nossos servi\u00e7os agora.\t\t\t\t\t<\/p>\n\t\t\t\t<\/div>\n\t\t\t\t\t\t\n\n\t<a href=\"http:\/\/www.mariposacartonera.com.br.br\/site\/contact-2\/\" target=\"_blank\"  class=\"qode-btn qode-btn-medium qode-btn-solid qode-btn-icon qode-btn-with-shadow qode-btn-shadow-hover\"  >\n\t    <span class=\"qode-btn-text\"><\/span><span class=\"qode-button-v2-icon-holder qode-type1-gradient-bottom-to-top-text\"  ><span aria-hidden=\"true\" class=\"qode_icon_font_elegant arrow_carrot-right qode-button-v2-icon-holder-inner\" ><\/span><\/span>\t<\/a>\n\n\t\t<\/div>\n\t<\/div>\n<\/div>[\/vc_column][\/vc_row]<\/p>\n<\/div>","protected":false},"excerpt":{"rendered":"<p>[vc_row css_animation=&#8221;&#8221; row_type=&#8221;row&#8221; use_row_as_full_screen_section=&#8221;no&#8221; type=&#8221;grid&#8221; angled_section=&#8221;no&#8221; text_align=&#8221;left&#8221; background_image_as_pattern=&#8221;without_pattern&#8221; background_color=&#8221;#ffffff&#8221; padding_top=&#8221;87&#8243; padding_bottom=&#8221;15&#8243;][vc_column][vc_column_text] SOLICITE OR\u00c7AMENTO HOJE [\/vc_column_text][vc_separator type=&#8221;small&#8221; position=&#8221;center&#8221; up=&#8221;7&#8243; down=&#8221;38&#8243;][vc_column_text] Edi\u00e7\u00e3o artesanal de seu livro produzida sob medida pela Cartonera Aberta, nosso selo para autopoublica\u00e7\u00e3o. [\/vc_column_text][vc_separator type=&#8221;transparent&#8221; up=&#8221;68&#8243; down=&#8221;39&#8243;][qode_pricing_tables columns=&#8221;three_columns&#8221;][qode_pricing_table title=&#8221;B\u00e1sico&#8221; title_tag_standard=&#8221;&#8221; show_button=&#8221;yes&#8221; target=&#8221;_self&#8221; active=&#8221;no&#8221; price=&#8221;949&#8243;&#8230;<\/p>\n","protected":false},"author":262,"featured_media":0,"parent":0,"menu_order":0,"comment_status":"open","ping_status":"open","template":"full_width.php","meta":{"footnotes":""},"class_list":["post-13595","page","type-page","status-publish","hentry"],"yoast_head":"<!-- This site is optimized with the Yoast SEO plugin v27.4 - https:\/\/yoast.com\/product\/yoast-seo-wordpress\/ -->\n<title>PUBLIQUE SEU LIVRO | Mariposa Cartonera<\/title>\n<meta name=\"robots\" content=\"index, follow, max-snippet:-1, max-image-preview:large, max-video-preview:-1\" \/>\n<link rel=\"canonical\" href=\"https:\/\/www.mariposacartonera.com.br\/site\/publique-seu-livro\/\" \/>\n<meta property=\"og:locale\" content=\"pt_BR\" \/>\n<meta property=\"og:type\" content=\"article\" \/>\n<meta property=\"og:title\" content=\"PUBLIQUE SEU LIVRO | Mariposa Cartonera\" \/>\n<meta property=\"og:description\" content=\"[vc_row css_animation=&#8221;&#8221; row_type=&#8221;row&#8221; use_row_as_full_screen_section=&#8221;no&#8221; type=&#8221;grid&#8221; angled_section=&#8221;no&#8221; text_align=&#8221;left&#8221; background_image_as_pattern=&#8221;without_pattern&#8221; background_color=&#8221;#ffffff&#8221; padding_top=&#8221;87&#8243; padding_bottom=&#8221;15&#8243;][vc_column][vc_column_text] SOLICITE OR\u00c7AMENTO HOJE [\/vc_column_text][vc_separator type=&#8221;small&#8221; position=&#8221;center&#8221; up=&#8221;7&#8243; down=&#8221;38&#8243;][vc_column_text] Edi\u00e7\u00e3o artesanal de seu livro produzida sob medida pela Cartonera Aberta, nosso selo para autopoublica\u00e7\u00e3o. [\/vc_column_text][vc_separator type=&#8221;transparent&#8221; up=&#8221;68&#8243; down=&#8221;39&#8243;][qode_pricing_tables columns=&#8221;three_columns&#8221;][qode_pricing_table title=&#8221;B\u00e1sico&#8221; title_tag_standard=&#8221;&#8221; show_button=&#8221;yes&#8221; target=&#8221;_self&#8221; active=&#8221;no&#8221; price=&#8221;949&#8243;...\" \/>\n<meta property=\"og:url\" content=\"https:\/\/www.mariposacartonera.com.br\/site\/publique-seu-livro\/\" \/>\n<meta property=\"og:site_name\" content=\"Mariposa Cartonera\" \/>\n<meta property=\"article:publisher\" content=\"https:\/\/www.facebook.com\/mariposacartonera\" \/>\n<meta property=\"article:modified_time\" content=\"2020-09-22T14:31:32+00:00\" \/>\n<meta name=\"twitter:card\" content=\"summary_large_image\" \/>\n<meta name=\"twitter:site\" content=\"@MariCartonera\" \/>\n<meta name=\"twitter:label1\" content=\"Est. tempo de leitura\" \/>\n\t<meta name=\"twitter:data1\" content=\"2 minutos\" \/>\n<script type=\"application\/ld+json\" class=\"yoast-schema-graph\">{\"@context\":\"https:\\\/\\\/schema.org\",\"@graph\":[{\"@type\":\"WebPage\",\"@id\":\"https:\\\/\\\/www.mariposacartonera.com.br\\\/site\\\/publique-seu-livro\\\/\",\"url\":\"https:\\\/\\\/www.mariposacartonera.com.br\\\/site\\\/publique-seu-livro\\\/\",\"name\":\"PUBLIQUE SEU LIVRO | Mariposa Cartonera\",\"isPartOf\":{\"@id\":\"https:\\\/\\\/www.mariposacartonera.com.br\\\/site\\\/#website\"},\"datePublished\":\"2014-03-25T08:33:37+00:00\",\"dateModified\":\"2020-09-22T14:31:32+00:00\",\"breadcrumb\":{\"@id\":\"https:\\\/\\\/www.mariposacartonera.com.br\\\/site\\\/publique-seu-livro\\\/#breadcrumb\"},\"inLanguage\":\"pt-BR\",\"potentialAction\":[{\"@type\":\"ReadAction\",\"target\":[\"https:\\\/\\\/www.mariposacartonera.com.br\\\/site\\\/publique-seu-livro\\\/\"]}]},{\"@type\":\"BreadcrumbList\",\"@id\":\"https:\\\/\\\/www.mariposacartonera.com.br\\\/site\\\/publique-seu-livro\\\/#breadcrumb\",\"itemListElement\":[{\"@type\":\"ListItem\",\"position\":1,\"name\":\"In\u00edcio\",\"item\":\"https:\\\/\\\/www.mariposacartonera.com.br\\\/site\\\/\"},{\"@type\":\"ListItem\",\"position\":2,\"name\":\"PUBLIQUE SEU LIVRO\"}]},{\"@type\":\"WebSite\",\"@id\":\"https:\\\/\\\/www.mariposacartonera.com.br\\\/site\\\/#website\",\"url\":\"https:\\\/\\\/www.mariposacartonera.com.br\\\/site\\\/\",\"name\":\"Mariposa Cartonera\",\"description\":\"Site da editora Mariposa Cartonera\",\"publisher\":{\"@id\":\"https:\\\/\\\/www.mariposacartonera.com.br\\\/site\\\/#organization\"},\"potentialAction\":[{\"@type\":\"SearchAction\",\"target\":{\"@type\":\"EntryPoint\",\"urlTemplate\":\"https:\\\/\\\/www.mariposacartonera.com.br\\\/site\\\/?s={search_term_string}\"},\"query-input\":{\"@type\":\"PropertyValueSpecification\",\"valueRequired\":true,\"valueName\":\"search_term_string\"}}],\"inLanguage\":\"pt-BR\"},{\"@type\":\"Organization\",\"@id\":\"https:\\\/\\\/www.mariposacartonera.com.br\\\/site\\\/#organization\",\"name\":\"Mariposa Cartonera\",\"url\":\"https:\\\/\\\/www.mariposacartonera.com.br\\\/site\\\/\",\"logo\":{\"@type\":\"ImageObject\",\"inLanguage\":\"pt-BR\",\"@id\":\"https:\\\/\\\/www.mariposacartonera.com.br\\\/site\\\/#\\\/schema\\\/logo\\\/image\\\/\",\"url\":\"https:\\\/\\\/i0.wp.com\\\/www.mariposacartonera.com.br\\\/site\\\/wp-content\\\/uploads\\\/2014\\\/10\\\/MarcaMariposaVERD1.png?fit=150%2C80&ssl=1\",\"contentUrl\":\"https:\\\/\\\/i0.wp.com\\\/www.mariposacartonera.com.br\\\/site\\\/wp-content\\\/uploads\\\/2014\\\/10\\\/MarcaMariposaVERD1.png?fit=150%2C80&ssl=1\",\"width\":150,\"height\":80,\"caption\":\"Mariposa Cartonera\"},\"image\":{\"@id\":\"https:\\\/\\\/www.mariposacartonera.com.br\\\/site\\\/#\\\/schema\\\/logo\\\/image\\\/\"},\"sameAs\":[\"https:\\\/\\\/www.facebook.com\\\/mariposacartonera\",\"https:\\\/\\\/x.com\\\/MariCartonera\",\"https:\\\/\\\/instagram.com\\\/mariposacartonera\"]}]}<\/script>\n<!-- \/ Yoast SEO plugin. -->","yoast_head_json":{"title":"PUBLIQUE SEU LIVRO | Mariposa Cartonera","robots":{"index":"index","follow":"follow","max-snippet":"max-snippet:-1","max-image-preview":"max-image-preview:large","max-video-preview":"max-video-preview:-1"},"canonical":"https:\/\/www.mariposacartonera.com.br\/site\/publique-seu-livro\/","og_locale":"pt_BR","og_type":"article","og_title":"PUBLIQUE SEU LIVRO | Mariposa Cartonera","og_description":"[vc_row css_animation=&#8221;&#8221; row_type=&#8221;row&#8221; use_row_as_full_screen_section=&#8221;no&#8221; type=&#8221;grid&#8221; angled_section=&#8221;no&#8221; text_align=&#8221;left&#8221; background_image_as_pattern=&#8221;without_pattern&#8221; background_color=&#8221;#ffffff&#8221; padding_top=&#8221;87&#8243; padding_bottom=&#8221;15&#8243;][vc_column][vc_column_text] SOLICITE OR\u00c7AMENTO HOJE [\/vc_column_text][vc_separator type=&#8221;small&#8221; position=&#8221;center&#8221; up=&#8221;7&#8243; down=&#8221;38&#8243;][vc_column_text] Edi\u00e7\u00e3o artesanal de seu livro produzida sob medida pela Cartonera Aberta, nosso selo para autopoublica\u00e7\u00e3o. [\/vc_column_text][vc_separator type=&#8221;transparent&#8221; up=&#8221;68&#8243; down=&#8221;39&#8243;][qode_pricing_tables columns=&#8221;three_columns&#8221;][qode_pricing_table title=&#8221;B\u00e1sico&#8221; title_tag_standard=&#8221;&#8221; show_button=&#8221;yes&#8221; target=&#8221;_self&#8221; active=&#8221;no&#8221; price=&#8221;949&#8243;...","og_url":"https:\/\/www.mariposacartonera.com.br\/site\/publique-seu-livro\/","og_site_name":"Mariposa Cartonera","article_publisher":"https:\/\/www.facebook.com\/mariposacartonera","article_modified_time":"2020-09-22T14:31:32+00:00","twitter_card":"summary_large_image","twitter_site":"@MariCartonera","twitter_misc":{"Est. tempo de leitura":"2 minutos"},"schema":{"@context":"https:\/\/schema.org","@graph":[{"@type":"WebPage","@id":"https:\/\/www.mariposacartonera.com.br\/site\/publique-seu-livro\/","url":"https:\/\/www.mariposacartonera.com.br\/site\/publique-seu-livro\/","name":"PUBLIQUE SEU LIVRO | Mariposa Cartonera","isPartOf":{"@id":"https:\/\/www.mariposacartonera.com.br\/site\/#website"},"datePublished":"2014-03-25T08:33:37+00:00","dateModified":"2020-09-22T14:31:32+00:00","breadcrumb":{"@id":"https:\/\/www.mariposacartonera.com.br\/site\/publique-seu-livro\/#breadcrumb"},"inLanguage":"pt-BR","potentialAction":[{"@type":"ReadAction","target":["https:\/\/www.mariposacartonera.com.br\/site\/publique-seu-livro\/"]}]},{"@type":"BreadcrumbList","@id":"https:\/\/www.mariposacartonera.com.br\/site\/publique-seu-livro\/#breadcrumb","itemListElement":[{"@type":"ListItem","position":1,"name":"In\u00edcio","item":"https:\/\/www.mariposacartonera.com.br\/site\/"},{"@type":"ListItem","position":2,"name":"PUBLIQUE SEU LIVRO"}]},{"@type":"WebSite","@id":"https:\/\/www.mariposacartonera.com.br\/site\/#website","url":"https:\/\/www.mariposacartonera.com.br\/site\/","name":"Mariposa Cartonera","description":"Site da editora Mariposa Cartonera","publisher":{"@id":"https:\/\/www.mariposacartonera.com.br\/site\/#organization"},"potentialAction":[{"@type":"SearchAction","target":{"@type":"EntryPoint","urlTemplate":"https:\/\/www.mariposacartonera.com.br\/site\/?s={search_term_string}"},"query-input":{"@type":"PropertyValueSpecification","valueRequired":true,"valueName":"search_term_string"}}],"inLanguage":"pt-BR"},{"@type":"Organization","@id":"https:\/\/www.mariposacartonera.com.br\/site\/#organization","name":"Mariposa Cartonera","url":"https:\/\/www.mariposacartonera.com.br\/site\/","logo":{"@type":"ImageObject","inLanguage":"pt-BR","@id":"https:\/\/www.mariposacartonera.com.br\/site\/#\/schema\/logo\/image\/","url":"https:\/\/i0.wp.com\/www.mariposacartonera.com.br\/site\/wp-content\/uploads\/2014\/10\/MarcaMariposaVERD1.png?fit=150%2C80&ssl=1","contentUrl":"https:\/\/i0.wp.com\/www.mariposacartonera.com.br\/site\/wp-content\/uploads\/2014\/10\/MarcaMariposaVERD1.png?fit=150%2C80&ssl=1","width":150,"height":80,"caption":"Mariposa Cartonera"},"image":{"@id":"https:\/\/www.mariposacartonera.com.br\/site\/#\/schema\/logo\/image\/"},"sameAs":["https:\/\/www.facebook.com\/mariposacartonera","https:\/\/x.com\/MariCartonera","https:\/\/instagram.com\/mariposacartonera"]}]}},"jetpack-related-posts":[],"jetpack_sharing_enabled":true,"_links":{"self":[{"href":"https:\/\/www.mariposacartonera.com.br\/site\/wp-json\/wp\/v2\/pages\/13595","targetHints":{"allow":["GET"]}}],"collection":[{"href":"https:\/\/www.mariposacartonera.com.br\/site\/wp-json\/wp\/v2\/pages"}],"about":[{"href":"https:\/\/www.mariposacartonera.com.br\/site\/wp-json\/wp\/v2\/types\/page"}],"author":[{"embeddable":true,"href":"https:\/\/www.mariposacartonera.com.br\/site\/wp-json\/wp\/v2\/users\/262"}],"replies":[{"embeddable":true,"href":"https:\/\/www.mariposacartonera.com.br\/site\/wp-json\/wp\/v2\/comments?post=13595"}],"version-history":[{"count":0,"href":"https:\/\/www.mariposacartonera.com.br\/site\/wp-json\/wp\/v2\/pages\/13595\/revisions"}],"wp:attachment":[{"href":"https:\/\/www.mariposacartonera.com.br\/site\/wp-json\/wp\/v2\/media?parent=13595"}],"curies":[{"name":"wp","href":"https:\/\/api.w.org\/{rel}","templated":true}]}}